{"id":315,"date":"2025-04-18T17:56:01","date_gmt":"2025-04-18T15:56:01","guid":{"rendered":"https:\/\/www.eifeler-austria.com\/hu\/?page_id=315"},"modified":"2025-05-06T18:09:44","modified_gmt":"2025-05-06T16:09:44","slug":"black-coating","status":"publish","type":"page","link":"https:\/\/www.eifeler-austria.com\/hu\/dlc_bevonat\/black-coating\/","title":{"rendered":"BLACK.Coating"},"content":{"rendered":"\n<div class=\"wp-block-qubely-row alignfull qubely-section qubely-block-97b9f4\"><div class=\"qubely-row-overlay\"><\/div><div class=\"qubely-container-fluid\"><div class=\"qubely-row \">\n<div class=\"wp-block-qubely-column qubely-column qubely-column-front qubely-block-e47d55\"><div class=\"qubely-column-inner\"><\/div><\/div>\n\n\n\n<div class=\"wp-block-qubely-column qubely-column qubely-column-front qubely-block-cc35cf\"><div class=\"qubely-column-inner\">\n<div class=\"wp-block-qubely-text qubely-block-9649ec\"><div class=\"qubely-block-text  \"><div class=\"qubely-block-text-title-container  qubely-separator-position-top\"><div class=\"qubely-block-text-title-inner\"><h1 class=\"qubely-block-text-title\">BLACK.Coating by Eifeler Austria<span style=\"color: var(--paletteColor2, #006098);\" class=\"stk-highlight\">.<\/span><\/h1><\/div><\/div><p>Kop\u00e1sv\u00e9delem, h\u0151\u00e1ll\u00f3s\u00e1g, m\u00e9rs\u00e9kelt s\u00farl\u00f3d\u00e1s, megn\u00f6velt \u00e9lettartam. A t\u00e9nyek maguk\u00e9rt besz\u00e9lnek. Id\u0151nk\u00e9nt azonban a \u201ebels\u0151\u201d \u00e9rt\u00e9kek m\u00e9gsem elegend\u0151ek. BLACK.Coating by Eifeler Austria \u2013 amikor sz\u00e1m\u00edt a k\u00fcls\u0151: val\u00f3di fekete. <br> <\/p><\/div><\/div>\n\n\n\n<div class=\"wp-block-qubely-text qubely-block-b96fbc\"><div class=\"qubely-block-text  \"><div class=\"qubely-block-text-title-container  qubely-separator-position-top\"><div class=\"qubely-block-text-title-inner\"><h1 class=\"qubely-block-text-title\">BLACK.Coating by Eifeler Austria<span style=\"color: var(--paletteColor2, #006098);\" class=\"stk-highlight\">.<\/span><\/h1><\/div><\/div><p>Kop\u00e1sv\u00e9delem, h\u0151\u00e1ll\u00f3s\u00e1g, m\u00e9rs\u00e9kelt s\u00farl\u00f3d\u00e1s, megn\u00f6velt \u00e9lettartam. A t\u00e9nyek maguk\u00e9rt besz\u00e9lnek. Id\u0151nk\u00e9nt azonban a \u201ebels\u0151\u201d \u00e9rt\u00e9kek m\u00e9gsem elegend\u0151ek. BLACK.Coating by Eifeler Austria \u2013 amikor sz\u00e1m\u00edt a k\u00fcls\u0151: val\u00f3di fekete.<\/p><\/div><\/div>\n<\/div><\/div>\n\n\n\n<div class=\"wp-block-qubely-column qubely-column qubely-column-front qubely-block-327420\"><div class=\"qubely-column-inner\">\n<div class=\"wp-block-qubely-image qubely-block-0ae27c\"><div class=\"qubely-block-image  qubely-image-layout-simple\"><div class=\"qubely-image-media qubely-vertical-alignment-center qubely-horizontal-alignment-center\"><figure><div class=\"qubely-image-container\"><img decoding=\"async\" class=\"qubely-image-image\" src=\"https:\/\/www.eifeler-austria.com\/hu\/wp-content\/uploads\/sites\/3\/2025\/04\/black-bevonat-dlc-bevonat-eifeler-austria-hero.png\" srcset=\"https:\/\/www.eifeler-austria.com\/hu\/wp-content\/uploads\/sites\/3\/2025\/04\/black-bevonat-dlc-bevonat-eifeler-austria-hero.png 1x, https:\/\/www.eifeler-austria.com\/hu\/wp-content\/uploads\/sites\/3\/2025\/04\/black-bevonat-dlc-bevonat-eifeler-austria-hero@2x.png 2x\" alt=\"BLACK.Coating by Eifeler Austria - Cs\u00facstechnol\u00f3gi\u00e1s DLC-bevonatok\"\/><\/div><\/figure><\/div><\/div><\/div>\n<\/div><\/div>\n<\/div><\/div><\/div>\n\n\n\n<div class=\"wp-block-qubely-row qubely-section qubely-block-7113fa\"><div class=\"qubely-row-overlay\"><\/div><div class=\"qubely-container\"><div class=\"qubely-row \">\n<div class=\"wp-block-qubely-column qubely-column qubely-column-front qubely-block-c10a65\"><div class=\"qubely-column-inner\"><\/div><\/div>\n\n\n\n<div class=\"wp-block-qubely-column qubely-column qubely-column-front qubely-block-907a98\"><div class=\"qubely-column-inner\">\n<div class=\"wp-block-qubely-text qubely-block-a0f82f\"><div class=\"qubely-block-text  \"><div class=\"qubely-block-text-title-container  qubely-separator-position-top\"><div class=\"qubely-block-text-title-inner\"><h2 class=\"qubely-block-text-title\">Kifinomult megjelen\u00e9s.<\/h2><\/div><\/div><p>Nem mindennek kell aranynak lennie, ami f\u00e9nylik! A m\u00e9lyfekete sz\u00ednnek, a t\u00fck\u00f6rf\u00e9ny\u0171 megjelen\u00e9snek \u00e9s a DLC-bevonatok rendk\u00edv\u00fcl finom tapint\u00e1s\u00e1nak k\u00f6sz\u00f6nhet\u0151en kiv\u00e1l\u00f3an alkalmas dekorat\u00edv formatervez\u00e9si c\u00e9lokra is, pl. szem\u00fcvegkeretekhez vagy \u00f3raburkolatokhoz. Kit\u0171n\u0151 kop\u00e1s\u00e1ll\u00f3s\u00e1ga miatt rendeltet\u00e9sszer\u0171 haszn\u00e1lati felt\u00e9telek mellett nem tapasztalhat\u00f3 er\u00f3zi\u00f3. <br><br>Emellett az optikai szempontb\u00f3l kifinomult munkadarabok \u00e9s alkatr\u00e9szek term\u00e9szetesen az alkalmazott cs\u00facsteljes\u00edtm\u00e9ny\u0171 bevonat funkcion\u00e1lis el\u0151nyeib\u0151l is profit\u00e1lnak.<br> <\/p><\/div><\/div>\n<\/div><\/div>\n\n\n\n<div class=\"wp-block-qubely-column qubely-column qubely-column-front qubely-block-e48b51\"><div class=\"qubely-column-inner\"><\/div><\/div>\n<\/div><\/div><\/div>\n\n\n\n<div class=\"wp-block-qubely-wrapper alignfull qubely-block-034470\"><div class=\"qubely-block-wrapper-block \">\n<div class=\"wp-block-qubely-row alignfull qubely-section qubely-block-cc0039\"><div class=\"qubely-row-overlay\"><\/div><div class=\"qubely-container\"><div class=\"qubely-row \">\n<div class=\"wp-block-qubely-column qubely-column qubely-column-front qubely-block-fefe87\"><div class=\"qubely-column-inner\"><\/div><\/div>\n\n\n\n<div class=\"wp-block-qubely-column qubely-column qubely-column-front qubely-block-8d7416\"><div class=\"qubely-column-inner\">\n<div class=\"wp-block-qubely-text qubely-block-09598e\"><div class=\"qubely-block-text  \"><div class=\"qubely-block-text-title-container  qubely-separator-position-top\"><div class=\"qubely-block-text-title-inner\"><h3 class=\"qubely-block-text-title\">A BLACK.Coating leggyakoribb alkalmaz\u00e1si ter\u00fcletei<\/h3><\/div><\/div><p>A BLACK.Coating optikai szempontb\u00f3l t\u00f6k\u00e9letes\u00edti a l\u00e1that\u00f3 munkadarabokat \u00e9s alkatr\u00e9szeket. <\/p><\/div><\/div>\n<\/div><\/div>\n\n\n\n<div class=\"wp-block-qubely-column qubely-column qubely-column-front qubely-block-ab9438\"><div class=\"qubely-column-inner\"><\/div><\/div>\n<\/div><\/div><\/div>\n\n\n\n<div class=\"wp-block-qubely-row alignfull qubely-section qubely-block-875794\"><div class=\"qubely-row-overlay\"><\/div><div class=\"qubely-container\"><div class=\"qubely-row \">\n<div class=\"wp-block-qubely-column qubely-column qubely-column-front qubely-block-0a56c2\"><div class=\"qubely-column-inner\"><\/div><\/div>\n\n\n\n<div class=\"wp-block-qubely-column qubely-column qubely-column-front qubely-block-37b1fc\"><div class=\"qubely-column-inner\">\n<div class=\"wp-block-qubely-advancedlist qubely-block-2947b0\"><div class=\"qubely-block-advanced-list  qubely-alignment-left\"><ul class=\"qubely-list qubely-list-type-unordered qubely-list-bullet-square\"><li>Szem\u00fcvegkeretek<\/li><li>\u00d3raburkolatok<\/li><li>Oll\u00f3k<\/li><\/ul><\/div><\/div>\n<\/div><\/div>\n\n\n\n<div class=\"wp-block-qubely-column qubely-column qubely-column-front qubely-block-ca7aa8\"><div class=\"qubely-column-inner\">\n<div class=\"wp-block-qubely-advancedlist qubely-block-4c73f7\"><div class=\"qubely-block-advanced-list  qubely-alignment-left\"><ul class=\"qubely-list qubely-list-type-unordered qubely-list-bullet-square\"><li>K\u00e9sek<\/li><li>Munkadarabok \u00e9s alkatr\u00e9szek<\/li><li>K\u00fcl\u00f6nb\u00f6z\u0151 kisebb darabok<\/li><\/ul><\/div><\/div>\n<\/div><\/div>\n<\/div><\/div><\/div>\n<\/div><\/div>\n\n\n\n<div class=\"wp-block-qubely-row qubely-section qubely-block-98c884\"><div class=\"qubely-row-overlay\"><\/div><div class=\"qubely-container\"><div class=\"qubely-row \">\n<div class=\"wp-block-qubely-column qubely-column qubely-column-front qubely-block-a08522\"><div class=\"qubely-column-inner\"><\/div><\/div>\n\n\n\n<div class=\"wp-block-qubely-column qubely-column qubely-column-front qubely-block-6ec935\"><div class=\"qubely-column-inner\">\n<div class=\"wp-block-qubely-row qubely-section qubely-block-0d156f\"><div class=\"qubely-row-overlay\"><\/div><div class=\"qubely-container\"><div class=\"qubely-row \">\n<div class=\"wp-block-qubely-column qubely-column qubely-column-front qubely-block-d1af24\"><div class=\"qubely-column-inner\">\n<div class=\"wp-block-qubely-text qubely-block-8bd990\"><div class=\"qubely-block-text  \"><p>Melyik bevonat a legmegfelel\u0151bb? Sz\u00edvesen seg\u00edt\u00fcnk \u00d6nnek!  <\/p><\/div><\/div>\n<\/div><\/div>\n\n\n\n<div class=\"wp-block-qubely-column qubely-column qubely-column-front qubely-block-8f6c91\"><div class=\"qubely-column-inner\">\n<div class=\"wp-block-qubely-button qubely-block-1ed28c\"><div class=\"qubely-block-btn-wrapper \"><div class=\"qubely-block-btn\"><a class=\"qubely-block-btn-anchor is-large\" href=\"mailto:\/\/office@eifeler-austria.com\" target=\"_blank\" rel=\"noopener noreferrer\">Aj\u00e1nlatk\u00e9r\u00e9s<span style=\"color: var(--theme-palette-color-2, #006098);\" class=\"stk-highlight\">.<\/span><\/a><\/div><\/div><\/div>\n<\/div><\/div>\n<\/div><\/div><\/div>\n<\/div><\/div>\n\n\n\n<div class=\"wp-block-qubely-column qubely-column qubely-column-front qubely-block-6380a9\"><div class=\"qubely-column-inner\"><\/div><\/div>\n<\/div><\/div><\/div>\n\n\n\n<div class=\"wp-block-qubely-wrapper qubely-block-b4d312\"><div class=\"qubely-block-wrapper-block \">\n<div class=\"alignfull\"><div id=\"metaslider-id-276\" style=\"max-width: 1000px; margin: 0 auto;\" class=\"ml-slider-3-104-0 metaslider metaslider-flex metaslider-276 ml-slider ms-theme-default-base nav-hidden\" role=\"region\" aria-label=\"BLACK\" data-height=\"580\" data-width=\"1000\">\n    <div id=\"metaslider_container_276\">\n        <div id=\"metaslider_276\">\n            <ul class='slides'>\n                <li style=\"display: block; width: 100%;\" class=\"slide-280 ms-image \" aria-roledescription=\"slide\" data-date=\"2025-04-18 15:40:46\" data-filename=\"black-bevonat-eifeler-austria-dlc-bevonatok-5-932x541.jpg\" data-slide-type=\"image\"><img loading=\"lazy\" decoding=\"async\" src=\"https:\/\/www.eifeler-austria.com\/hu\/wp-content\/uploads\/sites\/3\/2025\/04\/black-bevonat-eifeler-austria-dlc-bevonatok-5-932x541.jpg\" height=\"580\" width=\"1000\" alt=\"1. fot\u00f3: BLACK.Coatings by Eifeler Austria \u2013 Nagy teljes\u00edtm\u00e9ny\u0171 DLC-bevonatok\" class=\"slider-276 slide-280 msDefaultImage\" title=\"black-bevonat-eifeler-austria-dlc-bevonatok-5\" \/><\/li>\n                <li style=\"display: none; width: 100%;\" class=\"slide-281 ms-image \" aria-roledescription=\"slide\" data-date=\"2025-04-18 15:40:46\" data-filename=\"black-bevonat-eifeler-austria-dlc-bevonatok-1-932x541.jpg\" data-slide-type=\"image\"><img loading=\"lazy\" decoding=\"async\" src=\"https:\/\/www.eifeler-austria.com\/hu\/wp-content\/uploads\/sites\/3\/2025\/04\/black-bevonat-eifeler-austria-dlc-bevonatok-1-932x541.jpg\" height=\"580\" width=\"1000\" alt=\"2. fot\u00f3: BLACK.Coatings by Eifeler Austria \u2013 Nagy teljes\u00edtm\u00e9ny\u0171 DLC-bevonatok\" class=\"slider-276 slide-281 msDefaultImage\" title=\"black-bevonat-eifeler-austria-dlc-bevonatok-1\" \/><\/li>\n                <li style=\"display: none; width: 100%;\" class=\"slide-279 ms-image \" aria-roledescription=\"slide\" data-date=\"2025-04-18 15:40:46\" data-filename=\"black-bevonat-eifeler-austria-dlc-bevonatok-6-932x541.jpg\" data-slide-type=\"image\"><img loading=\"lazy\" decoding=\"async\" src=\"https:\/\/www.eifeler-austria.com\/hu\/wp-content\/uploads\/sites\/3\/2025\/04\/black-bevonat-eifeler-austria-dlc-bevonatok-6-932x541.jpg\" height=\"580\" width=\"1000\" alt=\"3. fot\u00f3: BLACK.Coatings by Eifeler Austria \u2013 Nagy teljes\u00edtm\u00e9ny\u0171 DLC-bevonatok\" class=\"slider-276 slide-279 msDefaultImage\" title=\"black-bevonat-eifeler-austria-dlc-bevonatok-6\" \/><\/li>\n                <li style=\"display: none; width: 100%;\" class=\"slide-278 ms-image \" aria-roledescription=\"slide\" data-date=\"2025-04-18 15:40:46\" data-filename=\"black-bevonat-eifeler-austria-dlc-bevonatok-7-932x541.jpg\" data-slide-type=\"image\"><img loading=\"lazy\" decoding=\"async\" src=\"https:\/\/www.eifeler-austria.com\/hu\/wp-content\/uploads\/sites\/3\/2025\/04\/black-bevonat-eifeler-austria-dlc-bevonatok-7-932x541.jpg\" height=\"580\" width=\"1000\" alt=\"4. fot\u00f3: BLACK.Coatings by Eifeler Austria \u2013 Nagy teljes\u00edtm\u00e9ny\u0171 DLC-bevonatok\" class=\"slider-276 slide-278 msDefaultImage\" title=\"black-bevonat-eifeler-austria-dlc-bevonatok-7\" \/><\/li>\n                <li style=\"display: none; width: 100%;\" class=\"slide-277 ms-image \" aria-roledescription=\"slide\" data-date=\"2025-04-18 15:40:46\" data-filename=\"black-bevonat-eifeler-austria-dlc-bevonatok-8-932x541.jpg\" data-slide-type=\"image\"><img loading=\"lazy\" decoding=\"async\" src=\"https:\/\/www.eifeler-austria.com\/hu\/wp-content\/uploads\/sites\/3\/2025\/04\/black-bevonat-eifeler-austria-dlc-bevonatok-8-932x541.jpg\" height=\"580\" width=\"1000\" alt=\"5. fot\u00f3: BLACK.Coatings by Eifeler Austria \u2013 Nagy teljes\u00edtm\u00e9ny\u0171 DLC-bevonatok\" class=\"slider-276 slide-277 msDefaultImage\" title=\"black-bevonat-eifeler-austria-dlc-bevonatok-8\" \/><\/li>\n            <\/ul>\n        <\/div>\n        \n    <\/div>\n<\/div><\/div>\n<\/div><\/div>\n\n\n\n<div class=\"wp-block-qubely-row alignfull qubely-section qubely-block-7d00d1\"><div class=\"qubely-row-overlay\"><\/div><div class=\"qubely-container-fluid\"><div class=\"qubely-row \">\n<div class=\"wp-block-qubely-column qubely-column qubely-column-front qubely-block-c220c3\"><div class=\"qubely-column-inner\"><\/div><\/div>\n<\/div><\/div><\/div>\n","protected":false},"excerpt":{"rendered":"","protected":false},"author":7,"featured_media":0,"parent":218,"menu_order":0,"comment_status":"closed","ping_status":"closed","template":"","meta":{"qubely_global_settings":"","qubely_interactions":"","footnotes":""},"class_list":["post-315","page","type-page","status-publish","hentry"],"blocksy_meta":{"vertical_spacing_source":"custom","content_area_spacing":"none","styles_descriptor":{"styles":{"desktop":"","tablet":"","mobile":""},"google_fonts":[],"version":6}},"yoast_head":"<!-- This site is optimized with the Yoast SEO plugin v26.6 - https:\/\/yoast.com\/wordpress\/plugins\/seo\/ -->\n<title>BLACK.Coating | Eifeler cs\u00facstechnol\u00f3gi\u00e1s bevonatok<\/title>\n<meta name=\"description\" content=\"BLACK.coating by Eifeler Austria - mert n\u00e9ha minden a k\u00fcls\u0151s\u00e9gekr\u0151l sz\u00f3l: igaz\u00e1n sz\u00e9p \u00e9s fekete.\" \/>\n<meta name=\"robots\" content=\"index, follow, max-snippet:-1, max-image-preview:large, max-video-preview:-1\" \/>\n<link rel=\"canonical\" href=\"https:\/\/www.eifeler-austria.com\/hu\/dlc_bevonat\/black-coating\/\" \/>\n<meta property=\"og:locale\" content=\"de_DE\" \/>\n<meta property=\"og:type\" content=\"article\" \/>\n<meta property=\"og:title\" content=\"BLACK.Coating | Eifeler cs\u00facstechnol\u00f3gi\u00e1s bevonatok\" \/>\n<meta property=\"og:description\" content=\"BLACK.coating by Eifeler Austria - mert n\u00e9ha minden a k\u00fcls\u0151s\u00e9gekr\u0151l sz\u00f3l: igaz\u00e1n sz\u00e9p \u00e9s fekete.\" \/>\n<meta property=\"og:url\" content=\"https:\/\/www.eifeler-austria.com\/hu\/dlc_bevonat\/black-coating\/\" \/>\n<meta property=\"og:site_name\" content=\"Eifeler cs\u00facstechnol\u00f3gi\u00e1s bevonatok\" \/>\n<meta property=\"article:modified_time\" content=\"2025-05-06T16:09:44+00:00\" \/>\n<meta property=\"og:image\" content=\"https:\/\/www.eifeler-austria.com\/hu\/wp-content\/uploads\/sites\/3\/2025\/04\/black-bevonat-dlc-bevonat-eifeler-austria-hero.png\" \/>\n<meta name=\"twitter:card\" content=\"summary_large_image\" \/>\n<meta name=\"twitter:label1\" content=\"Gesch\u00e4tzte Lesezeit\" \/>\n\t<meta name=\"twitter:data1\" content=\"2\u00a0Minuten\" \/>\n<script type=\"application\/ld+json\" class=\"yoast-schema-graph\">{\"@context\":\"https:\/\/schema.org\",\"@graph\":[{\"@type\":\"WebPage\",\"@id\":\"https:\/\/www.eifeler-austria.com\/hu\/dlc_bevonat\/black-coating\/\",\"url\":\"https:\/\/www.eifeler-austria.com\/hu\/dlc_bevonat\/black-coating\/\",\"name\":\"BLACK.Coating | Eifeler cs\u00facstechnol\u00f3gi\u00e1s bevonatok\",\"isPartOf\":{\"@id\":\"https:\/\/www.eifeler-austria.com\/hu\/#website\"},\"primaryImageOfPage\":{\"@id\":\"https:\/\/www.eifeler-austria.com\/hu\/dlc_bevonat\/black-coating\/#primaryimage\"},\"image\":{\"@id\":\"https:\/\/www.eifeler-austria.com\/hu\/dlc_bevonat\/black-coating\/#primaryimage\"},\"thumbnailUrl\":\"https:\/\/www.eifeler-austria.com\/hu\/wp-content\/uploads\/sites\/3\/2025\/04\/black-bevonat-dlc-bevonat-eifeler-austria-hero.png\",\"datePublished\":\"2025-04-18T15:56:01+00:00\",\"dateModified\":\"2025-05-06T16:09:44+00:00\",\"description\":\"BLACK.coating by Eifeler Austria - mert n\u00e9ha minden a k\u00fcls\u0151s\u00e9gekr\u0151l sz\u00f3l: igaz\u00e1n sz\u00e9p \u00e9s fekete.\",\"breadcrumb\":{\"@id\":\"https:\/\/www.eifeler-austria.com\/hu\/dlc_bevonat\/black-coating\/#breadcrumb\"},\"inLanguage\":\"de\",\"potentialAction\":[{\"@type\":\"ReadAction\",\"target\":[\"https:\/\/www.eifeler-austria.com\/hu\/dlc_bevonat\/black-coating\/\"]}]},{\"@type\":\"ImageObject\",\"inLanguage\":\"de\",\"@id\":\"https:\/\/www.eifeler-austria.com\/hu\/dlc_bevonat\/black-coating\/#primaryimage\",\"url\":\"https:\/\/www.eifeler-austria.com\/hu\/wp-content\/uploads\/sites\/3\/2025\/04\/black-bevonat-dlc-bevonat-eifeler-austria-hero.png\",\"contentUrl\":\"https:\/\/www.eifeler-austria.com\/hu\/wp-content\/uploads\/sites\/3\/2025\/04\/black-bevonat-dlc-bevonat-eifeler-austria-hero.png\",\"width\":304,\"height\":300},{\"@type\":\"BreadcrumbList\",\"@id\":\"https:\/\/www.eifeler-austria.com\/hu\/dlc_bevonat\/black-coating\/#breadcrumb\",\"itemListElement\":[{\"@type\":\"ListItem\",\"position\":1,\"name\":\"Startseite\",\"item\":\"https:\/\/www.eifeler-austria.com\/hu\/\"},{\"@type\":\"ListItem\",\"position\":2,\"name\":\"DLC Schichtsysteme\",\"item\":\"https:\/\/www.eifeler-austria.com\/hu\/dlc_bevonat\/\"},{\"@type\":\"ListItem\",\"position\":3,\"name\":\"BLACK.Coating\"}]},{\"@type\":\"WebSite\",\"@id\":\"https:\/\/www.eifeler-austria.com\/hu\/#website\",\"url\":\"https:\/\/www.eifeler-austria.com\/hu\/\",\"name\":\"Eifeler cs\u00facstechnol\u00f3gi\u00e1s bevonatok\",\"description\":\"Cs\u00facstechnol\u00f3gi\u00e1s bevonatok\",\"publisher\":{\"@id\":\"https:\/\/www.eifeler-austria.com\/hu\/#organization\"},\"potentialAction\":[{\"@type\":\"SearchAction\",\"target\":{\"@type\":\"EntryPoint\",\"urlTemplate\":\"https:\/\/www.eifeler-austria.com\/hu\/?s={search_term_string}\"},\"query-input\":{\"@type\":\"PropertyValueSpecification\",\"valueRequired\":true,\"valueName\":\"search_term_string\"}}],\"inLanguage\":\"de\"},{\"@type\":\"Organization\",\"@id\":\"https:\/\/www.eifeler-austria.com\/hu\/#organization\",\"name\":\"Eifeler cs\u00facstechnol\u00f3gi\u00e1s bevonatok\",\"url\":\"https:\/\/www.eifeler-austria.com\/hu\/\",\"logo\":{\"@type\":\"ImageObject\",\"inLanguage\":\"de\",\"@id\":\"https:\/\/www.eifeler-austria.com\/hu\/#\/schema\/logo\/image\/\",\"url\":\"https:\/\/www.eifeler-austria.com\/hu\/wp-content\/uploads\/sites\/3\/2025\/04\/eifeler-csucstechnologias-bevonatok.svg\",\"contentUrl\":\"https:\/\/www.eifeler-austria.com\/hu\/wp-content\/uploads\/sites\/3\/2025\/04\/eifeler-csucstechnologias-bevonatok.svg\",\"width\":186,\"height\":30,\"caption\":\"Eifeler cs\u00facstechnol\u00f3gi\u00e1s bevonatok\"},\"image\":{\"@id\":\"https:\/\/www.eifeler-austria.com\/hu\/#\/schema\/logo\/image\/\"}}]}<\/script>\n<!-- \/ Yoast SEO plugin. -->","yoast_head_json":{"title":"BLACK.Coating | Eifeler cs\u00facstechnol\u00f3gi\u00e1s bevonatok","description":"BLACK.coating by Eifeler Austria - mert n\u00e9ha minden a k\u00fcls\u0151s\u00e9gekr\u0151l sz\u00f3l: igaz\u00e1n sz\u00e9p \u00e9s fekete.","robots":{"index":"index","follow":"follow","max-snippet":"max-snippet:-1","max-image-preview":"max-image-preview:large","max-video-preview":"max-video-preview:-1"},"canonical":"https:\/\/www.eifeler-austria.com\/hu\/dlc_bevonat\/black-coating\/","og_locale":"de_DE","og_type":"article","og_title":"BLACK.Coating | Eifeler cs\u00facstechnol\u00f3gi\u00e1s bevonatok","og_description":"BLACK.coating by Eifeler Austria - mert n\u00e9ha minden a k\u00fcls\u0151s\u00e9gekr\u0151l sz\u00f3l: igaz\u00e1n sz\u00e9p \u00e9s fekete.","og_url":"https:\/\/www.eifeler-austria.com\/hu\/dlc_bevonat\/black-coating\/","og_site_name":"Eifeler cs\u00facstechnol\u00f3gi\u00e1s bevonatok","article_modified_time":"2025-05-06T16:09:44+00:00","og_image":[{"url":"https:\/\/www.eifeler-austria.com\/hu\/wp-content\/uploads\/sites\/3\/2025\/04\/black-bevonat-dlc-bevonat-eifeler-austria-hero.png","type":"","width":"","height":""}],"twitter_card":"summary_large_image","twitter_misc":{"Gesch\u00e4tzte Lesezeit":"2\u00a0Minuten"},"schema":{"@context":"https:\/\/schema.org","@graph":[{"@type":"WebPage","@id":"https:\/\/www.eifeler-austria.com\/hu\/dlc_bevonat\/black-coating\/","url":"https:\/\/www.eifeler-austria.com\/hu\/dlc_bevonat\/black-coating\/","name":"BLACK.Coating | Eifeler cs\u00facstechnol\u00f3gi\u00e1s bevonatok","isPartOf":{"@id":"https:\/\/www.eifeler-austria.com\/hu\/#website"},"primaryImageOfPage":{"@id":"https:\/\/www.eifeler-austria.com\/hu\/dlc_bevonat\/black-coating\/#primaryimage"},"image":{"@id":"https:\/\/www.eifeler-austria.com\/hu\/dlc_bevonat\/black-coating\/#primaryimage"},"thumbnailUrl":"https:\/\/www.eifeler-austria.com\/hu\/wp-content\/uploads\/sites\/3\/2025\/04\/black-bevonat-dlc-bevonat-eifeler-austria-hero.png","datePublished":"2025-04-18T15:56:01+00:00","dateModified":"2025-05-06T16:09:44+00:00","description":"BLACK.coating by Eifeler Austria - mert n\u00e9ha minden a k\u00fcls\u0151s\u00e9gekr\u0151l sz\u00f3l: igaz\u00e1n sz\u00e9p \u00e9s fekete.","breadcrumb":{"@id":"https:\/\/www.eifeler-austria.com\/hu\/dlc_bevonat\/black-coating\/#breadcrumb"},"inLanguage":"de","potentialAction":[{"@type":"ReadAction","target":["https:\/\/www.eifeler-austria.com\/hu\/dlc_bevonat\/black-coating\/"]}]},{"@type":"ImageObject","inLanguage":"de","@id":"https:\/\/www.eifeler-austria.com\/hu\/dlc_bevonat\/black-coating\/#primaryimage","url":"https:\/\/www.eifeler-austria.com\/hu\/wp-content\/uploads\/sites\/3\/2025\/04\/black-bevonat-dlc-bevonat-eifeler-austria-hero.png","contentUrl":"https:\/\/www.eifeler-austria.com\/hu\/wp-content\/uploads\/sites\/3\/2025\/04\/black-bevonat-dlc-bevonat-eifeler-austria-hero.png","width":304,"height":300},{"@type":"BreadcrumbList","@id":"https:\/\/www.eifeler-austria.com\/hu\/dlc_bevonat\/black-coating\/#breadcrumb","itemListElement":[{"@type":"ListItem","position":1,"name":"Startseite","item":"https:\/\/www.eifeler-austria.com\/hu\/"},{"@type":"ListItem","position":2,"name":"DLC Schichtsysteme","item":"https:\/\/www.eifeler-austria.com\/hu\/dlc_bevonat\/"},{"@type":"ListItem","position":3,"name":"BLACK.Coating"}]},{"@type":"WebSite","@id":"https:\/\/www.eifeler-austria.com\/hu\/#website","url":"https:\/\/www.eifeler-austria.com\/hu\/","name":"Eifeler cs\u00facstechnol\u00f3gi\u00e1s bevonatok","description":"Cs\u00facstechnol\u00f3gi\u00e1s bevonatok","publisher":{"@id":"https:\/\/www.eifeler-austria.com\/hu\/#organization"},"potentialAction":[{"@type":"SearchAction","target":{"@type":"EntryPoint","urlTemplate":"https:\/\/www.eifeler-austria.com\/hu\/?s={search_term_string}"},"query-input":{"@type":"PropertyValueSpecification","valueRequired":true,"valueName":"search_term_string"}}],"inLanguage":"de"},{"@type":"Organization","@id":"https:\/\/www.eifeler-austria.com\/hu\/#organization","name":"Eifeler cs\u00facstechnol\u00f3gi\u00e1s bevonatok","url":"https:\/\/www.eifeler-austria.com\/hu\/","logo":{"@type":"ImageObject","inLanguage":"de","@id":"https:\/\/www.eifeler-austria.com\/hu\/#\/schema\/logo\/image\/","url":"https:\/\/www.eifeler-austria.com\/hu\/wp-content\/uploads\/sites\/3\/2025\/04\/eifeler-csucstechnologias-bevonatok.svg","contentUrl":"https:\/\/www.eifeler-austria.com\/hu\/wp-content\/uploads\/sites\/3\/2025\/04\/eifeler-csucstechnologias-bevonatok.svg","width":186,"height":30,"caption":"Eifeler cs\u00facstechnol\u00f3gi\u00e1s bevonatok"},"image":{"@id":"https:\/\/www.eifeler-austria.com\/hu\/#\/schema\/logo\/image\/"}}]}},"_links":{"self":[{"href":"https:\/\/www.eifeler-austria.com\/hu\/wp-json\/wp\/v2\/pages\/315","targetHints":{"allow":["GET"]}}],"collection":[{"href":"https:\/\/www.eifeler-austria.com\/hu\/wp-json\/wp\/v2\/pages"}],"about":[{"href":"https:\/\/www.eifeler-austria.com\/hu\/wp-json\/wp\/v2\/types\/page"}],"author":[{"embeddable":true,"href":"https:\/\/www.eifeler-austria.com\/hu\/wp-json\/wp\/v2\/users\/7"}],"replies":[{"embeddable":true,"href":"https:\/\/www.eifeler-austria.com\/hu\/wp-json\/wp\/v2\/comments?post=315"}],"version-history":[{"count":2,"href":"https:\/\/www.eifeler-austria.com\/hu\/wp-json\/wp\/v2\/pages\/315\/revisions"}],"predecessor-version":[{"id":563,"href":"https:\/\/www.eifeler-austria.com\/hu\/wp-json\/wp\/v2\/pages\/315\/revisions\/563"}],"up":[{"embeddable":true,"href":"https:\/\/www.eifeler-austria.com\/hu\/wp-json\/wp\/v2\/pages\/218"}],"wp:attachment":[{"href":"https:\/\/www.eifeler-austria.com\/hu\/wp-json\/wp\/v2\/media?parent=315"}],"curies":[{"name":"wp","href":"https:\/\/api.w.org\/{rel}","templated":true}]}}