{"id":323,"date":"2025-04-18T18:25:06","date_gmt":"2025-04-18T16:25:06","guid":{"rendered":"https:\/\/www.eifeler-austria.com\/hu\/?page_id=323"},"modified":"2025-05-06T15:13:45","modified_gmt":"2025-05-06T13:13:45","slug":"tanacsadas-bevonatolas-ujrabevonatolas","status":"publish","type":"page","link":"https:\/\/www.eifeler-austria.com\/hu\/tanacsadas-bevonatolas-ujrabevonatolas\/","title":{"rendered":"Beratung"},"content":{"rendered":"\n<div class=\"wp-block-qubely-wrapper alignfull qubely-block-effeaa\"><div class=\"qubely-block-wrapper-block \">\n<div class=\"wp-block-qubely-row alignfull qubely-section qubely-block-376d6c\"><div class=\"qubely-row-overlay\"><\/div><div class=\"qubely-container-fluid\"><div class=\"qubely-row \">\n<div class=\"wp-block-qubely-column qubely-column qubely-column-front qubely-block-b93b9e\"><div class=\"qubely-column-inner\"><\/div><\/div>\n\n\n\n<div class=\"wp-block-qubely-column qubely-column qubely-column-front qubely-block-796d1a\"><div class=\"qubely-column-inner\">\n<div class=\"wp-block-qubely-text qubely-block-3ea4f9\"><div class=\"qubely-block-text  \"><div class=\"qubely-block-text-title-container  qubely-separator-position-top\"><div class=\"qubely-block-text-title-inner\"><h1 class=\"qubely-block-text-title\"><span style=\"color: var(--theme-palette-color-8, #ffffff);\" class=\"stk-highlight\">Szem\u00e9lyes tan\u00e1csad\u00e1ssal<\/span><span style=\"color: var(--theme-palette-color-2, #006098);\" class=\"stk-highlight\">.<\/span><\/h1><\/div><\/div><p><span style=\"color: var(--theme-palette-color-8, #ffffff);\" class=\"stk-highlight\">Annak \u00e9rdek\u00e9ben, hogy mindig az \u00d6n alkalmaz\u00e1si ter\u00fclet\u00e9hez \u00e9s specifikus felt\u00e9teleihez legjobban illeszked\u0151 bevonatmegold\u00e1st k\u00edn\u00e1lhassuk, teljes m\u00e9rt\u00e9kben a szakszer\u0171 tan\u00e1csad\u00e1sra t\u00e1maszkodunk. <\/span><\/p><\/div><\/div>\n<\/div><\/div>\n\n\n\n<div class=\"wp-block-qubely-column qubely-column qubely-column-front qubely-block-0e9e23\"><div class=\"qubely-column-inner\"><\/div><\/div>\n<\/div><\/div><\/div>\n<\/div><\/div>\n\n\n\n<div class=\"wp-block-qubely-wrapper alignfull qubely-block-e65ed1\"><div class=\"qubely-block-wrapper-block \">\n<div class=\"wp-block-qubely-row alignfull qubely-section qubely-block-3260ba\"><div class=\"qubely-row-overlay\"><\/div><div class=\"qubely-container-fluid\"><div class=\"qubely-row \">\n<div class=\"wp-block-qubely-column qubely-column qubely-column-front qubely-block-d66928\"><div class=\"qubely-column-inner\"><\/div><\/div>\n\n\n\n<div class=\"wp-block-qubely-column qubely-column qubely-column-front qubely-block-f6422a\"><div class=\"qubely-column-inner\">\n<div class=\"wp-block-qubely-text qubely-block-9f4901\"><div class=\"qubely-block-text  \"><div class=\"qubely-block-text-title-container  qubely-separator-position-top\"><div class=\"qubely-block-text-title-inner\"><h1 class=\"qubely-block-text-title\"><span style=\"color: var(--theme-palette-color-8, #ffffff);\" class=\"stk-highlight\">Szem\u00e9lyes tan\u00e1csad\u00e1ssal<\/span><span style=\"color: var(--theme-palette-color-2, #006098);\" class=\"stk-highlight\">.<\/span><\/h1><\/div><\/div><p><span style=\"color: var(--theme-palette-color-8, #ffffff);\" class=\"stk-highlight\">Annak \u00e9rdek\u00e9ben, hogy mindig az \u00d6n alkalmaz\u00e1si ter\u00fclet\u00e9hez \u00e9s specifikus felt\u00e9teleihez legjobban illeszked\u0151 bevonatmegold\u00e1st k\u00edn\u00e1lhassuk, teljes m\u00e9rt\u00e9kben a szakszer\u0171 tan\u00e1csad\u00e1sra t\u00e1maszkodunk.<\/span><\/p><\/div><\/div>\n<\/div><\/div>\n\n\n\n<div class=\"wp-block-qubely-column qubely-column qubely-column-front qubely-block-020494\"><div class=\"qubely-column-inner\"><\/div><\/div>\n<\/div><\/div><\/div>\n<\/div><\/div>\n\n\n\n<div class=\"wp-block-qubely-row alignfull qubely-section qubely-block-af860e\"><div class=\"qubely-row-overlay\"><\/div><div class=\"qubely-container-fluid\"><div class=\"qubely-row \">\n<div class=\"wp-block-qubely-column qubely-column qubely-column-front qubely-block-e3a85e\"><div class=\"qubely-column-inner\"><\/div><\/div>\n\n\n\n<div class=\"wp-block-qubely-column qubely-column qubely-column-front qubely-block-990932\"><div class=\"qubely-column-inner\">\n<div class=\"wp-block-qubely-heading qubely-block-4b3bd3\" id=\"2-hightech-beschichtungen--\"><div class=\"qubely-block-heading  \"><div class=\"qubely-heading-container\"><h2 class=\"qubely-heading-selector\">Bevonatol\u00e1s? \u00dajrabevonatol\u00e1s? Tan\u00e1csad\u00e1s!<\/h2><\/div><\/div><\/div>\n\n\n\n<div class=\"wp-block-qubely-text qubely-block-ad711c\"><div class=\"qubely-block-text  \"><p>Legyen sz\u00f3 speci\u00e1lis bevonatol\u00e1si k\u00e9rd\u00e9sekr\u0151l vagy \u00fajrabevonatol\u00e1sr\u00f3l \u2013 csapatunk rengeteg szakemberrel rendelkezik, ugyanakkor kompakt \u00e9s t\u00f6k\u00e9letesen szervezett: \u00edgy az \u00d6n kapcsolattart\u00f3ja mindig t\u00e1j\u00e9kozott, \u00e9s gyorsan, b\u00fcrokr\u00e1ciamentesen tud reag\u00e1lni.<\/p><\/div><\/div>\n\n\n\n<div class=\"wp-block-qubely-heading qubely-block-ca7178\" id=\"2-hightech-beschichtungen--\"><div class=\"qubely-block-heading  \"><div class=\"qubely-heading-container\"><h3 class=\"qubely-heading-selector\">Mindig kompetens kapcsolattart\u00f3<\/h3><\/div><\/div><\/div>\n\n\n\n<div class=\"wp-block-qubely-text qubely-block-2c1b2c\"><div class=\"qubely-block-text  \"><p>\u00dcgyfeleinket, legyenek technol\u00f3gusok vagy karbantart\u00f3k, tan\u00e1csokkal l\u00e1tjuk el a k\u00f6vetelm\u00e9nyeiknek legink\u00e1bb megfelel\u0151 bevonat kiv\u00e1laszt\u00e1s\u00e1ban, bev\u00e1lt standard portf\u00f3li\u00f3nkb\u00f3l. A bevonataink azonban  semmik\u00e9ppen sem \u201estandardok\u201d, hanem m\u0171szakilag \u00e9s min\u0151s\u00e9gileg cs\u00facsmin\u0151s\u00e9g\u0171ek, \u00edgy kiv\u00e1l\u00f3an alkalmasak az alkalmaz\u00e1sorient\u00e1lt szersz\u00e1moptimaliz\u00e1l\u00e1sra speci\u00e1lis felhaszn\u00e1l\u00e1si esetek \u00e9s folyamatalkalmaz\u00e1sok eset\u00e9n. <br><br>Ezenk\u00edv\u00fcl egyedi, \u00fcgyf\u00e9lspecifikus bevonatokat vagy m\u00e1r az \u00faj fejleszt\u00e9sek korai szakasz\u00e1ban val\u00f3 akt\u00edv r\u00e9szv\u00e9telt is tudunk k\u00edn\u00e1lni. <a title=\"E-mail \u00edr\u00e1sa az Eifeler Plasma Beschichtungs GmbH r\u00e9sz\u00e9re\" href=\"mailto:\/\/office@eifeler-austria.com\" target=\"_blank\" rel=\"noopener noreferrer\">L\u00e9pjen kapcsolatba<\/a> vel\u00fcnk egyszer\u0171en!<\/p><\/div><\/div>\n\n\n\n<div class=\"wp-block-qubely-heading qubely-block-b83171\" id=\"2-hightech-beschichtungen--\"><div class=\"qubely-block-heading  \"><div class=\"qubely-heading-container\"><h4 class=\"qubely-heading-selector\">\u00dajrabevonatol\u00e1s: a r\u00e9gib\u0151l \u00faj lesz!<\/h4><\/div><\/div><\/div>\n\n\n\n<div class=\"wp-block-qubely-text qubely-block-85521e\"><div class=\"qubely-block-text  \"><p>Mivel az eg\u00e9sz \u00fajrabevonatol\u00e1si folyamat minden munkaf\u00e1zis\u00e1t, a bevonat elt\u00e1vol\u00edt\u00e1s\u00e1t\u00f3l a tiszt\u00edt\u00e1son \u00e1t a bevonatol\u00e1sig \u00e9s kondicion\u00e1l\u00e1sig, h\u00e1zon bel\u00fcl tudjuk elv\u00e9gezni, sz\u00edvesen adunk tan\u00e1csot a karbantart\u00f3knak a m\u00e1r gy\u00e1rt\u00e1si folyamatban l\u00e9v\u0151 szersz\u00e1mok professzion\u00e1lis fel\u00faj\u00edt\u00e1s\u00e1nak minden lehet\u0151s\u00e9g\u00e9r\u0151l. Az \u00fajrabevonatol\u00e1s sor\u00e1n elt\u00e1vol\u00edtjuk a m\u00e1r bevont szersz\u00e1mok bevonat\u00e1t, \u00e9s egy kiv\u00e1l\u00f3 min\u0151s\u00e9g\u0171, \u00faj Eifeler-bevonattal l\u00e1tjuk el \u0151ket.<br>Az \u00fajrabevonatol\u00e1s sz\u00e1munkra nemcsak a szersz\u00e1mok fel\u00faj\u00edt\u00e1s\u00e1t jelenti, hanem egy\u00fattal az eg\u00e9sz karbantart\u00e1si folyamat optimaliz\u00e1l\u00e1s\u00e1t is. Seg\u00edt\u00fcnk a karbantart\u00e1si folyamat\u00e1ban az\u00e1ltal, hogy gondoskodunk a szersz\u00e1mai elsz\u00e1ll\u00edt\u00e1s\u00e1r\u00f3l, fel\u00faj\u00edt\u00e1s\u00e1r\u00f3l \u00e9s visszasz\u00e1ll\u00edt\u00e1s\u00e1r\u00f3l, \u00edgy id\u0151t \u00e9s er\u0151forr\u00e1sokat takar\u00edt meg.<\/p><\/div><\/div>\n<\/div><\/div>\n\n\n\n<div class=\"wp-block-qubely-column qubely-column qubely-column-front qubely-block-fea30e\"><div class=\"qubely-column-inner\"><\/div><\/div>\n<\/div><\/div><\/div>\n\n\n\n<div class=\"wp-block-qubely-row qubely-section qubely-block-1bf61e\"><div class=\"qubely-row-overlay\"><\/div><div class=\"qubely-container\"><div class=\"qubely-row \">\n<div class=\"wp-block-qubely-column qubely-column qubely-column-front qubely-block-e91745\"><div class=\"qubely-column-inner\"><\/div><\/div>\n\n\n\n<div class=\"wp-block-qubely-column qubely-column qubely-column-front qubely-block-b2ef2e\"><div class=\"qubely-column-inner\">\n<div class=\"wp-block-qubely-row qubely-section qubely-block-f6e12b\"><div class=\"qubely-row-overlay\"><\/div><div class=\"qubely-container\"><div class=\"qubely-row \">\n<div class=\"wp-block-qubely-column qubely-column qubely-column-front qubely-block-6a87a2\"><div class=\"qubely-column-inner\">\n<div class=\"wp-block-qubely-text qubely-block-4c4c29\"><div class=\"qubely-block-text  \"><p>K\u00e9rd\u00e9se van a bevonatol\u00e1ssal vagy az \u00fajrabevonatol\u00e1ssal kapcsolatban? Sz\u00edvesen seg\u00edt\u00fcnk \u00d6nnek!  <\/p><\/div><\/div>\n<\/div><\/div>\n\n\n\n<div class=\"wp-block-qubely-column qubely-column qubely-column-front qubely-block-961e1f\"><div class=\"qubely-column-inner\">\n<div class=\"wp-block-qubely-button qubely-block-c313ea\"><div class=\"qubely-block-btn-wrapper \"><div class=\"qubely-block-btn\"><a class=\"qubely-block-btn-anchor is-large\" href=\"mailto:\/\/office@eifeler-austria.com\" target=\"_blank\" rel=\"noopener noreferrer\">Aj\u00e1nlatk\u00e9r\u00e9s<span style=\"color: var(--theme-palette-color-2, #006098);\" class=\"stk-highlight\">.<\/span><\/a><\/div><\/div><\/div>\n<\/div><\/div>\n<\/div><\/div><\/div>\n<\/div><\/div>\n\n\n\n<div class=\"wp-block-qubely-column qubely-column qubely-column-front qubely-block-f3e631\"><div class=\"qubely-column-inner\"><\/div><\/div>\n<\/div><\/div><\/div>\n","protected":false},"excerpt":{"rendered":"","protected":false},"author":7,"featured_media":0,"parent":0,"menu_order":0,"comment_status":"closed","ping_status":"closed","template":"","meta":{"qubely_global_settings":"","qubely_interactions":"","footnotes":""},"class_list":["post-323","page","type-page","status-publish","hentry"],"blocksy_meta":{"vertical_spacing_source":"custom","content_area_spacing":"none","styles_descriptor":{"styles":{"desktop":"","tablet":"","mobile":""},"google_fonts":[],"version":6}},"yoast_head":"<!-- This site is optimized with the Yoast SEO plugin v26.6 - https:\/\/yoast.com\/wordpress\/plugins\/seo\/ -->\n<title>Tan\u00e1csad\u00e1s \u2013 a bevonatol\u00e1st\u00f3l az \u00fajrabevonatol\u00e1sig | Eifeler cs\u00facstechnol\u00f3gi\u00e1s bevonatok<\/title>\n<meta name=\"description\" content=\"Legyen sz\u00f3 technol\u00f3gusokr\u00f3l vagy karbantart\u00f3kr\u00f3l, bevonatol\u00e1sr\u00f3l vagy \u00fajrabevonatol\u00e1sr\u00f3l \u2013 kompetens kapcsolattart\u00f3ink a megfelel\u0151 bevonatr\u00f3l tartanak kiv\u00e1l\u00f3 tan\u00e1csad\u00e1st.\" \/>\n<meta name=\"robots\" content=\"index, follow, max-snippet:-1, max-image-preview:large, max-video-preview:-1\" \/>\n<link rel=\"canonical\" href=\"https:\/\/www.eifeler-austria.com\/hu\/tanacsadas-bevonatolas-ujrabevonatolas\/\" \/>\n<meta property=\"og:locale\" content=\"de_DE\" \/>\n<meta property=\"og:type\" content=\"article\" \/>\n<meta property=\"og:title\" content=\"Tan\u00e1csad\u00e1s \u2013 a bevonatol\u00e1st\u00f3l az \u00fajrabevonatol\u00e1sig | Eifeler cs\u00facstechnol\u00f3gi\u00e1s bevonatok\" \/>\n<meta property=\"og:description\" content=\"Legyen sz\u00f3 technol\u00f3gusokr\u00f3l vagy karbantart\u00f3kr\u00f3l, bevonatol\u00e1sr\u00f3l vagy \u00fajrabevonatol\u00e1sr\u00f3l \u2013 kompetens kapcsolattart\u00f3ink a megfelel\u0151 bevonatr\u00f3l tartanak kiv\u00e1l\u00f3 tan\u00e1csad\u00e1st.\" \/>\n<meta property=\"og:url\" content=\"https:\/\/www.eifeler-austria.com\/hu\/tanacsadas-bevonatolas-ujrabevonatolas\/\" \/>\n<meta property=\"og:site_name\" content=\"Eifeler cs\u00facstechnol\u00f3gi\u00e1s bevonatok\" \/>\n<meta property=\"article:modified_time\" content=\"2025-05-06T13:13:45+00:00\" \/>\n<meta name=\"twitter:card\" content=\"summary_large_image\" \/>\n<meta name=\"twitter:label1\" content=\"Gesch\u00e4tzte Lesezeit\" \/>\n\t<meta name=\"twitter:data1\" content=\"2\u00a0Minuten\" \/>\n<script type=\"application\/ld+json\" class=\"yoast-schema-graph\">{\"@context\":\"https:\/\/schema.org\",\"@graph\":[{\"@type\":\"WebPage\",\"@id\":\"https:\/\/www.eifeler-austria.com\/hu\/tanacsadas-bevonatolas-ujrabevonatolas\/\",\"url\":\"https:\/\/www.eifeler-austria.com\/hu\/tanacsadas-bevonatolas-ujrabevonatolas\/\",\"name\":\"Tan\u00e1csad\u00e1s \u2013 a bevonatol\u00e1st\u00f3l az \u00fajrabevonatol\u00e1sig | Eifeler cs\u00facstechnol\u00f3gi\u00e1s bevonatok\",\"isPartOf\":{\"@id\":\"https:\/\/www.eifeler-austria.com\/hu\/#website\"},\"datePublished\":\"2025-04-18T16:25:06+00:00\",\"dateModified\":\"2025-05-06T13:13:45+00:00\",\"description\":\"Legyen sz\u00f3 technol\u00f3gusokr\u00f3l vagy karbantart\u00f3kr\u00f3l, bevonatol\u00e1sr\u00f3l vagy \u00fajrabevonatol\u00e1sr\u00f3l \u2013 kompetens kapcsolattart\u00f3ink a megfelel\u0151 bevonatr\u00f3l tartanak kiv\u00e1l\u00f3 tan\u00e1csad\u00e1st.\",\"breadcrumb\":{\"@id\":\"https:\/\/www.eifeler-austria.com\/hu\/tanacsadas-bevonatolas-ujrabevonatolas\/#breadcrumb\"},\"inLanguage\":\"de\",\"potentialAction\":[{\"@type\":\"ReadAction\",\"target\":[\"https:\/\/www.eifeler-austria.com\/hu\/tanacsadas-bevonatolas-ujrabevonatolas\/\"]}]},{\"@type\":\"BreadcrumbList\",\"@id\":\"https:\/\/www.eifeler-austria.com\/hu\/tanacsadas-bevonatolas-ujrabevonatolas\/#breadcrumb\",\"itemListElement\":[{\"@type\":\"ListItem\",\"position\":1,\"name\":\"Startseite\",\"item\":\"https:\/\/www.eifeler-austria.com\/hu\/\"},{\"@type\":\"ListItem\",\"position\":2,\"name\":\"Beratung\"}]},{\"@type\":\"WebSite\",\"@id\":\"https:\/\/www.eifeler-austria.com\/hu\/#website\",\"url\":\"https:\/\/www.eifeler-austria.com\/hu\/\",\"name\":\"Eifeler cs\u00facstechnol\u00f3gi\u00e1s bevonatok\",\"description\":\"Cs\u00facstechnol\u00f3gi\u00e1s bevonatok\",\"publisher\":{\"@id\":\"https:\/\/www.eifeler-austria.com\/hu\/#organization\"},\"potentialAction\":[{\"@type\":\"SearchAction\",\"target\":{\"@type\":\"EntryPoint\",\"urlTemplate\":\"https:\/\/www.eifeler-austria.com\/hu\/?s={search_term_string}\"},\"query-input\":{\"@type\":\"PropertyValueSpecification\",\"valueRequired\":true,\"valueName\":\"search_term_string\"}}],\"inLanguage\":\"de\"},{\"@type\":\"Organization\",\"@id\":\"https:\/\/www.eifeler-austria.com\/hu\/#organization\",\"name\":\"Eifeler cs\u00facstechnol\u00f3gi\u00e1s bevonatok\",\"url\":\"https:\/\/www.eifeler-austria.com\/hu\/\",\"logo\":{\"@type\":\"ImageObject\",\"inLanguage\":\"de\",\"@id\":\"https:\/\/www.eifeler-austria.com\/hu\/#\/schema\/logo\/image\/\",\"url\":\"https:\/\/www.eifeler-austria.com\/hu\/wp-content\/uploads\/sites\/3\/2025\/04\/eifeler-csucstechnologias-bevonatok.svg\",\"contentUrl\":\"https:\/\/www.eifeler-austria.com\/hu\/wp-content\/uploads\/sites\/3\/2025\/04\/eifeler-csucstechnologias-bevonatok.svg\",\"width\":186,\"height\":30,\"caption\":\"Eifeler cs\u00facstechnol\u00f3gi\u00e1s bevonatok\"},\"image\":{\"@id\":\"https:\/\/www.eifeler-austria.com\/hu\/#\/schema\/logo\/image\/\"}}]}<\/script>\n<!-- \/ Yoast SEO plugin. -->","yoast_head_json":{"title":"Tan\u00e1csad\u00e1s \u2013 a bevonatol\u00e1st\u00f3l az \u00fajrabevonatol\u00e1sig | Eifeler cs\u00facstechnol\u00f3gi\u00e1s bevonatok","description":"Legyen sz\u00f3 technol\u00f3gusokr\u00f3l vagy karbantart\u00f3kr\u00f3l, bevonatol\u00e1sr\u00f3l vagy \u00fajrabevonatol\u00e1sr\u00f3l \u2013 kompetens kapcsolattart\u00f3ink a megfelel\u0151 bevonatr\u00f3l tartanak kiv\u00e1l\u00f3 tan\u00e1csad\u00e1st.","robots":{"index":"index","follow":"follow","max-snippet":"max-snippet:-1","max-image-preview":"max-image-preview:large","max-video-preview":"max-video-preview:-1"},"canonical":"https:\/\/www.eifeler-austria.com\/hu\/tanacsadas-bevonatolas-ujrabevonatolas\/","og_locale":"de_DE","og_type":"article","og_title":"Tan\u00e1csad\u00e1s \u2013 a bevonatol\u00e1st\u00f3l az \u00fajrabevonatol\u00e1sig | Eifeler cs\u00facstechnol\u00f3gi\u00e1s bevonatok","og_description":"Legyen sz\u00f3 technol\u00f3gusokr\u00f3l vagy karbantart\u00f3kr\u00f3l, bevonatol\u00e1sr\u00f3l vagy \u00fajrabevonatol\u00e1sr\u00f3l \u2013 kompetens kapcsolattart\u00f3ink a megfelel\u0151 bevonatr\u00f3l tartanak kiv\u00e1l\u00f3 tan\u00e1csad\u00e1st.","og_url":"https:\/\/www.eifeler-austria.com\/hu\/tanacsadas-bevonatolas-ujrabevonatolas\/","og_site_name":"Eifeler cs\u00facstechnol\u00f3gi\u00e1s bevonatok","article_modified_time":"2025-05-06T13:13:45+00:00","twitter_card":"summary_large_image","twitter_misc":{"Gesch\u00e4tzte Lesezeit":"2\u00a0Minuten"},"schema":{"@context":"https:\/\/schema.org","@graph":[{"@type":"WebPage","@id":"https:\/\/www.eifeler-austria.com\/hu\/tanacsadas-bevonatolas-ujrabevonatolas\/","url":"https:\/\/www.eifeler-austria.com\/hu\/tanacsadas-bevonatolas-ujrabevonatolas\/","name":"Tan\u00e1csad\u00e1s \u2013 a bevonatol\u00e1st\u00f3l az \u00fajrabevonatol\u00e1sig | Eifeler cs\u00facstechnol\u00f3gi\u00e1s bevonatok","isPartOf":{"@id":"https:\/\/www.eifeler-austria.com\/hu\/#website"},"datePublished":"2025-04-18T16:25:06+00:00","dateModified":"2025-05-06T13:13:45+00:00","description":"Legyen sz\u00f3 technol\u00f3gusokr\u00f3l vagy karbantart\u00f3kr\u00f3l, bevonatol\u00e1sr\u00f3l vagy \u00fajrabevonatol\u00e1sr\u00f3l \u2013 kompetens kapcsolattart\u00f3ink a megfelel\u0151 bevonatr\u00f3l tartanak kiv\u00e1l\u00f3 tan\u00e1csad\u00e1st.","breadcrumb":{"@id":"https:\/\/www.eifeler-austria.com\/hu\/tanacsadas-bevonatolas-ujrabevonatolas\/#breadcrumb"},"inLanguage":"de","potentialAction":[{"@type":"ReadAction","target":["https:\/\/www.eifeler-austria.com\/hu\/tanacsadas-bevonatolas-ujrabevonatolas\/"]}]},{"@type":"BreadcrumbList","@id":"https:\/\/www.eifeler-austria.com\/hu\/tanacsadas-bevonatolas-ujrabevonatolas\/#breadcrumb","itemListElement":[{"@type":"ListItem","position":1,"name":"Startseite","item":"https:\/\/www.eifeler-austria.com\/hu\/"},{"@type":"ListItem","position":2,"name":"Beratung"}]},{"@type":"WebSite","@id":"https:\/\/www.eifeler-austria.com\/hu\/#website","url":"https:\/\/www.eifeler-austria.com\/hu\/","name":"Eifeler cs\u00facstechnol\u00f3gi\u00e1s bevonatok","description":"Cs\u00facstechnol\u00f3gi\u00e1s bevonatok","publisher":{"@id":"https:\/\/www.eifeler-austria.com\/hu\/#organization"},"potentialAction":[{"@type":"SearchAction","target":{"@type":"EntryPoint","urlTemplate":"https:\/\/www.eifeler-austria.com\/hu\/?s={search_term_string}"},"query-input":{"@type":"PropertyValueSpecification","valueRequired":true,"valueName":"search_term_string"}}],"inLanguage":"de"},{"@type":"Organization","@id":"https:\/\/www.eifeler-austria.com\/hu\/#organization","name":"Eifeler cs\u00facstechnol\u00f3gi\u00e1s bevonatok","url":"https:\/\/www.eifeler-austria.com\/hu\/","logo":{"@type":"ImageObject","inLanguage":"de","@id":"https:\/\/www.eifeler-austria.com\/hu\/#\/schema\/logo\/image\/","url":"https:\/\/www.eifeler-austria.com\/hu\/wp-content\/uploads\/sites\/3\/2025\/04\/eifeler-csucstechnologias-bevonatok.svg","contentUrl":"https:\/\/www.eifeler-austria.com\/hu\/wp-content\/uploads\/sites\/3\/2025\/04\/eifeler-csucstechnologias-bevonatok.svg","width":186,"height":30,"caption":"Eifeler cs\u00facstechnol\u00f3gi\u00e1s bevonatok"},"image":{"@id":"https:\/\/www.eifeler-austria.com\/hu\/#\/schema\/logo\/image\/"}}]}},"_links":{"self":[{"href":"https:\/\/www.eifeler-austria.com\/hu\/wp-json\/wp\/v2\/pages\/323","targetHints":{"allow":["GET"]}}],"collection":[{"href":"https:\/\/www.eifeler-austria.com\/hu\/wp-json\/wp\/v2\/pages"}],"about":[{"href":"https:\/\/www.eifeler-austria.com\/hu\/wp-json\/wp\/v2\/types\/page"}],"author":[{"embeddable":true,"href":"https:\/\/www.eifeler-austria.com\/hu\/wp-json\/wp\/v2\/users\/7"}],"replies":[{"embeddable":true,"href":"https:\/\/www.eifeler-austria.com\/hu\/wp-json\/wp\/v2\/comments?post=323"}],"version-history":[{"count":2,"href":"https:\/\/www.eifeler-austria.com\/hu\/wp-json\/wp\/v2\/pages\/323\/revisions"}],"predecessor-version":[{"id":505,"href":"https:\/\/www.eifeler-austria.com\/hu\/wp-json\/wp\/v2\/pages\/323\/revisions\/505"}],"wp:attachment":[{"href":"https:\/\/www.eifeler-austria.com\/hu\/wp-json\/wp\/v2\/media?parent=323"}],"curies":[{"name":"wp","href":"https:\/\/api.w.org\/{rel}","templated":true}]}}