{"id":327,"date":"2025-04-18T18:38:52","date_gmt":"2025-04-18T16:38:52","guid":{"rendered":"https:\/\/www.eifeler-austria.com\/hu\/?page_id=327"},"modified":"2025-05-06T16:34:05","modified_gmt":"2025-05-06T14:34:05","slug":"polirozas","status":"publish","type":"page","link":"https:\/\/www.eifeler-austria.com\/hu\/polirozas\/","title":{"rendered":"Polieren"},"content":{"rendered":"\n<div class=\"wp-block-qubely-wrapper alignfull qubely-block-54ac0e\"><div class=\"qubely-block-wrapper-block \">\n<div class=\"wp-block-qubely-row alignfull qubely-section qubely-block-a5d332\"><div class=\"qubely-row-overlay\"><\/div><div class=\"qubely-container-fluid\"><div class=\"qubely-row \">\n<div class=\"wp-block-qubely-column qubely-column qubely-column-front qubely-block-81432c\"><div class=\"qubely-column-inner\"><\/div><\/div>\n\n\n\n<div class=\"wp-block-qubely-column qubely-column qubely-column-front qubely-block-41ef6b\"><div class=\"qubely-column-inner\">\n<div class=\"wp-block-qubely-text qubely-block-9d28b7\"><div class=\"qubely-block-text  \"><div class=\"qubely-block-text-title-container  qubely-separator-position-top\"><div class=\"qubely-block-text-title-inner\"><h1 class=\"qubely-block-text-title\"><span class=\"stk-highlight\" style=\"color: var(--theme-palette-color-8, #ffffff);\">T\u00f6k\u00e9letes felk\u00e9sz\u00edt\u00e9s pol\u00edroz\u00e1ssal<\/span><span class=\"stk-highlight\" style=\"color: var(--theme-palette-color-2, #006098);\">.<\/span><\/h1><\/div><\/div><p><span class=\"stk-highlight\" style=\"color: var(--theme-palette-color-8, #ffffff);\">Ez val\u00f3j\u00e1ban nagyon egyszer\u0171: a pol\u00edrozott fel\u00fcletek nagyon j\u00f3l bevonhat\u00f3k. A maxim\u00e1lis teljes\u00edtm\u00e9ny \u00e9s a magasf\u00e9ny\u0171 megjelen\u00e9s \u00e9rdek\u00e9ben az alapanyagot a bevonatol\u00e1s el\u0151tt optim\u00e1lisan pol\u00edroz\u00e1ssal k\u00e9sz\u00edtj\u00fck el\u0151. Term\u00e9szetesen a leg\u00fajabb technol\u00f3gi\u00e1k alkalmaz\u00e1s\u00e1val. <\/span><\/p><\/div><\/div>\n<\/div><\/div>\n\n\n\n<div class=\"wp-block-qubely-column qubely-column qubely-column-front qubely-block-5c31a2\"><div class=\"qubely-column-inner\"><\/div><\/div>\n<\/div><\/div><\/div>\n<\/div><\/div>\n\n\n\n<div class=\"wp-block-qubely-wrapper alignfull qubely-block-066876\"><div class=\"qubely-block-wrapper-block \">\n<div class=\"wp-block-qubely-row alignfull qubely-section qubely-block-a6f97a\"><div class=\"qubely-row-overlay\"><\/div><div class=\"qubely-container-fluid\"><div class=\"qubely-row \">\n<div class=\"wp-block-qubely-column qubely-column qubely-column-front qubely-block-56a144\"><div class=\"qubely-column-inner\"><\/div><\/div>\n\n\n\n<div class=\"wp-block-qubely-column qubely-column qubely-column-front qubely-block-124c40\"><div class=\"qubely-column-inner\">\n<div class=\"wp-block-qubely-text qubely-block-9e2823\"><div class=\"qubely-block-text  \"><div class=\"qubely-block-text-title-container  qubely-separator-position-top\"><div class=\"qubely-block-text-title-inner\"><h1 class=\"qubely-block-text-title\"><span class=\"stk-highlight\" style=\"color: var(--theme-palette-color-8, #ffffff);\">T\u00f6k\u00e9letes felk\u00e9sz\u00edt\u00e9s pol\u00edroz\u00e1ssal<\/span><span class=\"stk-highlight\" style=\"color: var(--theme-palette-color-2, #006098);\">.<\/span><\/h1><\/div><\/div><p><span class=\"stk-highlight\" style=\"color: var(--theme-palette-color-8, #ffffff);\">Ez val\u00f3j\u00e1ban nagyon egyszer\u0171: a pol\u00edrozott fel\u00fcletek nagyon j\u00f3l bevonhat\u00f3k. A maxim\u00e1lis teljes\u00edtm\u00e9ny \u00e9s a magasf\u00e9ny\u0171 megjelen\u00e9s \u00e9rdek\u00e9ben az alapanyagot a bevonatol\u00e1s el\u0151tt optim\u00e1lisan pol\u00edroz\u00e1ssal k\u00e9sz\u00edtj\u00fck el\u0151. Term\u00e9szetesen a leg\u00fajabb technol\u00f3gi\u00e1k alkalmaz\u00e1s\u00e1val. <\/span><\/p><\/div><\/div>\n<\/div><\/div>\n\n\n\n<div class=\"wp-block-qubely-column qubely-column qubely-column-front qubely-block-175b87\"><div class=\"qubely-column-inner\"><\/div><\/div>\n<\/div><\/div><\/div>\n<\/div><\/div>\n\n\n\n<div class=\"wp-block-qubely-row alignfull qubely-section qubely-block-242aa1\"><div class=\"qubely-row-overlay\"><\/div><div class=\"qubely-container-fluid\"><div class=\"qubely-row \">\n<div class=\"wp-block-qubely-column qubely-column qubely-column-front qubely-block-ab5dc8\"><div class=\"qubely-column-inner\"><\/div><\/div>\n\n\n\n<div class=\"wp-block-qubely-column qubely-column qubely-column-front qubely-block-bf3eaf\"><div class=\"qubely-column-inner\">\n<div class=\"wp-block-qubely-heading qubely-block-70319e\" id=\"2-hightech-beschichtungen--\"><div class=\"qubely-block-heading  \"><div class=\"qubely-heading-container\"><h2 class=\"qubely-heading-selector\">A kiv\u00e1l\u00f3 fel\u00fcleti min\u0151s\u00e9g\u00e9rt.<\/h2><\/div><\/div><\/div>\n\n\n\n<div class=\"wp-block-qubely-text qubely-block-195965\"><div class=\"qubely-block-text  \"><p>A fel\u00fcletek a pol\u00edroz\u00e1s r\u00e9v\u00e9n sim\u00e1bb\u00e1 \u00e9s egyenletesebb\u00e9 v\u00e1lnak. Az egyenetlens\u00e9gek m\u00e9rs\u00e9kl\u0151dnek \u00e9s a fel\u00fcleti min\u0151s\u00e9g javul. Hogy pontosan milyen fel\u00fcleti min\u0151s\u00e9g optim\u00e1lis p\u00e9ld\u00e1ul egy szersz\u00e1mhoz, az sz\u00e1mos t\u00e9nyez\u0151t\u0151l f\u00fcgg, mint p\u00e9ld\u00e1ul a funkci\u00f3ja vagy az anyagok, amelyeken haszn\u00e1lj\u00e1k. P\u00e9ld\u00e1ul az alak\u00edt\u00f3 szersz\u00e1mokhoz az Rz &lt; 2 \u00b5m \u00e9rdess\u00e9g aj\u00e1nlott. A Ra 0,4 \u00b5m \u00e9s 0,1 \u00b5m k\u00f6z\u00f6tti k\u00f6zepes \u00e9rdess\u00e9g \u00e9rt\u00e9kek kiv\u00e1l\u00f3 min\u0151s\u00e9g\u0171nek sz\u00e1m\u00edtanak, de prec\u00edzi\u00f3s szersz\u00e1mok eset\u00e9ben ak\u00e1r Ra 0,01 \u00b5m-ig terjed\u0151 fel\u00fcleti min\u0151s\u00e9g is sz\u00fcks\u00e9ges lehet.  <\/p><\/div><\/div>\n<\/div><\/div>\n\n\n\n<div class=\"wp-block-qubely-column qubely-column qubely-column-front qubely-block-90e9a7\"><div class=\"qubely-column-inner\"><\/div><\/div>\n<\/div><\/div><\/div>\n\n\n\n<div class=\"wp-block-qubely-row alignfull qubely-section qubely-block-dc1a99\"><div class=\"qubely-row-overlay\"><\/div><div class=\"qubely-container-fluid\"><div class=\"qubely-row \">\n<div class=\"wp-block-qubely-column qubely-column qubely-column-front qubely-block-cc1bb1\"><div class=\"qubely-column-inner\"><\/div><\/div>\n\n\n\n<div class=\"wp-block-qubely-column qubely-column qubely-column-front qubely-block-3993a8\"><div class=\"qubely-column-inner\">\n<div class=\"wp-block-qubely-heading qubely-block-ba71b7\" id=\"2-hightech-beschichtungen--\"><div class=\"qubely-block-heading  \"><div class=\"qubely-heading-container\"><h3 class=\"qubely-heading-selector\">\u00c9rdess\u00e9gm\u00e9r\u00e9s pol\u00edroz\u00e1s ut\u00e1n<\/h3><\/div><\/div><\/div>\n\n\n\n<div class=\"wp-block-qubely-text qubely-block-2e123e\"><div class=\"qubely-block-text  \"><p>Sz\u00e1munkra semmi sem fontosabb, mint a folyamatosan kiv\u00e1l\u00f3 eredm\u00e9nyek. Ez\u00e9rt a bevont munkadarabok min\u0151s\u00e9gellen\u0151rz\u00e9s\u00e9hez olyan param\u00e9tereket m\u00e9r\u00fcnk, mint p\u00e9ld\u00e1ul a v\u00e1g\u00f3\u00e9l el\u0151k\u00e9sz\u00edt\u00e9se. A pol\u00edroz\u00e1s ut\u00e1n a fel\u00fcleti min\u0151s\u00e9get is \u00e9rdess\u00e9gm\u00e9r\u00e9ssel elemezz\u00fck.<\/p><\/div><\/div>\n<\/div><\/div>\n\n\n\n<div class=\"wp-block-qubely-column qubely-column qubely-column-front qubely-block-22813d\"><div class=\"qubely-column-inner\"><\/div><\/div>\n<\/div><\/div><\/div>\n\n\n\n<div class=\"wp-block-qubely-wrapper alignfull qubely-block-10256f\"><div class=\"qubely-block-wrapper-block \">\n<div class=\"wp-block-qubely-row alignfull qubely-section qubely-block-4cdacb\"><div class=\"qubely-row-overlay\"><\/div><div class=\"qubely-container\"><div class=\"qubely-row \">\n<div class=\"wp-block-qubely-column qubely-column qubely-column-front qubely-block-ac2469\"><div class=\"qubely-column-inner\"><\/div><\/div>\n\n\n\n<div class=\"wp-block-qubely-column qubely-column qubely-column-front qubely-block-a0e5b5\"><div class=\"qubely-column-inner\">\n<div class=\"wp-block-qubely-text qubely-block-a882ad\"><div class=\"qubely-block-text  \"><div class=\"qubely-block-text-title-container  qubely-separator-position-top\"><div class=\"qubely-block-text-title-inner\"><h3 class=\"qubely-block-text-title\">A fel\u00fcletpol\u00edroz\u00e1s el\u0151nyei<\/h3><\/div><\/div><p><\/p><\/div><\/div>\n<\/div><\/div>\n\n\n\n<div class=\"wp-block-qubely-column qubely-column qubely-column-front qubely-block-935792\"><div class=\"qubely-column-inner\"><\/div><\/div>\n<\/div><\/div><\/div>\n\n\n\n<div class=\"wp-block-qubely-row alignfull qubely-section qubely-block-591058\"><div class=\"qubely-row-overlay\"><\/div><div class=\"qubely-container\"><div class=\"qubely-row \">\n<div class=\"wp-block-qubely-column qubely-column qubely-column-front qubely-block-697439\"><div class=\"qubely-column-inner\"><\/div><\/div>\n\n\n\n<div class=\"wp-block-qubely-column qubely-column qubely-column-front qubely-block-57d830\"><div class=\"qubely-column-inner\">\n<div class=\"wp-block-qubely-advancedlist qubely-block-c4d350\"><div class=\"qubely-block-advanced-list  qubely-alignment-left\"><ul class=\"qubely-list qubely-list-type-unordered qubely-list-bullet-square\"><li>sim\u00e1bb fel\u00fclet<\/li><li>cs\u00f6kkentett s\u00farl\u00f3d\u00e1s<\/li><li>kevesebb kop\u00e1s<\/li><li>cs\u00f6kkentett anyagtapad\u00e1s<\/li><li>jobb szersz\u00e1mteljes\u00edtm\u00e9ny<\/li><\/ul><\/div><\/div>\n<\/div><\/div>\n\n\n\n<div class=\"wp-block-qubely-column qubely-column qubely-column-front qubely-block-438377\"><div class=\"qubely-column-inner\">\n<div class=\"wp-block-qubely-advancedlist qubely-block-973bfd\"><div class=\"qubely-block-advanced-list  qubely-alignment-left\"><ul class=\"qubely-list qubely-list-type-unordered qubely-list-bullet-square\"><li>nagyobb szersz\u00e1mpontoss\u00e1g<\/li><li>hosszabb szersz\u00e1m\u00e9lettartam<\/li><li>magasabb min\u0151s\u00e9g az el\u0151\u00e1ll\u00edtott munkadarabokn\u00e1l<\/li><li>kifinomult megjelen\u00e9s\n<\/li><\/ul><\/div><\/div>\n<\/div><\/div>\n<\/div><\/div><\/div>\n<\/div><\/div>\n\n\n\n<div class=\"wp-block-qubely-row alignfull qubely-section qubely-block-99f835\"><div class=\"qubely-row-overlay\"><\/div><div class=\"qubely-container-fluid\"><div class=\"qubely-row \">\n<div class=\"wp-block-qubely-column qubely-column qubely-column-front qubely-block-96fd48\"><div class=\"qubely-column-inner\"><\/div><\/div>\n\n\n\n<div class=\"wp-block-qubely-column qubely-column qubely-column-front qubely-block-e3ebd7\"><div class=\"qubely-column-inner\">\n<div class=\"wp-block-qubely-heading qubely-block-3cb87a\" id=\"2-hightech-beschichtungen--\"><div class=\"qubely-block-heading  \"><div class=\"qubely-heading-container\"><h4 class=\"qubely-heading-selector\">Jobb egy\u00fctt: <br>alak\u00edt\u00f3 szersz\u00e1mok \u00e9s t\u00fck\u00f6r pol\u00edroz\u00e1s <\/h4><\/div><\/div><\/div>\n\n\n\n<div class=\"wp-block-qubely-text qubely-block-462a78\"><div class=\"qubely-block-text  \"><p>A t\u00fck\u00f6r pol\u00edroz\u00e1s t\u00f6bbek k\u00f6z\u00f6tt az alum\u00ednium form\u00e1k, extrud\u00e1l\u00f3 szersz\u00e1mok \u00e9s fr\u00f6ccs\u00f6nt\u0151 form\u00e1k eset\u00e9ben relev\u00e1ns. A lemezform\u00e1z\u00e1s sor\u00e1n a t\u00fck\u00f6r pol\u00edroz\u00e1s d\u00f6nt\u0151 fontoss\u00e1g\u00fa, hogy a s\u00farl\u00f3d\u00e1si egy\u00fctthat\u00f3t a lehet\u0151 legalacsonyabban tartsuk. A pol\u00edrozott fel\u00fcletek jelent\u0151sen cs\u00f6kkentik az anyagtapad\u00e1s kock\u00e1zat\u00e1t. Ezenk\u00edv\u00fcl a bevezet\u0151 \u00edvek sim\u00e1bbak lesznek. Az anyag jobban cs\u00faszik, \u00e9s k\u00f6nnyebben k\u00e9nyszer\u00edthet\u0151 a form\u00e1ba vagy a form\u00e1n kereszt\u00fcl. \u00cdgy kevesebb s\u00farl\u00f3d\u00e1s keletkezik \u2013 \u00e9s kevesebb kop\u00e1s! \u00d6sszegz\u00e9s: Min\u00e9l sim\u00e1bb a pol\u00edroz\u00e1s, ann\u00e1l jobban m\u0171k\u00f6dik a szersz\u00e1m!  <\/p><\/div><\/div>\n<\/div><\/div>\n\n\n\n<div class=\"wp-block-qubely-column qubely-column qubely-column-front qubely-block-3f0bab\"><div class=\"qubely-column-inner\"><\/div><\/div>\n<\/div><\/div><\/div>\n\n\n\n<div class=\"wp-block-qubely-row qubely-section qubely-block-d9adf1\"><div class=\"qubely-row-overlay\"><\/div><div class=\"qubely-container\"><div class=\"qubely-row \">\n<div class=\"wp-block-qubely-column qubely-column qubely-column-front qubely-block-b7169b\"><div class=\"qubely-column-inner\"><\/div><\/div>\n\n\n\n<div class=\"wp-block-qubely-column qubely-column qubely-column-front qubely-block-e4fe59\"><div class=\"qubely-column-inner\">\n<div class=\"wp-block-qubely-row qubely-section qubely-block-85b80b\"><div class=\"qubely-row-overlay\"><\/div><div class=\"qubely-container\"><div class=\"qubely-row \">\n<div class=\"wp-block-qubely-column qubely-column qubely-column-front qubely-block-a87d1a\"><div class=\"qubely-column-inner\">\n<div class=\"wp-block-qubely-text qubely-block-d3c208\"><div class=\"qubely-block-text  \"><p>K\u00e9rd\u00e9sek a pol\u00edroz\u00e1ssal kapcsolatban? Sz\u00edvesen seg\u00edt\u00fcnk \u00d6nnek!  <\/p><\/div><\/div>\n<\/div><\/div>\n\n\n\n<div class=\"wp-block-qubely-column qubely-column qubely-column-front qubely-block-9b8a0b\"><div class=\"qubely-column-inner\">\n<div class=\"wp-block-qubely-button qubely-block-a6b780\"><div class=\"qubely-block-btn-wrapper \"><div class=\"qubely-block-btn\"><a class=\"qubely-block-btn-anchor is-large\" href=\"mailto:\/\/office@eifeler-austria.com\" target=\"_blank\" rel=\"noopener noreferrer\">Aj\u00e1nlatk\u00e9r\u00e9s<span style=\"color: var(--theme-palette-color-2, #006098);\" class=\"stk-highlight\">.<\/span><\/a><\/div><\/div><\/div>\n<\/div><\/div>\n<\/div><\/div><\/div>\n<\/div><\/div>\n\n\n\n<div class=\"wp-block-qubely-column qubely-column qubely-column-front qubely-block-f314d9\"><div class=\"qubely-column-inner\"><\/div><\/div>\n<\/div><\/div><\/div>\n","protected":false},"excerpt":{"rendered":"","protected":false},"author":7,"featured_media":0,"parent":0,"menu_order":0,"comment_status":"closed","ping_status":"closed","template":"","meta":{"qubely_global_settings":"","qubely_interactions":"","footnotes":""},"class_list":["post-327","page","type-page","status-publish","hentry"],"blocksy_meta":{"vertical_spacing_source":"custom","content_area_spacing":"none","styles_descriptor":{"styles":{"desktop":"","tablet":"","mobile":""},"google_fonts":[],"version":6}},"yoast_head":"<!-- This site is optimized with the Yoast SEO plugin v26.6 - https:\/\/yoast.com\/wordpress\/plugins\/seo\/ -->\n<title>T\u00f6k\u00e9letes felk\u00e9sz\u00edt\u00e9s pol\u00edroz\u00e1ssal | Eifeler cs\u00facstechnol\u00f3gi\u00e1s bevonatok<\/title>\n<meta name=\"description\" content=\"A maxim\u00e1lis teljes\u00edtm\u00e9ny \u00e9s a magasf\u00e9ny\u0171 megjelen\u00e9s \u00e9rdek\u00e9ben az alapanyagot a bevonatol\u00e1s el\u0151tt optim\u00e1lisan pol\u00edroz\u00e1ssal k\u00e9sz\u00edtj\u00fck el\u0151.\" \/>\n<meta name=\"robots\" content=\"index, follow, max-snippet:-1, max-image-preview:large, max-video-preview:-1\" \/>\n<link rel=\"canonical\" href=\"https:\/\/www.eifeler-austria.com\/hu\/polirozas\/\" \/>\n<meta property=\"og:locale\" content=\"de_DE\" \/>\n<meta property=\"og:type\" content=\"article\" \/>\n<meta property=\"og:title\" content=\"T\u00f6k\u00e9letes felk\u00e9sz\u00edt\u00e9s pol\u00edroz\u00e1ssal | Eifeler cs\u00facstechnol\u00f3gi\u00e1s bevonatok\" \/>\n<meta property=\"og:description\" content=\"A maxim\u00e1lis teljes\u00edtm\u00e9ny \u00e9s a magasf\u00e9ny\u0171 megjelen\u00e9s \u00e9rdek\u00e9ben az alapanyagot a bevonatol\u00e1s el\u0151tt optim\u00e1lisan pol\u00edroz\u00e1ssal k\u00e9sz\u00edtj\u00fck el\u0151.\" \/>\n<meta property=\"og:url\" content=\"https:\/\/www.eifeler-austria.com\/hu\/polirozas\/\" \/>\n<meta property=\"og:site_name\" content=\"Eifeler cs\u00facstechnol\u00f3gi\u00e1s bevonatok\" \/>\n<meta property=\"article:modified_time\" content=\"2025-05-06T14:34:05+00:00\" \/>\n<meta name=\"twitter:card\" content=\"summary_large_image\" \/>\n<meta name=\"twitter:label1\" content=\"Gesch\u00e4tzte Lesezeit\" \/>\n\t<meta name=\"twitter:data1\" content=\"2\u00a0Minuten\" \/>\n<script type=\"application\/ld+json\" class=\"yoast-schema-graph\">{\"@context\":\"https:\/\/schema.org\",\"@graph\":[{\"@type\":\"WebPage\",\"@id\":\"https:\/\/www.eifeler-austria.com\/hu\/polirozas\/\",\"url\":\"https:\/\/www.eifeler-austria.com\/hu\/polirozas\/\",\"name\":\"T\u00f6k\u00e9letes felk\u00e9sz\u00edt\u00e9s pol\u00edroz\u00e1ssal | Eifeler cs\u00facstechnol\u00f3gi\u00e1s bevonatok\",\"isPartOf\":{\"@id\":\"https:\/\/www.eifeler-austria.com\/hu\/#website\"},\"datePublished\":\"2025-04-18T16:38:52+00:00\",\"dateModified\":\"2025-05-06T14:34:05+00:00\",\"description\":\"A maxim\u00e1lis teljes\u00edtm\u00e9ny \u00e9s a magasf\u00e9ny\u0171 megjelen\u00e9s \u00e9rdek\u00e9ben az alapanyagot a bevonatol\u00e1s el\u0151tt optim\u00e1lisan pol\u00edroz\u00e1ssal k\u00e9sz\u00edtj\u00fck el\u0151.\",\"breadcrumb\":{\"@id\":\"https:\/\/www.eifeler-austria.com\/hu\/polirozas\/#breadcrumb\"},\"inLanguage\":\"de\",\"potentialAction\":[{\"@type\":\"ReadAction\",\"target\":[\"https:\/\/www.eifeler-austria.com\/hu\/polirozas\/\"]}]},{\"@type\":\"BreadcrumbList\",\"@id\":\"https:\/\/www.eifeler-austria.com\/hu\/polirozas\/#breadcrumb\",\"itemListElement\":[{\"@type\":\"ListItem\",\"position\":1,\"name\":\"Startseite\",\"item\":\"https:\/\/www.eifeler-austria.com\/hu\/\"},{\"@type\":\"ListItem\",\"position\":2,\"name\":\"Polieren\"}]},{\"@type\":\"WebSite\",\"@id\":\"https:\/\/www.eifeler-austria.com\/hu\/#website\",\"url\":\"https:\/\/www.eifeler-austria.com\/hu\/\",\"name\":\"Eifeler cs\u00facstechnol\u00f3gi\u00e1s bevonatok\",\"description\":\"Cs\u00facstechnol\u00f3gi\u00e1s bevonatok\",\"publisher\":{\"@id\":\"https:\/\/www.eifeler-austria.com\/hu\/#organization\"},\"potentialAction\":[{\"@type\":\"SearchAction\",\"target\":{\"@type\":\"EntryPoint\",\"urlTemplate\":\"https:\/\/www.eifeler-austria.com\/hu\/?s={search_term_string}\"},\"query-input\":{\"@type\":\"PropertyValueSpecification\",\"valueRequired\":true,\"valueName\":\"search_term_string\"}}],\"inLanguage\":\"de\"},{\"@type\":\"Organization\",\"@id\":\"https:\/\/www.eifeler-austria.com\/hu\/#organization\",\"name\":\"Eifeler cs\u00facstechnol\u00f3gi\u00e1s bevonatok\",\"url\":\"https:\/\/www.eifeler-austria.com\/hu\/\",\"logo\":{\"@type\":\"ImageObject\",\"inLanguage\":\"de\",\"@id\":\"https:\/\/www.eifeler-austria.com\/hu\/#\/schema\/logo\/image\/\",\"url\":\"https:\/\/www.eifeler-austria.com\/hu\/wp-content\/uploads\/sites\/3\/2025\/04\/eifeler-csucstechnologias-bevonatok.svg\",\"contentUrl\":\"https:\/\/www.eifeler-austria.com\/hu\/wp-content\/uploads\/sites\/3\/2025\/04\/eifeler-csucstechnologias-bevonatok.svg\",\"width\":186,\"height\":30,\"caption\":\"Eifeler cs\u00facstechnol\u00f3gi\u00e1s bevonatok\"},\"image\":{\"@id\":\"https:\/\/www.eifeler-austria.com\/hu\/#\/schema\/logo\/image\/\"}}]}<\/script>\n<!-- \/ Yoast SEO plugin. -->","yoast_head_json":{"title":"T\u00f6k\u00e9letes felk\u00e9sz\u00edt\u00e9s pol\u00edroz\u00e1ssal | Eifeler cs\u00facstechnol\u00f3gi\u00e1s bevonatok","description":"A maxim\u00e1lis teljes\u00edtm\u00e9ny \u00e9s a magasf\u00e9ny\u0171 megjelen\u00e9s \u00e9rdek\u00e9ben az alapanyagot a bevonatol\u00e1s el\u0151tt optim\u00e1lisan pol\u00edroz\u00e1ssal k\u00e9sz\u00edtj\u00fck el\u0151.","robots":{"index":"index","follow":"follow","max-snippet":"max-snippet:-1","max-image-preview":"max-image-preview:large","max-video-preview":"max-video-preview:-1"},"canonical":"https:\/\/www.eifeler-austria.com\/hu\/polirozas\/","og_locale":"de_DE","og_type":"article","og_title":"T\u00f6k\u00e9letes felk\u00e9sz\u00edt\u00e9s pol\u00edroz\u00e1ssal | Eifeler cs\u00facstechnol\u00f3gi\u00e1s bevonatok","og_description":"A maxim\u00e1lis teljes\u00edtm\u00e9ny \u00e9s a magasf\u00e9ny\u0171 megjelen\u00e9s \u00e9rdek\u00e9ben az alapanyagot a bevonatol\u00e1s el\u0151tt optim\u00e1lisan pol\u00edroz\u00e1ssal k\u00e9sz\u00edtj\u00fck el\u0151.","og_url":"https:\/\/www.eifeler-austria.com\/hu\/polirozas\/","og_site_name":"Eifeler cs\u00facstechnol\u00f3gi\u00e1s bevonatok","article_modified_time":"2025-05-06T14:34:05+00:00","twitter_card":"summary_large_image","twitter_misc":{"Gesch\u00e4tzte Lesezeit":"2\u00a0Minuten"},"schema":{"@context":"https:\/\/schema.org","@graph":[{"@type":"WebPage","@id":"https:\/\/www.eifeler-austria.com\/hu\/polirozas\/","url":"https:\/\/www.eifeler-austria.com\/hu\/polirozas\/","name":"T\u00f6k\u00e9letes felk\u00e9sz\u00edt\u00e9s pol\u00edroz\u00e1ssal | Eifeler cs\u00facstechnol\u00f3gi\u00e1s bevonatok","isPartOf":{"@id":"https:\/\/www.eifeler-austria.com\/hu\/#website"},"datePublished":"2025-04-18T16:38:52+00:00","dateModified":"2025-05-06T14:34:05+00:00","description":"A maxim\u00e1lis teljes\u00edtm\u00e9ny \u00e9s a magasf\u00e9ny\u0171 megjelen\u00e9s \u00e9rdek\u00e9ben az alapanyagot a bevonatol\u00e1s el\u0151tt optim\u00e1lisan pol\u00edroz\u00e1ssal k\u00e9sz\u00edtj\u00fck el\u0151.","breadcrumb":{"@id":"https:\/\/www.eifeler-austria.com\/hu\/polirozas\/#breadcrumb"},"inLanguage":"de","potentialAction":[{"@type":"ReadAction","target":["https:\/\/www.eifeler-austria.com\/hu\/polirozas\/"]}]},{"@type":"BreadcrumbList","@id":"https:\/\/www.eifeler-austria.com\/hu\/polirozas\/#breadcrumb","itemListElement":[{"@type":"ListItem","position":1,"name":"Startseite","item":"https:\/\/www.eifeler-austria.com\/hu\/"},{"@type":"ListItem","position":2,"name":"Polieren"}]},{"@type":"WebSite","@id":"https:\/\/www.eifeler-austria.com\/hu\/#website","url":"https:\/\/www.eifeler-austria.com\/hu\/","name":"Eifeler cs\u00facstechnol\u00f3gi\u00e1s bevonatok","description":"Cs\u00facstechnol\u00f3gi\u00e1s bevonatok","publisher":{"@id":"https:\/\/www.eifeler-austria.com\/hu\/#organization"},"potentialAction":[{"@type":"SearchAction","target":{"@type":"EntryPoint","urlTemplate":"https:\/\/www.eifeler-austria.com\/hu\/?s={search_term_string}"},"query-input":{"@type":"PropertyValueSpecification","valueRequired":true,"valueName":"search_term_string"}}],"inLanguage":"de"},{"@type":"Organization","@id":"https:\/\/www.eifeler-austria.com\/hu\/#organization","name":"Eifeler cs\u00facstechnol\u00f3gi\u00e1s bevonatok","url":"https:\/\/www.eifeler-austria.com\/hu\/","logo":{"@type":"ImageObject","inLanguage":"de","@id":"https:\/\/www.eifeler-austria.com\/hu\/#\/schema\/logo\/image\/","url":"https:\/\/www.eifeler-austria.com\/hu\/wp-content\/uploads\/sites\/3\/2025\/04\/eifeler-csucstechnologias-bevonatok.svg","contentUrl":"https:\/\/www.eifeler-austria.com\/hu\/wp-content\/uploads\/sites\/3\/2025\/04\/eifeler-csucstechnologias-bevonatok.svg","width":186,"height":30,"caption":"Eifeler cs\u00facstechnol\u00f3gi\u00e1s bevonatok"},"image":{"@id":"https:\/\/www.eifeler-austria.com\/hu\/#\/schema\/logo\/image\/"}}]}},"_links":{"self":[{"href":"https:\/\/www.eifeler-austria.com\/hu\/wp-json\/wp\/v2\/pages\/327","targetHints":{"allow":["GET"]}}],"collection":[{"href":"https:\/\/www.eifeler-austria.com\/hu\/wp-json\/wp\/v2\/pages"}],"about":[{"href":"https:\/\/www.eifeler-austria.com\/hu\/wp-json\/wp\/v2\/types\/page"}],"author":[{"embeddable":true,"href":"https:\/\/www.eifeler-austria.com\/hu\/wp-json\/wp\/v2\/users\/7"}],"replies":[{"embeddable":true,"href":"https:\/\/www.eifeler-austria.com\/hu\/wp-json\/wp\/v2\/comments?post=327"}],"version-history":[{"count":2,"href":"https:\/\/www.eifeler-austria.com\/hu\/wp-json\/wp\/v2\/pages\/327\/revisions"}],"predecessor-version":[{"id":532,"href":"https:\/\/www.eifeler-austria.com\/hu\/wp-json\/wp\/v2\/pages\/327\/revisions\/532"}],"wp:attachment":[{"href":"https:\/\/www.eifeler-austria.com\/hu\/wp-json\/wp\/v2\/media?parent=327"}],"curies":[{"name":"wp","href":"https:\/\/api.w.org\/{rel}","templated":true}]}}