{"id":334,"date":"2025-04-18T18:58:21","date_gmt":"2025-04-18T16:58:21","guid":{"rendered":"https:\/\/www.eifeler-austria.com\/hu\/?page_id=334"},"modified":"2025-05-06T17:45:27","modified_gmt":"2025-05-06T15:45:27","slug":"tronix-sorozat","status":"publish","type":"page","link":"https:\/\/www.eifeler-austria.com\/hu\/tronix-sorozat\/","title":{"rendered":"TRONIX Serie"},"content":{"rendered":"\n<div class=\"wp-block-qubely-row alignfull qubely-section qubely-block-b6d961\"><div class=\"qubely-row-overlay\"><\/div><div class=\"qubely-container-fluid\"><div class=\"qubely-row \">\n<div class=\"wp-block-qubely-column qubely-column qubely-column-front qubely-block-aaa758\"><div class=\"qubely-column-inner\"><\/div><\/div>\n\n\n\n<div class=\"wp-block-qubely-column qubely-column qubely-column-front qubely-block-dd954e\"><div class=\"qubely-column-inner\">\n<div class=\"wp-block-qubely-text qubely-block-25e235\"><div class=\"qubely-block-text  \"><div class=\"qubely-block-text-title-container  qubely-separator-position-top\"><div class=\"qubely-block-text-title-inner\"><h1 class=\"qubely-block-text-title\">&nbsp;TRONIX sorozat<\/h1><\/div><div class=\"qubely-block-text-sub-title-container\"><h2 class=\"qubely-block-text-sub-title\">Egyszer\u0171<br>felvitel<span style=\"color: var(--theme-palette-color-2, #006098);\" class=\"stk-highlight\">.<\/span><\/h2><\/div><\/div><p>NEXT LEVEL pr\u00e9mium bevonatok a teljes\u00edtm\u00e9ny \u00faj vil\u00e1g\u00e1nak felfedez\u00e9s\u00e9hez: TRONIX sorozatunk.<\/p><\/div><\/div>\n\n\n\n<div class=\"wp-block-qubely-text qubely-block-905a7d\"><div class=\"qubely-block-text  \"><div class=\"qubely-block-text-title-container  qubely-separator-position-top\"><div class=\"qubely-block-text-title-inner\"><h1 class=\"qubely-block-text-title\">&nbsp;TRONIX sorozat<\/h1><\/div><div class=\"qubely-block-text-sub-title-container\"><h2 class=\"qubely-block-text-sub-title\">Egyszer\u0171 felvitel<span style=\"color: var(--theme-palette-color-2, #006098);\" class=\"stk-highlight\">.<\/span><\/h2><\/div><\/div><p>NEXT LEVEL pr\u00e9mium bevonatok a teljes\u00edtm\u00e9ny \u00faj vil\u00e1g\u00e1nak felfedez\u00e9s\u00e9hez: TRONIX sorozatunk.<\/p><\/div><\/div>\n<\/div><\/div>\n\n\n\n<div class=\"wp-block-qubely-column qubely-column qubely-column-front qubely-block-ff5894\"><div class=\"qubely-column-inner\"><\/div><\/div>\n<\/div><\/div><\/div>\n\n\n\n<div class=\"wp-block-qubely-row qubely-section qubely-block-623d28\"><div class=\"qubely-row-overlay\"><\/div><div class=\"qubely-container\"><div class=\"qubely-row \">\n<div class=\"wp-block-qubely-column qubely-column qubely-column-front qubely-block-bb97ea\"><div class=\"qubely-column-inner\"><\/div><\/div>\n\n\n\n<div class=\"wp-block-qubely-column qubely-column qubely-column-front qubely-block-c3819f\"><div class=\"qubely-column-inner\">\n<div class=\"wp-block-qubely-heading qubely-block-5a2f84\"><div class=\"qubely-block-heading  \"><div class=\"qubely-heading-container\"><h2 class=\"qubely-heading-selector\">HIPIES-technol\u00f3gi\u00e1val.<\/h2><\/div><\/div><\/div>\n\n\n\n<div class=\"wp-block-qubely-text qubely-block-c43ee1\"><div class=\"qubely-block-text  \"><p>Az alkalmazott HIPIES-technol\u00f3gia (High Performance Ion Etching System) extr\u00e9msima, cseppmentes, s\u0171r\u0171 r\u00e9tegstrukt\u00far\u00e1t, valamint k\u00fcl\u00f6n\u00f6sen magas r\u00e9tegtapad\u00e1st \u00e9s stabilit\u00e1st tesz lehet\u0151v\u00e9. M\u00e1s elj\u00e1r\u00e1sokkal \u00f6sszehasonl\u00edtva a HIPIES kev\u00e9sb\u00e9 van hat\u00e1ssal az alapanyagra. A j\u00f3l el\u0151k\u00e9sz\u00edtett v\u00e1g\u00e1si \u00e9lek megmaradnak. Az eredm\u00e9ny: nagyobb szersz\u00e1mteljes\u00edtm\u00e9ny, \u00e9lettartam \u00e9s reproduk\u00e1lhat\u00f3s\u00e1g. <\/p><\/div><\/div>\n<\/div><\/div>\n\n\n\n<div class=\"wp-block-qubely-column qubely-column qubely-column-front qubely-block-f869cd\"><div class=\"qubely-column-inner\"><\/div><\/div>\n<\/div><\/div><\/div>\n\n\n\n<div class=\"wp-block-qubely-row qubely-section qubely-block-d1b20b\"><div class=\"qubely-row-overlay\"><\/div><div class=\"qubely-container\"><div class=\"qubely-row \">\n<div class=\"wp-block-qubely-column qubely-column qubely-column-front qubely-block-1ac5a6\"><div class=\"qubely-column-inner\"><\/div><\/div>\n\n\n\n<div class=\"wp-block-qubely-column qubely-column qubely-column-front qubely-block-b20281\"><div class=\"qubely-column-inner\">\n<div class=\"wp-block-qubely-heading qubely-block-31113c\"><div class=\"qubely-block-heading  \"><div class=\"qubely-heading-container\"><h3 class=\"qubely-heading-selector\">A TRONIX sorozat kiemelt jellemz\u0151i<\/h3><\/div><\/div><\/div>\n\n\n\n<div class=\"wp-block-qubely-text qubely-block-93f934\"><div class=\"qubely-block-text  \"><p>A TRONIX sorozatunk a legmodernebb, nanokrist\u00e1lyos cs\u00facsteljes\u00edtm\u00e9ny\u0171 bevonatokat foglalja mag\u00e1ba \u2013 technol\u00f3giailag az \u00d6n szersz\u00e1maihoz optimaliz\u00e1lva.<br><br>Jelenleg a TRONIX sorozat h\u00e1rom bevonatb\u00f3l \u00e1ll. R\u00e9szletes inform\u00e1ci\u00f3kat az adott r\u00e9teg oldal\u00e1n tal\u00e1l.<br><\/p><\/div><\/div>\n\n\n\n<div class=\"wp-block-qubely-advancedlist qubely-block-3e101e\"><div class=\"qubely-block-advanced-list  qubely-alignment-left\"><ul class=\"qubely-list qubely-list-type-unordered qubely-list-bullet-square\"><li>ALLTRON<\/li><li>TISITRON<\/li><li>DRAWTRON<\/li><\/ul><\/div><\/div>\n<\/div><\/div>\n\n\n\n<div class=\"wp-block-qubely-column qubely-column qubely-column-front qubely-block-a918f6\"><div class=\"qubely-column-inner\"><\/div><\/div>\n<\/div><\/div><\/div>\n\n\n\n<div class=\"wp-block-qubely-row qubely-section qubely-block-b7ebd5\"><div class=\"qubely-row-overlay\"><\/div><div class=\"qubely-container\"><div class=\"qubely-row \">\n<div class=\"wp-block-qubely-column qubely-column qubely-column-front qubely-block-05f90b\"><div class=\"qubely-column-inner\"><\/div><\/div>\n\n\n\n<div class=\"wp-block-qubely-column qubely-column qubely-column-front qubely-block-707343\"><div class=\"qubely-column-inner\">\n<div class=\"wp-block-qubely-text qubely-block-e88633\"><div class=\"qubely-block-text  \"><p>A bev\u00e1lt BLUE, Ta:C \u00e9s DLC SLICOs bevonatokat mostant\u00f3l HIPIES technol\u00f3gi\u00e1val gy\u00e1rtjuk.<\/p><\/div><\/div>\n<\/div><\/div>\n\n\n\n<div class=\"wp-block-qubely-column qubely-column qubely-column-front qubely-block-f0db08\"><div class=\"qubely-column-inner\"><\/div><\/div>\n<\/div><\/div><\/div>\n\n\n\n<div class=\"wp-block-qubely-row qubely-section qubely-block-e5c843\"><div class=\"qubely-row-overlay\"><\/div><div class=\"qubely-container\"><div class=\"qubely-row \">\n<div class=\"wp-block-qubely-column qubely-column qubely-column-front qubely-block-470f8c\"><div class=\"qubely-column-inner\"><\/div><\/div>\n\n\n\n<div class=\"wp-block-qubely-column qubely-column qubely-column-front qubely-block-d23448\"><div class=\"qubely-column-inner\">\n<div class=\"wp-block-qubely-row qubely-section qubely-block-f2d34b\"><div class=\"qubely-row-overlay\"><\/div><div class=\"qubely-container\"><div class=\"qubely-row \">\n<div class=\"wp-block-qubely-column qubely-column qubely-column-front qubely-block-b525f1\"><div class=\"qubely-column-inner\">\n<div class=\"wp-block-qubely-text qubely-block-c80fa3\"><div class=\"qubely-block-text  \"><p>K\u00e9rd\u00e9se van a TRONIX sorozattal kapcsolatban? Sz\u00edvesen seg\u00edt\u00fcnk \u00d6nnek!  <\/p><\/div><\/div>\n<\/div><\/div>\n\n\n\n<div class=\"wp-block-qubely-column qubely-column qubely-column-front qubely-block-6fd378\"><div class=\"qubely-column-inner\">\n<div class=\"wp-block-qubely-button qubely-block-621c1b\"><div class=\"qubely-block-btn-wrapper \"><div class=\"qubely-block-btn\"><a class=\"qubely-block-btn-anchor is-large\" href=\"mailto:\/\/office@eifeler-austria.com\" target=\"_blank\" rel=\"noopener noreferrer\">Aj\u00e1nlatk\u00e9r\u00e9s<span style=\"color: var(--theme-palette-color-2, #006098);\" class=\"stk-highlight\">.<\/span><\/a><\/div><\/div><\/div>\n<\/div><\/div>\n<\/div><\/div><\/div>\n<\/div><\/div>\n\n\n\n<div class=\"wp-block-qubely-column qubely-column qubely-column-front qubely-block-e479e1\"><div class=\"qubely-column-inner\"><\/div><\/div>\n<\/div><\/div><\/div>\n","protected":false},"excerpt":{"rendered":"","protected":false},"author":7,"featured_media":0,"parent":0,"menu_order":0,"comment_status":"closed","ping_status":"closed","template":"","meta":{"qubely_global_settings":"","qubely_interactions":"","footnotes":""},"class_list":["post-334","page","type-page","status-publish","hentry"],"blocksy_meta":{"vertical_spacing_source":"custom","content_area_spacing":"none","styles_descriptor":{"styles":{"desktop":"","tablet":"","mobile":""},"google_fonts":[],"version":6}},"yoast_head":"<!-- This site is optimized with the Yoast SEO plugin v26.6 - https:\/\/yoast.com\/wordpress\/plugins\/seo\/ -->\n<title>TRONIX sorozat HIPIES-technol\u00f3gi\u00e1val | Eifeler cs\u00facstechnol\u00f3gi\u00e1s bevonatok<\/title>\n<meta name=\"description\" content=\"NEXT LEVEL pr\u00e9mium bevonatok a teljes\u00edtm\u00e9ny \u00faj vil\u00e1g\u00e1nak felfedez\u00e9s\u00e9hez: a TRONIX sorozatunk HIPIES-technol\u00f3gi\u00e1val.\" \/>\n<meta name=\"robots\" content=\"index, follow, max-snippet:-1, max-image-preview:large, max-video-preview:-1\" \/>\n<link rel=\"canonical\" href=\"https:\/\/www.eifeler-austria.com\/hu\/tronix-sorozat\/\" \/>\n<meta property=\"og:locale\" content=\"de_DE\" \/>\n<meta property=\"og:type\" content=\"article\" \/>\n<meta property=\"og:title\" content=\"TRONIX sorozat HIPIES-technol\u00f3gi\u00e1val | Eifeler cs\u00facstechnol\u00f3gi\u00e1s bevonatok\" \/>\n<meta property=\"og:description\" content=\"NEXT LEVEL pr\u00e9mium bevonatok a teljes\u00edtm\u00e9ny \u00faj vil\u00e1g\u00e1nak felfedez\u00e9s\u00e9hez: a TRONIX sorozatunk HIPIES-technol\u00f3gi\u00e1val.\" \/>\n<meta property=\"og:url\" content=\"https:\/\/www.eifeler-austria.com\/hu\/tronix-sorozat\/\" \/>\n<meta property=\"og:site_name\" content=\"Eifeler cs\u00facstechnol\u00f3gi\u00e1s bevonatok\" \/>\n<meta property=\"article:modified_time\" content=\"2025-05-06T15:45:27+00:00\" \/>\n<meta name=\"twitter:card\" content=\"summary_large_image\" \/>\n<meta name=\"twitter:label1\" content=\"Gesch\u00e4tzte Lesezeit\" \/>\n\t<meta name=\"twitter:data1\" content=\"1\u00a0Minute\" \/>\n<script type=\"application\/ld+json\" class=\"yoast-schema-graph\">{\"@context\":\"https:\/\/schema.org\",\"@graph\":[{\"@type\":\"WebPage\",\"@id\":\"https:\/\/www.eifeler-austria.com\/hu\/tronix-sorozat\/\",\"url\":\"https:\/\/www.eifeler-austria.com\/hu\/tronix-sorozat\/\",\"name\":\"TRONIX sorozat HIPIES-technol\u00f3gi\u00e1val | Eifeler cs\u00facstechnol\u00f3gi\u00e1s bevonatok\",\"isPartOf\":{\"@id\":\"https:\/\/www.eifeler-austria.com\/hu\/#website\"},\"datePublished\":\"2025-04-18T16:58:21+00:00\",\"dateModified\":\"2025-05-06T15:45:27+00:00\",\"description\":\"NEXT LEVEL pr\u00e9mium bevonatok a teljes\u00edtm\u00e9ny \u00faj vil\u00e1g\u00e1nak felfedez\u00e9s\u00e9hez: a TRONIX sorozatunk HIPIES-technol\u00f3gi\u00e1val.\",\"breadcrumb\":{\"@id\":\"https:\/\/www.eifeler-austria.com\/hu\/tronix-sorozat\/#breadcrumb\"},\"inLanguage\":\"de\",\"potentialAction\":[{\"@type\":\"ReadAction\",\"target\":[\"https:\/\/www.eifeler-austria.com\/hu\/tronix-sorozat\/\"]}]},{\"@type\":\"BreadcrumbList\",\"@id\":\"https:\/\/www.eifeler-austria.com\/hu\/tronix-sorozat\/#breadcrumb\",\"itemListElement\":[{\"@type\":\"ListItem\",\"position\":1,\"name\":\"Startseite\",\"item\":\"https:\/\/www.eifeler-austria.com\/hu\/\"},{\"@type\":\"ListItem\",\"position\":2,\"name\":\"TRONIX Serie\"}]},{\"@type\":\"WebSite\",\"@id\":\"https:\/\/www.eifeler-austria.com\/hu\/#website\",\"url\":\"https:\/\/www.eifeler-austria.com\/hu\/\",\"name\":\"Eifeler cs\u00facstechnol\u00f3gi\u00e1s bevonatok\",\"description\":\"Cs\u00facstechnol\u00f3gi\u00e1s bevonatok\",\"publisher\":{\"@id\":\"https:\/\/www.eifeler-austria.com\/hu\/#organization\"},\"potentialAction\":[{\"@type\":\"SearchAction\",\"target\":{\"@type\":\"EntryPoint\",\"urlTemplate\":\"https:\/\/www.eifeler-austria.com\/hu\/?s={search_term_string}\"},\"query-input\":{\"@type\":\"PropertyValueSpecification\",\"valueRequired\":true,\"valueName\":\"search_term_string\"}}],\"inLanguage\":\"de\"},{\"@type\":\"Organization\",\"@id\":\"https:\/\/www.eifeler-austria.com\/hu\/#organization\",\"name\":\"Eifeler cs\u00facstechnol\u00f3gi\u00e1s bevonatok\",\"url\":\"https:\/\/www.eifeler-austria.com\/hu\/\",\"logo\":{\"@type\":\"ImageObject\",\"inLanguage\":\"de\",\"@id\":\"https:\/\/www.eifeler-austria.com\/hu\/#\/schema\/logo\/image\/\",\"url\":\"https:\/\/www.eifeler-austria.com\/hu\/wp-content\/uploads\/sites\/3\/2025\/04\/eifeler-csucstechnologias-bevonatok.svg\",\"contentUrl\":\"https:\/\/www.eifeler-austria.com\/hu\/wp-content\/uploads\/sites\/3\/2025\/04\/eifeler-csucstechnologias-bevonatok.svg\",\"width\":186,\"height\":30,\"caption\":\"Eifeler cs\u00facstechnol\u00f3gi\u00e1s bevonatok\"},\"image\":{\"@id\":\"https:\/\/www.eifeler-austria.com\/hu\/#\/schema\/logo\/image\/\"}}]}<\/script>\n<!-- \/ Yoast SEO plugin. -->","yoast_head_json":{"title":"TRONIX sorozat HIPIES-technol\u00f3gi\u00e1val | Eifeler cs\u00facstechnol\u00f3gi\u00e1s bevonatok","description":"NEXT LEVEL pr\u00e9mium bevonatok a teljes\u00edtm\u00e9ny \u00faj vil\u00e1g\u00e1nak felfedez\u00e9s\u00e9hez: a TRONIX sorozatunk HIPIES-technol\u00f3gi\u00e1val.","robots":{"index":"index","follow":"follow","max-snippet":"max-snippet:-1","max-image-preview":"max-image-preview:large","max-video-preview":"max-video-preview:-1"},"canonical":"https:\/\/www.eifeler-austria.com\/hu\/tronix-sorozat\/","og_locale":"de_DE","og_type":"article","og_title":"TRONIX sorozat HIPIES-technol\u00f3gi\u00e1val | Eifeler cs\u00facstechnol\u00f3gi\u00e1s bevonatok","og_description":"NEXT LEVEL pr\u00e9mium bevonatok a teljes\u00edtm\u00e9ny \u00faj vil\u00e1g\u00e1nak felfedez\u00e9s\u00e9hez: a TRONIX sorozatunk HIPIES-technol\u00f3gi\u00e1val.","og_url":"https:\/\/www.eifeler-austria.com\/hu\/tronix-sorozat\/","og_site_name":"Eifeler cs\u00facstechnol\u00f3gi\u00e1s bevonatok","article_modified_time":"2025-05-06T15:45:27+00:00","twitter_card":"summary_large_image","twitter_misc":{"Gesch\u00e4tzte Lesezeit":"1\u00a0Minute"},"schema":{"@context":"https:\/\/schema.org","@graph":[{"@type":"WebPage","@id":"https:\/\/www.eifeler-austria.com\/hu\/tronix-sorozat\/","url":"https:\/\/www.eifeler-austria.com\/hu\/tronix-sorozat\/","name":"TRONIX sorozat HIPIES-technol\u00f3gi\u00e1val | Eifeler cs\u00facstechnol\u00f3gi\u00e1s bevonatok","isPartOf":{"@id":"https:\/\/www.eifeler-austria.com\/hu\/#website"},"datePublished":"2025-04-18T16:58:21+00:00","dateModified":"2025-05-06T15:45:27+00:00","description":"NEXT LEVEL pr\u00e9mium bevonatok a teljes\u00edtm\u00e9ny \u00faj vil\u00e1g\u00e1nak felfedez\u00e9s\u00e9hez: a TRONIX sorozatunk HIPIES-technol\u00f3gi\u00e1val.","breadcrumb":{"@id":"https:\/\/www.eifeler-austria.com\/hu\/tronix-sorozat\/#breadcrumb"},"inLanguage":"de","potentialAction":[{"@type":"ReadAction","target":["https:\/\/www.eifeler-austria.com\/hu\/tronix-sorozat\/"]}]},{"@type":"BreadcrumbList","@id":"https:\/\/www.eifeler-austria.com\/hu\/tronix-sorozat\/#breadcrumb","itemListElement":[{"@type":"ListItem","position":1,"name":"Startseite","item":"https:\/\/www.eifeler-austria.com\/hu\/"},{"@type":"ListItem","position":2,"name":"TRONIX Serie"}]},{"@type":"WebSite","@id":"https:\/\/www.eifeler-austria.com\/hu\/#website","url":"https:\/\/www.eifeler-austria.com\/hu\/","name":"Eifeler cs\u00facstechnol\u00f3gi\u00e1s bevonatok","description":"Cs\u00facstechnol\u00f3gi\u00e1s bevonatok","publisher":{"@id":"https:\/\/www.eifeler-austria.com\/hu\/#organization"},"potentialAction":[{"@type":"SearchAction","target":{"@type":"EntryPoint","urlTemplate":"https:\/\/www.eifeler-austria.com\/hu\/?s={search_term_string}"},"query-input":{"@type":"PropertyValueSpecification","valueRequired":true,"valueName":"search_term_string"}}],"inLanguage":"de"},{"@type":"Organization","@id":"https:\/\/www.eifeler-austria.com\/hu\/#organization","name":"Eifeler cs\u00facstechnol\u00f3gi\u00e1s bevonatok","url":"https:\/\/www.eifeler-austria.com\/hu\/","logo":{"@type":"ImageObject","inLanguage":"de","@id":"https:\/\/www.eifeler-austria.com\/hu\/#\/schema\/logo\/image\/","url":"https:\/\/www.eifeler-austria.com\/hu\/wp-content\/uploads\/sites\/3\/2025\/04\/eifeler-csucstechnologias-bevonatok.svg","contentUrl":"https:\/\/www.eifeler-austria.com\/hu\/wp-content\/uploads\/sites\/3\/2025\/04\/eifeler-csucstechnologias-bevonatok.svg","width":186,"height":30,"caption":"Eifeler cs\u00facstechnol\u00f3gi\u00e1s bevonatok"},"image":{"@id":"https:\/\/www.eifeler-austria.com\/hu\/#\/schema\/logo\/image\/"}}]}},"_links":{"self":[{"href":"https:\/\/www.eifeler-austria.com\/hu\/wp-json\/wp\/v2\/pages\/334","targetHints":{"allow":["GET"]}}],"collection":[{"href":"https:\/\/www.eifeler-austria.com\/hu\/wp-json\/wp\/v2\/pages"}],"about":[{"href":"https:\/\/www.eifeler-austria.com\/hu\/wp-json\/wp\/v2\/types\/page"}],"author":[{"embeddable":true,"href":"https:\/\/www.eifeler-austria.com\/hu\/wp-json\/wp\/v2\/users\/7"}],"replies":[{"embeddable":true,"href":"https:\/\/www.eifeler-austria.com\/hu\/wp-json\/wp\/v2\/comments?post=334"}],"version-history":[{"count":2,"href":"https:\/\/www.eifeler-austria.com\/hu\/wp-json\/wp\/v2\/pages\/334\/revisions"}],"predecessor-version":[{"id":554,"href":"https:\/\/www.eifeler-austria.com\/hu\/wp-json\/wp\/v2\/pages\/334\/revisions\/554"}],"wp:attachment":[{"href":"https:\/\/www.eifeler-austria.com\/hu\/wp-json\/wp\/v2\/media?parent=334"}],"curies":[{"name":"wp","href":"https:\/\/api.w.org\/{rel}","templated":true}]}}