{"id":338,"date":"2025-04-18T19:17:32","date_gmt":"2025-04-18T17:17:32","guid":{"rendered":"https:\/\/www.eifeler-austria.com\/hu\/?page_id=338"},"modified":"2025-05-06T14:55:07","modified_gmt":"2025-05-06T12:55:07","slug":"pvd-bevonatok-kovetelmenyei","status":"publish","type":"page","link":"https:\/\/www.eifeler-austria.com\/hu\/pvd-bevonatok-kovetelmenyei\/","title":{"rendered":"Anforderungen"},"content":{"rendered":"\n<div class=\"wp-block-qubely-wrapper alignfull qubely-block-c0da50\"><div class=\"qubely-block-wrapper-block \">\n<div class=\"wp-block-qubely-row qubely-section qubely-block-c7b322\"><div class=\"qubely-row-overlay\"><\/div><div class=\"qubely-container\"><div class=\"qubely-row \">\n<div class=\"wp-block-qubely-column qubely-column qubely-column-front qubely-block-29e857\"><div class=\"qubely-column-inner\"><\/div><\/div>\n\n\n\n<div class=\"wp-block-qubely-column qubely-column qubely-column-front qubely-block-e94600\"><div class=\"qubely-column-inner\">\n<div class=\"wp-block-qubely-text qubely-block-c185cb\"><div class=\"qubely-block-text  \"><div class=\"qubely-block-text-title-container  qubely-separator-position-top\"><div class=\"qubely-block-text-title-inner\"><h1 class=\"qubely-block-text-title\"><span style=\"color: var(--theme-palette-color-8, #ffffff);\" class=\"stk-highlight\">A t\u00f6k\u00e9letes bevonathoz<\/span><span style=\"color: var(--theme-palette-color-2, #006098);\" class=\"stk-highlight\">.<\/span><\/h1><\/div><\/div><p><span style=\"color: var(--theme-palette-color-8, #ffffff);\" class=\"stk-highlight\">A megszokott magas min\u0151s\u00e9g\u0171, gyors \u00e9s z\u00f6kken\u0151mentes megrendel\u00e9sfeldolgoz\u00e1sunkhoz akt\u00edv k\u00f6zrem\u0171k\u00f6d\u00e9sre van sz\u00fcks\u00e9g\u00fcnk: k\u00e9sz\u00edtse el\u0151 bevonatmegrendel\u00e9s\u00e9t egyszer\u0171en a ellen\u0151rz\u0151 list\u00e1nk alapj\u00e1n! A legbiztosabb \u00fat a t\u00f6k\u00e9letes eredm\u00e9nyekhez\u2026 <\/span><\/p><\/div><\/div>\n<\/div><\/div>\n\n\n\n<div class=\"wp-block-qubely-column qubely-column qubely-column-front qubely-block-4062e5\"><div class=\"qubely-column-inner\"><\/div><\/div>\n<\/div><\/div><\/div>\n<\/div><\/div>\n\n\n\n<div class=\"wp-block-qubely-wrapper alignfull qubely-block-2f075f\"><div class=\"qubely-block-wrapper-block \">\n<div class=\"wp-block-qubely-row alignfull qubely-section qubely-block-f84fba\"><div class=\"qubely-row-overlay\"><\/div><div class=\"qubely-container-fluid\"><div class=\"qubely-row \">\n<div class=\"wp-block-qubely-column qubely-column qubely-column-front qubely-block-b17ae3\"><div class=\"qubely-column-inner\"><\/div><\/div>\n\n\n\n<div class=\"wp-block-qubely-column qubely-column qubely-column-front qubely-block-806edd\"><div class=\"qubely-column-inner\">\n<div class=\"wp-block-qubely-text qubely-block-c7d4e9\"><div class=\"qubely-block-text  \"><div class=\"qubely-block-text-title-container  qubely-separator-position-top\"><div class=\"qubely-block-text-title-inner\"><h1 class=\"qubely-block-text-title\"><span style=\"color: var(--theme-palette-color-8, #ffffff);\" class=\"stk-highlight\">A t\u00f6k\u00e9letes bevonathoz<\/span><span style=\"color: var(--theme-palette-color-2, #006098);\" class=\"stk-highlight\">.<\/span><\/h1><\/div><\/div><p><span style=\"color: var(--theme-palette-color-8, #ffffff);\" class=\"stk-highlight\">A megszokott magas min\u0151s\u00e9g\u0171, gyors \u00e9s z\u00f6kken\u0151mentes megrendel\u00e9sfeldolgoz\u00e1sunkhoz akt\u00edv k\u00f6zrem\u0171k\u00f6d\u00e9sre van sz\u00fcks\u00e9g\u00fcnk: k\u00e9sz\u00edtse el\u0151 bevonatmegrendel\u00e9s\u00e9t egyszer\u0171en a ellen\u0151rz\u0151 list\u00e1nk alapj\u00e1n! A legbiztosabb \u00fat a t\u00f6k\u00e9letes eredm\u00e9nyekhez\u2026 <\/span><\/p><\/div><\/div>\n<\/div><\/div>\n\n\n\n<div class=\"wp-block-qubely-column qubely-column qubely-column-front qubely-block-836e57\"><div class=\"qubely-column-inner\"><\/div><\/div>\n<\/div><\/div><\/div>\n<\/div><\/div>\n\n\n\n<div class=\"wp-block-qubely-row alignfull qubely-section qubely-block-3a675c\"><div class=\"qubely-row-overlay\"><\/div><div class=\"qubely-container-fluid\"><div class=\"qubely-row \">\n<div class=\"wp-block-qubely-column qubely-column qubely-column-front qubely-block-f9ee9e\"><div class=\"qubely-column-inner\"><\/div><\/div>\n\n\n\n<div class=\"wp-block-qubely-column qubely-column qubely-column-front qubely-block-ca5aa8\"><div class=\"qubely-column-inner\">\n<div class=\"wp-block-qubely-heading qubely-block-383720\" id=\"2-hightech-beschichtungen--\"><div class=\"qubely-block-heading  \"><div class=\"qubely-heading-container\"><h2 class=\"qubely-heading-selector\">Ellen\u0151rz\u0151 lista<span style=\"color: var(--theme-palette-color-3, #3e3d40);\" class=\"stk-highlight\">.<\/span><\/h2><\/div><\/div><\/div>\n\n\n\n<div class=\"wp-block-qubely-text qubely-block-dec145\"><div class=\"qubely-block-text  \"><p>A legmagasabb, \u00e1lland\u00f3 min\u0151s\u00e9g \u00e9s gyors, z\u00f6kken\u0151mentes megrendel\u00e9sfeldolgoz\u00e1s \u2013 ezt szokt\u00e1k meg t\u0151l\u00fcnk \u00fcgyfeleink. Mert bevonatmegrendel\u00e9seiket is ellen\u0151rz\u0151 list\u00e1nk alapj\u00e1n k\u00e9sz\u00edtik el\u0151. \u00c9s els\u0151sorban figyelembe veszik a PVD-bevonat k\u00f6vetelm\u00e9nyeire vonatkoz\u00f3 utas\u00edt\u00e1sokat!  <\/p><\/div><\/div>\n\n\n\n<div class=\"wp-block-qubely-heading qubely-block-63ec1e\" id=\"17-latest-news--\"><div class=\"qubely-block-heading  \"><div class=\"qubely-heading-container\"><h3 class=\"qubely-heading-selector\">K\u00f6vetelm\u00e9nyek a PVD-bevonathoz<\/h3><\/div><\/div><\/div>\n\n\n\n<div class=\"wp-block-qubely-text qubely-block-a03a0c\"><div class=\"qubely-block-text  \"><p>A PVD-bevonat optim\u00e1lis eredm\u00e9nyeihez a megmunk\u00e1land\u00f3 szersz\u00e1moknak, munkadaraboknak \u00e9s alkatr\u00e9szeknek sz\u00e1mos specifikus felt\u00e9telnek kell megfelelni\u00fck. Itt van a legfontosabb t\u00e9nyez\u0151k \u00e1ttekint\u00e9se \u2013 az egyes ter\u00fcletekre vonatkoz\u00f3 r\u00e9szletes megjegyz\u00e9seket a \u201e<a title=\"Tov\u00e1bb a \u201ePVD-bevonat k\u00f6vetelm\u00e9nyei\u201d inform\u00e1ci\u00f3s laphoz\" href=\"https:\/\/www.eifeler-austria.com\/wp-content\/uploads\/2022\/04\/Anforderungen_PVD_Beschichtung.pdf\" target=\"_blank\" rel=\"noopener noreferrer\">PVD-bevonat ig\u00e9nyl\u0151lap<\/a>\u201d ellen\u0151rz\u0151 list\u00e1nkban tal\u00e1lja.<\/p><\/div><\/div>\n<\/div><\/div>\n\n\n\n<div class=\"wp-block-qubely-column qubely-column qubely-column-front qubely-block-107cdb\"><div class=\"qubely-column-inner\"><\/div><\/div>\n<\/div><\/div><\/div>\n\n\n\n<div class=\"wp-block-qubely-wrapper alignfull qubely-block-663ac6\"><div class=\"qubely-block-wrapper-block \">\n<div class=\"wp-block-qubely-row alignfull qubely-section qubely-block-78a58c\"><div class=\"qubely-row-overlay\"><\/div><div class=\"qubely-container-fluid\"><div class=\"qubely-row \">\n<div class=\"wp-block-qubely-column qubely-column qubely-column-front qubely-block-f34418\"><div class=\"qubely-column-inner\"><\/div><\/div>\n\n\n\n<div class=\"wp-block-qubely-column qubely-column qubely-column-front qubely-block-f98694\"><div class=\"qubely-column-inner\">\n<div class=\"wp-block-qubely-heading qubely-block-ee4955\" id=\"17-latest-news--\"><div class=\"qubely-block-heading  \"><div class=\"qubely-heading-container\"><h4 class=\"qubely-heading-selector\">Anyagtulajdons\u00e1gok<\/h4><\/div><\/div><\/div>\n\n\n\n<div class=\"wp-block-qubely-advancedlist qubely-block-07cf85\"><div class=\"qubely-block-advanced-list  qubely-alignment-left\"><ul class=\"qubely-list qubely-list-type-unordered qubely-list-bullet-square\"><li>f\u00e9mes, elektromos vezet\u0151k\u00e9pess\u00e9g\u0171 anyagok<\/li><\/ul><\/div><\/div>\n<\/div><\/div>\n\n\n\n<div class=\"wp-block-qubely-column qubely-column qubely-column-front qubely-block-0b370e\"><div class=\"qubely-column-inner\"><\/div><\/div>\n<\/div><\/div><\/div>\n\n\n\n<div class=\"wp-block-qubely-row alignfull qubely-section qubely-block-dea3a3\"><div class=\"qubely-row-overlay\"><\/div><div class=\"qubely-container-fluid\"><div class=\"qubely-row \">\n<div class=\"wp-block-qubely-column qubely-column qubely-column-front qubely-block-136d8a\"><div class=\"qubely-column-inner\"><\/div><\/div>\n\n\n\n<div class=\"wp-block-qubely-column qubely-column qubely-column-front qubely-block-71dcc9\"><div class=\"qubely-column-inner\">\n<div class=\"wp-block-qubely-heading qubely-block-4892ab\" id=\"17-latest-news--\"><div class=\"qubely-block-heading  \"><div class=\"qubely-heading-container\"><h4 class=\"qubely-heading-selector\">A munkadarabok jellemz\u0151i<\/h4><\/div><\/div><\/div>\n\n\n\n<div class=\"wp-block-qubely-advancedlist qubely-block-a2a760\"><div class=\"qubely-block-advanced-list  qubely-alignment-left\"><ul class=\"qubely-list qubely-list-type-unordered qubely-list-bullet-square\"><li>maxim\u00e1lis m\u00e9retek: \u00d8 700 mm, l 1000 mm (nagyobb darabok k\u00e9r\u00e9sre)<\/li><li>furatok, menetek vagy legal\u00e1bb egy fel\u00fclet, amely bevonat n\u00e9lk\u00fcl marad<\/li><li>a nem bevonatoland\u00f3 fel\u00fcletek jel\u00f6l\u00e9se\n<\/li><li>a forraszt\u00e1si pontok 600 \u00b0C-ig h\u0151\u00e1ll\u00f3ak \u00e9s kadmiummentesek\n<\/li><li>hegesztett munkadarabok fesz\u00fclts\u00e9gmentesen izz\u00edtva\n<\/li><li>a munkadarabok nincsenek ragasztva vagy pr\u00e9selve\n<\/li><li>a bels\u0151 menetek szennyez\u0151d\u00e9sekt\u0151l mentesek<\/li><li>a h\u0171t\u0151csatorn\u00e1k nyitva \u00e9s tiszt\u00edtva vannak<\/li><\/ul><\/div><\/div>\n<\/div><\/div>\n\n\n\n<div class=\"wp-block-qubely-column qubely-column qubely-column-front qubely-block-5d7970\"><div class=\"qubely-column-inner\"><\/div><\/div>\n<\/div><\/div><\/div>\n\n\n\n<div class=\"wp-block-qubely-row alignfull qubely-section qubely-block-23c576\"><div class=\"qubely-row-overlay\"><\/div><div class=\"qubely-container-fluid\"><div class=\"qubely-row \">\n<div class=\"wp-block-qubely-column qubely-column qubely-column-front qubely-block-25648a\"><div class=\"qubely-column-inner\"><\/div><\/div>\n\n\n\n<div class=\"wp-block-qubely-column qubely-column qubely-column-front qubely-block-956456\"><div class=\"qubely-column-inner\">\n<div class=\"wp-block-qubely-heading qubely-block-874219\" id=\"17-latest-news--\"><div class=\"qubely-block-heading  \"><div class=\"qubely-heading-container\"><h4 class=\"qubely-heading-selector\">Fel\u00fcleti jellemz\u0151k<\/h4><\/div><\/div><\/div>\n\n\n\n<div class=\"wp-block-qubely-advancedlist qubely-block-da3f9b\"><div class=\"qubely-block-advanced-list  qubely-alignment-left\"><ul class=\"qubely-list qubely-list-type-unordered qubely-list-bullet-square\"><li>f\u00e9mesen tiszta (csiszolt, pol\u00edrozott, mart vagy sz\u00f3rt)<\/li><li>nem kr\u00f3mozott, barn\u00edtott, l\u00e1gy\u00edtott \u00e9s nem eshettek \u00e1t fluid\u00e1gyas nitrid\u00e1l\u00e1son\n<\/li><li>t\u00fck\u00f6r pol\u00edroz\u00e1s alak\u00edt\u00f3 szersz\u00e1mokn\u00e1l\n<\/li><li>a csiszolt fel\u00fcleteken nem lehetnek oxidr\u00e9tegek \u00e9s \u00faj edz\u00e9si z\u00f3n\u00e1k\n<\/li><li>a v\u00e1g\u00f3\u00e9lek, furatok \u00e9s fel\u00fcletek sorjamentesek\n<\/li><li>a szikraforg\u00e1csolt fel\u00fcletek szemcsesz\u00f3r\u00e1ssal el\u0151kezeltek\n<\/li><li>a pol\u00edrozott fel\u00fcletek pol\u00edroz\u00f3szer-maradv\u00e1nyokt\u00f3l mentesek\n<\/li><li>csiszol\u00f3port\u00f3l \u00e9s tiszt\u00edt\u00f3szerfoltokt\u00f3l mentes\n<\/li><li>demagnetiz\u00e1lt<\/li><\/ul><\/div><\/div>\n<\/div><\/div>\n\n\n\n<div class=\"wp-block-qubely-column qubely-column qubely-column-front qubely-block-975ffc\"><div class=\"qubely-column-inner\"><\/div><\/div>\n<\/div><\/div><\/div>\n\n\n\n<div class=\"wp-block-qubely-row alignfull qubely-section qubely-block-fa76c1\"><div class=\"qubely-row-overlay\"><\/div><div class=\"qubely-container-fluid\"><div class=\"qubely-row \">\n<div class=\"wp-block-qubely-column qubely-column qubely-column-front qubely-block-139a91\"><div class=\"qubely-column-inner\"><\/div><\/div>\n\n\n\n<div class=\"wp-block-qubely-column qubely-column qubely-column-front qubely-block-910392\"><div class=\"qubely-column-inner\">\n<div class=\"wp-block-qubely-heading qubely-block-700e2f\" id=\"17-latest-news--\"><div class=\"qubely-block-heading  \"><div class=\"qubely-heading-container\"><h4 class=\"qubely-heading-selector\">H\u0151kezel\u00e9s<\/h4><\/div><\/div><\/div>\n\n\n\n<div class=\"wp-block-qubely-advancedlist qubely-block-d75b28\"><div class=\"qubely-block-advanced-list  qubely-alignment-left\"><ul class=\"qubely-list qubely-list-type-unordered qubely-list-bullet-square\"><li>h\u0151kezel\u00e9s v\u00e9grehajt\u00e1sa 450 \u00e9s 500 \u00b0C felett<\/li><li>az alacsonyabb h\u0151m\u00e9rs\u00e9kleten v\u00e9gzett h\u0151kezel\u00e9st el\u0151zetesen egy\u00e9rtelm\u0171en jel\u00f6lni kell<\/li><\/ul><\/div><\/div>\n<\/div><\/div>\n\n\n\n<div class=\"wp-block-qubely-column qubely-column qubely-column-front qubely-block-ce0b7c\"><div class=\"qubely-column-inner\"><\/div><\/div>\n<\/div><\/div><\/div>\n<\/div><\/div>\n\n\n\n<div class=\"wp-block-qubely-row alignfull qubely-section qubely-block-3f06e8\"><div class=\"qubely-row-overlay\"><\/div><div class=\"qubely-container-fluid\"><div class=\"qubely-row \">\n<div class=\"wp-block-qubely-column qubely-column qubely-column-front qubely-block-0796ea\"><div class=\"qubely-column-inner\"><\/div><\/div>\n\n\n\n<div class=\"wp-block-qubely-column qubely-column qubely-column-front qubely-block-05f091\"><div class=\"qubely-column-inner\">\n<div class=\"wp-block-qubely-heading qubely-block-e9bdba\" id=\"17-latest-news--\"><div class=\"qubely-block-heading  \"><div class=\"qubely-heading-container\"><h3 class=\"qubely-heading-selector\">Sz\u00e1ll\u00edt\u00e1si csomagol\u00e1s<\/h3><\/div><\/div><\/div>\n\n\n\n<div class=\"wp-block-qubely-text qubely-block-698908\"><div class=\"qubely-block-text  \"><p>A munkadarabokat \u00fagy kell csomagolni, hogy ne s\u00e9r\u00fcljenek meg k\u00fcls\u0151 hat\u00e1sok vagy k\u00f6lcs\u00f6nhat\u00e1s miatt. A csomagol\u00e1snak \u2013 a k\u00f6rnyezetv\u00e9delem szempontj\u00e1b\u00f3l \u2013 visszasz\u00e1ll\u00edt\u00e1sra is haszn\u00e1lhat\u00f3nak kell lennie. A rozsd\u00e1sod\u00e1s elleni v\u00e9delem \u00e9rdek\u00e9ben a munkadarabokat enyh\u00e9n v\u00edzkiszor\u00edt\u00f3 olajjal lehet kezelni, amely l\u00fagos tiszt\u00edt\u00e1s sor\u00e1n marad\u00e9ktalanul elt\u00e1vol\u00edthat\u00f3. A f\u00e9nyesre pol\u00edrozott fel\u00fcleteket le kell fedni.<\/p><\/div><\/div>\n\n\n\n<div class=\"wp-block-qubely-heading qubely-block-457585\" id=\"17-latest-news--\"><div class=\"qubely-block-heading  \"><div class=\"qubely-heading-container\"><h3 class=\"qubely-heading-selector\">Fontos megjegyz\u00e9sek<\/h3><\/div><\/div><\/div>\n\n\n\n<div class=\"wp-block-qubely-text qubely-block-5d45c4\"><div class=\"qubely-block-text  \"><p>A r\u00e9szletes inform\u00e1ci\u00f3k az anyagr\u00f3l, a h\u0151kezel\u00e9sr\u0151l \u00e9s az utols\u00f3 megmunk\u00e1l\u00e1si l\u00e9p\u00e9sekr\u0151l elengedhetetlenek a nem megfelel\u0151 bevonatol\u00e1si eredm\u00e9nyek elker\u00fcl\u00e9se \u00e9rdek\u00e9ben. Haszn\u00e1lja a \u201e<a title=\"Tov\u00e1bb a \u201eBevonatmegrendel\u00e9s\u201d \u0171rlaphoz\" href=\"https:\/\/www.eifeler-austria.com\/wp-content\/uploads\/2022\/04\/Beschichtungsauftrag_Eifeler_Austria.pdf\" target=\"_blank\" rel=\"noopener noreferrer\">Bevonatmegrendel\u00e9s<\/a>\u201d \u0171rlapunkat! \u00cdgy egyszer\u0171en biztos\u00edthatja, hogy minden, a bevonatol\u00e1si projektj\u00e9hez sz\u00fcks\u00e9ges inform\u00e1ci\u00f3 eljusson hozz\u00e1nk.<\/p><\/div><\/div>\n\n\n\n<div class=\"wp-block-qubely-heading qubely-block-33ab64\" id=\"17-latest-news--\"><div class=\"qubely-block-heading  \"><div class=\"qubely-heading-container\"><h4 class=\"qubely-heading-selector\">Els\u0151 megrendel\u00e9s<\/h4><\/div><\/div><\/div>\n\n\n\n<div class=\"wp-block-qubely-text qubely-block-aa88e9\"><div class=\"qubely-block-text  \"><p>K\u00e9rj\u00fck meg\u00e9rt\u00e9s\u00fcket azzal kapcsolatban, hogy az els\u0151 megrendel\u00e9seket kiv\u00e9tel n\u00e9lk\u00fcl el\u0151zetesen telefonon vagy e-mailben kell megbesz\u00e9lni \u00e9s tiszt\u00e1zni. <a title=\"E-mail \u00edr\u00e1sa az Eifeler Plasma Beschichtungs GmbH r\u00e9sz\u00e9re\" href=\"mailto:\/\/office@eifeler-austria.com\" target=\"_blank\" rel=\"noopener noreferrer\">L\u00e9pjen kapcsolatba<\/a> vel\u00fcnk egyszer\u0171en \u2013 \u00f6r\u00f6mmel v\u00e1rjuk a sikeres egy\u00fcttm\u0171k\u00f6d\u00e9st!<br><br><br>Itt tal\u00e1lhat\u00f3k teh\u00e1t a z\u00f6kken\u0151mentes megrendel\u00e9sfeldolgoz\u00e1shoz, t\u00f6k\u00e9letes eredm\u00e9nyekhez \u00e9s sikeres egy\u00fcttm\u0171k\u00f6d\u00e9shez sz\u00fcks\u00e9ges legfontosabb dokumentumok linkjei:<br><br>tov\u00e1bb a \u201e<a title=\"Tov\u00e1bb a \u201eBevonatmegrendel\u00e9s\u201d \u0171rlaphoz\" href=\"https:\/\/www.eifeler-austria.com\/wp-content\/uploads\/2022\/04\/Beschichtungsauftrag_Eifeler_Austria.pdf\" target=\"_blank\" rel=\"noopener noreferrer\">Bevonatmegrendel\u00e9s<\/a>\u201d \u0171rlaphoz<br>tov\u00e1bb a \u201e<a title=\"Tov\u00e1bb a \u201ePVD-bevonat k\u00f6vetelm\u00e9nyei\u201d inform\u00e1ci\u00f3s laphoz\" href=\"https:\/\/www.eifeler-austria.com\/wp-content\/uploads\/2022\/04\/Anforderungen_PVD_Beschichtung.pdf\" target=\"_blank\" rel=\"noopener noreferrer\">PVD-bevonat ig\u00e9nyl\u0151lap<\/a>\u201d \u0171rlaphoz<\/p><\/div><\/div>\n<\/div><\/div>\n\n\n\n<div class=\"wp-block-qubely-column qubely-column qubely-column-front qubely-block-e095fc\"><div class=\"qubely-column-inner\"><\/div><\/div>\n<\/div><\/div><\/div>\n","protected":false},"excerpt":{"rendered":"","protected":false},"author":7,"featured_media":0,"parent":0,"menu_order":0,"comment_status":"closed","ping_status":"closed","template":"","meta":{"qubely_global_settings":"","qubely_interactions":"","footnotes":""},"class_list":["post-338","page","type-page","status-publish","hentry"],"blocksy_meta":{"vertical_spacing_source":"custom","content_area_spacing":"none","styles_descriptor":{"styles":{"desktop":"","tablet":"","mobile":""},"google_fonts":[],"version":6}},"yoast_head":"<!-- This site is optimized with the Yoast SEO plugin v26.6 - https:\/\/yoast.com\/wordpress\/plugins\/seo\/ -->\n<title>K\u00f6vetelm\u00e9nyek a PVD-bevonathoz | Eifeler cs\u00facstechnol\u00f3gi\u00e1s bevonatok<\/title>\n<meta name=\"description\" content=\"A t\u00f6k\u00e9letes PVD-bevonatok legegyszer\u0171bb m\u00f3dja: k\u00e9sz\u00edtse el\u0151 bevonatmegrendel\u00e9s\u00e9t egyszer\u0171en a ellen\u0151rz\u0151 list\u00e1nk alapj\u00e1n!\" \/>\n<meta name=\"robots\" content=\"index, follow, max-snippet:-1, max-image-preview:large, max-video-preview:-1\" \/>\n<link rel=\"canonical\" href=\"https:\/\/www.eifeler-austria.com\/hu\/pvd-bevonatok-kovetelmenyei\/\" \/>\n<meta property=\"og:locale\" content=\"de_DE\" \/>\n<meta property=\"og:type\" content=\"article\" \/>\n<meta property=\"og:title\" content=\"K\u00f6vetelm\u00e9nyek a PVD-bevonathoz | Eifeler cs\u00facstechnol\u00f3gi\u00e1s bevonatok\" \/>\n<meta property=\"og:description\" content=\"A t\u00f6k\u00e9letes PVD-bevonatok legegyszer\u0171bb m\u00f3dja: k\u00e9sz\u00edtse el\u0151 bevonatmegrendel\u00e9s\u00e9t egyszer\u0171en a ellen\u0151rz\u0151 list\u00e1nk alapj\u00e1n!\" \/>\n<meta property=\"og:url\" content=\"https:\/\/www.eifeler-austria.com\/hu\/pvd-bevonatok-kovetelmenyei\/\" \/>\n<meta property=\"og:site_name\" content=\"Eifeler cs\u00facstechnol\u00f3gi\u00e1s bevonatok\" \/>\n<meta property=\"article:modified_time\" content=\"2025-05-06T12:55:07+00:00\" \/>\n<meta name=\"twitter:card\" content=\"summary_large_image\" \/>\n<meta name=\"twitter:label1\" content=\"Gesch\u00e4tzte Lesezeit\" \/>\n\t<meta name=\"twitter:data1\" content=\"3\u00a0Minuten\" \/>\n<script type=\"application\/ld+json\" class=\"yoast-schema-graph\">{\"@context\":\"https:\/\/schema.org\",\"@graph\":[{\"@type\":\"WebPage\",\"@id\":\"https:\/\/www.eifeler-austria.com\/hu\/pvd-bevonatok-kovetelmenyei\/\",\"url\":\"https:\/\/www.eifeler-austria.com\/hu\/pvd-bevonatok-kovetelmenyei\/\",\"name\":\"K\u00f6vetelm\u00e9nyek a PVD-bevonathoz | Eifeler cs\u00facstechnol\u00f3gi\u00e1s bevonatok\",\"isPartOf\":{\"@id\":\"https:\/\/www.eifeler-austria.com\/hu\/#website\"},\"datePublished\":\"2025-04-18T17:17:32+00:00\",\"dateModified\":\"2025-05-06T12:55:07+00:00\",\"description\":\"A t\u00f6k\u00e9letes PVD-bevonatok legegyszer\u0171bb m\u00f3dja: k\u00e9sz\u00edtse el\u0151 bevonatmegrendel\u00e9s\u00e9t egyszer\u0171en a ellen\u0151rz\u0151 list\u00e1nk alapj\u00e1n!\",\"breadcrumb\":{\"@id\":\"https:\/\/www.eifeler-austria.com\/hu\/pvd-bevonatok-kovetelmenyei\/#breadcrumb\"},\"inLanguage\":\"de\",\"potentialAction\":[{\"@type\":\"ReadAction\",\"target\":[\"https:\/\/www.eifeler-austria.com\/hu\/pvd-bevonatok-kovetelmenyei\/\"]}]},{\"@type\":\"BreadcrumbList\",\"@id\":\"https:\/\/www.eifeler-austria.com\/hu\/pvd-bevonatok-kovetelmenyei\/#breadcrumb\",\"itemListElement\":[{\"@type\":\"ListItem\",\"position\":1,\"name\":\"Startseite\",\"item\":\"https:\/\/www.eifeler-austria.com\/hu\/\"},{\"@type\":\"ListItem\",\"position\":2,\"name\":\"Anforderungen\"}]},{\"@type\":\"WebSite\",\"@id\":\"https:\/\/www.eifeler-austria.com\/hu\/#website\",\"url\":\"https:\/\/www.eifeler-austria.com\/hu\/\",\"name\":\"Eifeler cs\u00facstechnol\u00f3gi\u00e1s bevonatok\",\"description\":\"Cs\u00facstechnol\u00f3gi\u00e1s bevonatok\",\"publisher\":{\"@id\":\"https:\/\/www.eifeler-austria.com\/hu\/#organization\"},\"potentialAction\":[{\"@type\":\"SearchAction\",\"target\":{\"@type\":\"EntryPoint\",\"urlTemplate\":\"https:\/\/www.eifeler-austria.com\/hu\/?s={search_term_string}\"},\"query-input\":{\"@type\":\"PropertyValueSpecification\",\"valueRequired\":true,\"valueName\":\"search_term_string\"}}],\"inLanguage\":\"de\"},{\"@type\":\"Organization\",\"@id\":\"https:\/\/www.eifeler-austria.com\/hu\/#organization\",\"name\":\"Eifeler cs\u00facstechnol\u00f3gi\u00e1s bevonatok\",\"url\":\"https:\/\/www.eifeler-austria.com\/hu\/\",\"logo\":{\"@type\":\"ImageObject\",\"inLanguage\":\"de\",\"@id\":\"https:\/\/www.eifeler-austria.com\/hu\/#\/schema\/logo\/image\/\",\"url\":\"https:\/\/www.eifeler-austria.com\/hu\/wp-content\/uploads\/sites\/3\/2025\/04\/eifeler-csucstechnologias-bevonatok.svg\",\"contentUrl\":\"https:\/\/www.eifeler-austria.com\/hu\/wp-content\/uploads\/sites\/3\/2025\/04\/eifeler-csucstechnologias-bevonatok.svg\",\"width\":186,\"height\":30,\"caption\":\"Eifeler cs\u00facstechnol\u00f3gi\u00e1s bevonatok\"},\"image\":{\"@id\":\"https:\/\/www.eifeler-austria.com\/hu\/#\/schema\/logo\/image\/\"}}]}<\/script>\n<!-- \/ Yoast SEO plugin. -->","yoast_head_json":{"title":"K\u00f6vetelm\u00e9nyek a PVD-bevonathoz | Eifeler cs\u00facstechnol\u00f3gi\u00e1s bevonatok","description":"A t\u00f6k\u00e9letes PVD-bevonatok legegyszer\u0171bb m\u00f3dja: k\u00e9sz\u00edtse el\u0151 bevonatmegrendel\u00e9s\u00e9t egyszer\u0171en a ellen\u0151rz\u0151 list\u00e1nk alapj\u00e1n!","robots":{"index":"index","follow":"follow","max-snippet":"max-snippet:-1","max-image-preview":"max-image-preview:large","max-video-preview":"max-video-preview:-1"},"canonical":"https:\/\/www.eifeler-austria.com\/hu\/pvd-bevonatok-kovetelmenyei\/","og_locale":"de_DE","og_type":"article","og_title":"K\u00f6vetelm\u00e9nyek a PVD-bevonathoz | Eifeler cs\u00facstechnol\u00f3gi\u00e1s bevonatok","og_description":"A t\u00f6k\u00e9letes PVD-bevonatok legegyszer\u0171bb m\u00f3dja: k\u00e9sz\u00edtse el\u0151 bevonatmegrendel\u00e9s\u00e9t egyszer\u0171en a ellen\u0151rz\u0151 list\u00e1nk alapj\u00e1n!","og_url":"https:\/\/www.eifeler-austria.com\/hu\/pvd-bevonatok-kovetelmenyei\/","og_site_name":"Eifeler cs\u00facstechnol\u00f3gi\u00e1s bevonatok","article_modified_time":"2025-05-06T12:55:07+00:00","twitter_card":"summary_large_image","twitter_misc":{"Gesch\u00e4tzte Lesezeit":"3\u00a0Minuten"},"schema":{"@context":"https:\/\/schema.org","@graph":[{"@type":"WebPage","@id":"https:\/\/www.eifeler-austria.com\/hu\/pvd-bevonatok-kovetelmenyei\/","url":"https:\/\/www.eifeler-austria.com\/hu\/pvd-bevonatok-kovetelmenyei\/","name":"K\u00f6vetelm\u00e9nyek a PVD-bevonathoz | Eifeler cs\u00facstechnol\u00f3gi\u00e1s bevonatok","isPartOf":{"@id":"https:\/\/www.eifeler-austria.com\/hu\/#website"},"datePublished":"2025-04-18T17:17:32+00:00","dateModified":"2025-05-06T12:55:07+00:00","description":"A t\u00f6k\u00e9letes PVD-bevonatok legegyszer\u0171bb m\u00f3dja: k\u00e9sz\u00edtse el\u0151 bevonatmegrendel\u00e9s\u00e9t egyszer\u0171en a ellen\u0151rz\u0151 list\u00e1nk alapj\u00e1n!","breadcrumb":{"@id":"https:\/\/www.eifeler-austria.com\/hu\/pvd-bevonatok-kovetelmenyei\/#breadcrumb"},"inLanguage":"de","potentialAction":[{"@type":"ReadAction","target":["https:\/\/www.eifeler-austria.com\/hu\/pvd-bevonatok-kovetelmenyei\/"]}]},{"@type":"BreadcrumbList","@id":"https:\/\/www.eifeler-austria.com\/hu\/pvd-bevonatok-kovetelmenyei\/#breadcrumb","itemListElement":[{"@type":"ListItem","position":1,"name":"Startseite","item":"https:\/\/www.eifeler-austria.com\/hu\/"},{"@type":"ListItem","position":2,"name":"Anforderungen"}]},{"@type":"WebSite","@id":"https:\/\/www.eifeler-austria.com\/hu\/#website","url":"https:\/\/www.eifeler-austria.com\/hu\/","name":"Eifeler cs\u00facstechnol\u00f3gi\u00e1s bevonatok","description":"Cs\u00facstechnol\u00f3gi\u00e1s bevonatok","publisher":{"@id":"https:\/\/www.eifeler-austria.com\/hu\/#organization"},"potentialAction":[{"@type":"SearchAction","target":{"@type":"EntryPoint","urlTemplate":"https:\/\/www.eifeler-austria.com\/hu\/?s={search_term_string}"},"query-input":{"@type":"PropertyValueSpecification","valueRequired":true,"valueName":"search_term_string"}}],"inLanguage":"de"},{"@type":"Organization","@id":"https:\/\/www.eifeler-austria.com\/hu\/#organization","name":"Eifeler cs\u00facstechnol\u00f3gi\u00e1s bevonatok","url":"https:\/\/www.eifeler-austria.com\/hu\/","logo":{"@type":"ImageObject","inLanguage":"de","@id":"https:\/\/www.eifeler-austria.com\/hu\/#\/schema\/logo\/image\/","url":"https:\/\/www.eifeler-austria.com\/hu\/wp-content\/uploads\/sites\/3\/2025\/04\/eifeler-csucstechnologias-bevonatok.svg","contentUrl":"https:\/\/www.eifeler-austria.com\/hu\/wp-content\/uploads\/sites\/3\/2025\/04\/eifeler-csucstechnologias-bevonatok.svg","width":186,"height":30,"caption":"Eifeler cs\u00facstechnol\u00f3gi\u00e1s bevonatok"},"image":{"@id":"https:\/\/www.eifeler-austria.com\/hu\/#\/schema\/logo\/image\/"}}]}},"_links":{"self":[{"href":"https:\/\/www.eifeler-austria.com\/hu\/wp-json\/wp\/v2\/pages\/338","targetHints":{"allow":["GET"]}}],"collection":[{"href":"https:\/\/www.eifeler-austria.com\/hu\/wp-json\/wp\/v2\/pages"}],"about":[{"href":"https:\/\/www.eifeler-austria.com\/hu\/wp-json\/wp\/v2\/types\/page"}],"author":[{"embeddable":true,"href":"https:\/\/www.eifeler-austria.com\/hu\/wp-json\/wp\/v2\/users\/7"}],"replies":[{"embeddable":true,"href":"https:\/\/www.eifeler-austria.com\/hu\/wp-json\/wp\/v2\/comments?post=338"}],"version-history":[{"count":2,"href":"https:\/\/www.eifeler-austria.com\/hu\/wp-json\/wp\/v2\/pages\/338\/revisions"}],"predecessor-version":[{"id":501,"href":"https:\/\/www.eifeler-austria.com\/hu\/wp-json\/wp\/v2\/pages\/338\/revisions\/501"}],"wp:attachment":[{"href":"https:\/\/www.eifeler-austria.com\/hu\/wp-json\/wp\/v2\/media?parent=338"}],"curies":[{"name":"wp","href":"https:\/\/api.w.org\/{rel}","templated":true}]}}