{"id":362,"date":"2025-04-18T20:05:21","date_gmt":"2025-04-18T18:05:21","guid":{"rendered":"https:\/\/www.eifeler-austria.com\/hu\/?page_id=362"},"modified":"2025-08-06T16:48:24","modified_gmt":"2025-08-06T14:48:24","slug":"minosegiranyitas-bevonatszakertok","status":"publish","type":"page","link":"https:\/\/www.eifeler-austria.com\/hu\/vallalat-bevonattechnologia\/minosegiranyitas-bevonatszakertok\/","title":{"rendered":"Qualit\u00e4tsmanagement"},"content":{"rendered":"\n<div class=\"wp-block-qubely-wrapper alignfull qubely-block-81e7ed\"><div class=\"qubely-block-wrapper-block \">\n<div class=\"wp-block-qubely-row alignfull qubely-section qubely-block-8b69fe\"><div class=\"qubely-video-bg-wrap\"><video class=\"qubely-video-bg\" autoplay muted loop><source src=\"https:\/\/www.eifeler-austria.com\/hu\/wp-content\/uploads\/sites\/3\/2025\/04\/minosegellenorzes-eifeler-bevonatok_quer_175.mp4\"\/><\/video><\/div><div class=\"qubely-row-overlay\"><\/div><div class=\"qubely-container-fluid\"><div class=\"qubely-row \">\n<div class=\"wp-block-qubely-column qubely-column qubely-column-front qubely-block-5c426a\"><div class=\"qubely-column-inner\"><\/div><\/div>\n\n\n\n<div class=\"wp-block-qubely-column qubely-column qubely-column-front qubely-block-e76e59\"><div class=\"qubely-column-inner\">\n<div class=\"wp-block-qubely-text qubely-block-aad834\"><div class=\"qubely-block-text  \"><div class=\"qubely-block-text-title-container  qubely-separator-position-top\"><div class=\"qubely-block-text-title-inner\"><h1 class=\"qubely-block-text-title\"><span style=\"color: var(--theme-palette-color-8, #ffffff);\" class=\"stk-highlight\">Min\u0151s\u00e9gi garanci\u00e1val<\/span><span style=\"color: var(--theme-palette-color-2, #006098);\" class=\"stk-highlight\">.<\/span><\/h1><\/div><\/div><p><span style=\"color: var(--theme-palette-color-8, #ffffff);\" class=\"stk-highlight\">Megb\u00edzhat\u00f3 sz\u00e1ll\u00edt\u00e1s, rugalmass\u00e1g, pontos \u00e9s z\u00f6kken\u0151mentes megrendel\u00e9skezel\u00e9s \u2013 Just In Time \u2013 a legmagasabb \u00e9s \u00e1lland\u00f3 min\u0151s\u00e9g mellett: ezek a t\u00e9nyez\u0151k k\u00e9pezik sikeres v\u00e1llalkoz\u00e1sunk \u00e9s \u00fcgyfeleink el\u00e9gedetts\u00e9g\u00e9nek alapj\u00e1t. <\/span><\/p><\/div><\/div>\n<\/div><\/div>\n\n\n\n<div class=\"wp-block-qubely-column qubely-column qubely-column-front qubely-block-db365e\"><div class=\"qubely-column-inner\"><\/div><\/div>\n<\/div><\/div><\/div>\n<\/div><\/div>\n\n\n\n<div class=\"wp-block-qubely-wrapper alignfull qubely-block-78de61\"><div class=\"qubely-block-wrapper-block \">\n<div class=\"wp-block-qubely-row alignfull qubely-section qubely-block-57da5c\"><div class=\"qubely-video-bg-wrap\"><video class=\"qubely-video-bg\" autoplay muted loop><source src=\"https:\/\/www.eifeler-austria.com\/hu\/wp-content\/uploads\/sites\/3\/2025\/04\/minosegellenorzes-eifeler-bevonatok_hoch-_223.mp4\"\/><\/video><\/div><div class=\"qubely-row-overlay\"><\/div><div class=\"qubely-container-fluid\"><div class=\"qubely-row \">\n<div class=\"wp-block-qubely-column qubely-column qubely-column-front qubely-block-68b76c\"><div class=\"qubely-column-inner\"><\/div><\/div>\n\n\n\n<div class=\"wp-block-qubely-column qubely-column qubely-column-front qubely-block-dbdd97\"><div class=\"qubely-column-inner\">\n<div class=\"wp-block-qubely-text qubely-block-14a70d\"><div class=\"qubely-block-text  \"><div class=\"qubely-block-text-title-container  qubely-separator-position-top\"><div class=\"qubely-block-text-title-inner\"><h1 class=\"qubely-block-text-title\"><span style=\"color: var(--theme-palette-color-8, #ffffff);\" class=\"stk-highlight\">Min\u0151s\u00e9gi garanci\u00e1val<\/span><span style=\"color: var(--theme-palette-color-2, #006098);\" class=\"stk-highlight\">.<\/span><\/h1><\/div><\/div><p><span style=\"color: var(--theme-palette-color-8, #ffffff);\" class=\"stk-highlight\">Megb\u00edzhat\u00f3 sz\u00e1ll\u00edt\u00e1s, rugalmass\u00e1g, pontos \u00e9s z\u00f6kken\u0151mentes megrendel\u00e9skezel\u00e9s \u2013 Just In Time \u2013 a legmagasabb \u00e9s \u00e1lland\u00f3 min\u0151s\u00e9g mellett: ezek a t\u00e9nyez\u0151k k\u00e9pezik sikeres v\u00e1llalkoz\u00e1sunk \u00e9s \u00fcgyfeleink el\u00e9gedetts\u00e9g\u00e9nek alapj\u00e1t.<\/span><\/p><\/div><\/div>\n<\/div><\/div>\n\n\n\n<div class=\"wp-block-qubely-column qubely-column qubely-column-front qubely-block-cc44a2\"><div class=\"qubely-column-inner\"><\/div><\/div>\n<\/div><\/div><\/div>\n<\/div><\/div>\n\n\n\n<div class=\"wp-block-qubely-row alignfull qubely-section qubely-block-374a35\"><div class=\"qubely-row-overlay\"><\/div><div class=\"qubely-container-fluid\"><div class=\"qubely-row \">\n<div class=\"wp-block-qubely-column qubely-column qubely-column-front qubely-block-539966\"><div class=\"qubely-column-inner\"><\/div><\/div>\n\n\n\n<div class=\"wp-block-qubely-column qubely-column qubely-column-front qubely-block-53755b\"><div class=\"qubely-column-inner\">\n<div class=\"wp-block-qubely-heading qubely-block-e62109\" id=\"2-hightech-beschichtungen--\"><div class=\"qubely-block-heading  \"><div class=\"qubely-heading-container\"><h2 class=\"qubely-heading-selector\">Min\u0151s\u00e9gi manufakt\u00fara<span style=\"color: var(--theme-palette-color-3, #3e3d40);\" class=\"stk-highlight\">.<\/span><\/h2><\/div><\/div><\/div>\n\n\n\n<div class=\"wp-block-qubely-text qubely-block-0d9af5\"><div class=\"qubely-block-text  \"><p>Min\u0151s\u00e9gi manufakt\u00far\u00e1nak tekintj\u00fck magunkat a PVD- \u00e9s DLC- kem\u00e9nybevonatok ter\u00e9n. Folyamatosan dolgozunk bevonataink tov\u00e1bbfejleszt\u00e9s\u00e9n. Mindek\u00f6zben a k\u00edn\u00e1lat \u00fcgyf\u00e9lbar\u00e1t: a bev\u00e1lt bevonatokat a j\u00f3l ismert nevek alatt folyamatosan optimaliz\u00e1ljuk. Ahogyan term\u00e9keinket is tov\u00e1bbfejlesztj\u00fck, folyamatosan dolgozunk szervezet\u00fcnk \u00e9s ir\u00e1ny\u00edt\u00e1si rendszer\u00fcnk tov\u00e1bbfejleszt\u00e9s\u00e9n is. Megb\u00edzhat\u00f3, korrekt \u00e9s&nbsp; hossz\u00fa t\u00e1v\u00fa partnert jelent\u00fcnk a bevonattechnol\u00f3gia ter\u00fclet\u00e9n.<\/p><\/div><\/div>\n\n\n\n<div class=\"wp-block-qubely-heading qubely-block-d9bfd9\" id=\"2-hightech-beschichtungen--\"><div class=\"qubely-block-heading  \"><div class=\"qubely-heading-container\"><h3 class=\"qubely-heading-selector\">ISO 9001 tan\u00fas\u00edtv\u00e1ny<\/h3><\/div><\/div><\/div>\n\n\n\n<div class=\"wp-block-qubely-text qubely-block-7973c0\"><div class=\"qubely-block-text  \"><p>A k\u00f6vetkezetes min\u0151s\u00e9gir\u00e1ny\u00edt\u00e1s n\u00e1lunk az els\u0151 helyen \u00e1ll. C\u00e9g\u00fcnk 2010 \u00f3ta az EN ISO 9001:2008 nemzetk\u00f6zi min\u0151s\u00e9gir\u00e1ny\u00edt\u00e1si rendszer szerint, 2016 \u00f3ta pedig az EN ISO 9001:2015 szerint tan\u00fas\u00edtott min\u0151s\u00e9gir\u00e1ny\u00edt\u00e1si rendszert tart fenn. Min\u0151s\u00e9gbiztos\u00edt\u00e1si rendszer\u00fcnk, munkat\u00e1rsaink szaktud\u00e1sa \u00e9s k\u00f6vetkezetes vizsg\u00e1lati elj\u00e1r\u00e1sunk (QCP*) alapj\u00e1n garant\u00e1ljuk szolg\u00e1ltat\u00e1saink folyamatosan magas min\u0151s\u00e9gi sz\u00ednvonal\u00e1t.<\/p><\/div><\/div>\n\n\n\n<div class=\"wp-block-qubely-text qubely-block-eeb7b6\"><div class=\"qubely-block-text  \"><p><em>*QCP (Min\u0151s\u00e9gellen\u0151rz\u00e9si terv):<\/em><br><em> r\u00e9tegmin\u0151s\u00e9g-m\u00e9r\u00e9s; r\u00e9tegvastags\u00e1g- \u00e9s r\u00e9tegszerkezet-m\u00e9r\u00e9s; fel\u00fclet-, r\u00e9tegtapad\u00e1s- \u00e9s v\u00e1g\u00f3\u00e9l-ellen\u0151rz\u00e9s; kem\u00e9nys\u00e9gvizsg\u00e1lat; m\u00e9r\u00e9si jegyz\u0151k\u00f6nyvek k\u00e9sz\u00edt\u00e9se<br><\/em><\/p><\/div><\/div>\n<\/div><\/div>\n\n\n\n<div class=\"wp-block-qubely-column qubely-column qubely-column-front qubely-block-8bcedb\"><div class=\"qubely-column-inner\"><\/div><\/div>\n<\/div><\/div><\/div>\n\n\n\n<div class=\"wp-block-qubely-row qubely-section qubely-block-e247bb\"><div class=\"qubely-row-overlay\"><\/div><div class=\"qubely-container\"><div class=\"qubely-row \">\n<div class=\"wp-block-qubely-column qubely-column qubely-column-front qubely-block-da22a0\"><div class=\"qubely-column-inner\"><\/div><\/div>\n\n\n\n<div class=\"wp-block-qubely-column qubely-column qubely-column-front qubely-block-c9ff69\"><div class=\"qubely-column-inner\">\n<div class=\"wp-block-qubely-image qubely-block-bd5c36\"><div class=\"qubely-block-image  qubely-image-layout-simple\"><div class=\"qubely-image-media qubely-vertical-alignment-center qubely-horizontal-alignment-center\"><figure><div class=\"qubely-image-container\"><img decoding=\"async\" class=\"qubely-image-image\" src=\"https:\/\/www.eifeler-austria.com\/hu\/wp-content\/uploads\/sites\/3\/2025\/08\/qualitymanagement-eifeler-coatings-iso-certificate_25.jpg\" srcset=\"https:\/\/www.eifeler-austria.com\/hu\/wp-content\/uploads\/sites\/3\/2025\/08\/qualitymanagement-eifeler-coatings-iso-certificate_25.jpg 1x, https:\/\/www.eifeler-austria.com\/hu\/wp-content\/uploads\/sites\/3\/2025\/08\/qualitymanagement-eifeler-coatings-iso-certificate_25@2x.jpg 2x\" alt=\"\"\/><\/div><\/figure><\/div><\/div><\/div>\n<\/div><\/div>\n\n\n\n<div class=\"wp-block-qubely-column qubely-column qubely-column-front qubely-block-b26c4d\"><div class=\"qubely-column-inner\"><\/div><\/div>\n\n\n\n<div class=\"wp-block-qubely-column qubely-column qubely-column-front qubely-block-aaf99b\"><div class=\"qubely-column-inner\"><\/div><\/div>\n<\/div><\/div><\/div>\n","protected":false},"excerpt":{"rendered":"","protected":false},"author":7,"featured_media":0,"parent":356,"menu_order":0,"comment_status":"closed","ping_status":"closed","template":"","meta":{"qubely_global_settings":"","qubely_interactions":"","footnotes":""},"class_list":["post-362","page","type-page","status-publish","hentry"],"blocksy_meta":{"vertical_spacing_source":"custom","content_area_spacing":"none","styles_descriptor":{"styles":{"desktop":"","tablet":"","mobile":""},"google_fonts":[],"version":6}},"yoast_head":"<!-- This site is optimized with the Yoast SEO plugin v26.6 - https:\/\/yoast.com\/wordpress\/plugins\/seo\/ -->\n<title>Bevonatok min\u0151s\u00e9gi garanci\u00e1val | Eifeler cs\u00facstechnol\u00f3gi\u00e1s bevonatok<\/title>\n<meta name=\"description\" content=\"Az Eifeler bevonattechnol\u00f3giai min\u0151s\u00e9gi manufakt\u00farak\u00e9nt a k\u00f6vetkezetes min\u0151s\u00e9gir\u00e1ny\u00edt\u00e1st helyezi el\u0151t\u00e9rbe. EN ISO 9001 tan\u00fas\u00edtv\u00e1ny\" \/>\n<meta name=\"robots\" content=\"index, follow, max-snippet:-1, max-image-preview:large, max-video-preview:-1\" \/>\n<link rel=\"canonical\" href=\"https:\/\/www.eifeler-austria.com\/hu\/vallalat-bevonattechnologia\/minosegiranyitas-bevonatszakertok\/\" \/>\n<meta property=\"og:locale\" content=\"de_DE\" \/>\n<meta property=\"og:type\" content=\"article\" \/>\n<meta property=\"og:title\" content=\"Bevonatok min\u0151s\u00e9gi garanci\u00e1val | Eifeler cs\u00facstechnol\u00f3gi\u00e1s bevonatok\" \/>\n<meta property=\"og:description\" content=\"Az Eifeler bevonattechnol\u00f3giai min\u0151s\u00e9gi manufakt\u00farak\u00e9nt a k\u00f6vetkezetes min\u0151s\u00e9gir\u00e1ny\u00edt\u00e1st helyezi el\u0151t\u00e9rbe. EN ISO 9001 tan\u00fas\u00edtv\u00e1ny\" \/>\n<meta property=\"og:url\" content=\"https:\/\/www.eifeler-austria.com\/hu\/vallalat-bevonattechnologia\/minosegiranyitas-bevonatszakertok\/\" \/>\n<meta property=\"og:site_name\" content=\"Eifeler cs\u00facstechnol\u00f3gi\u00e1s bevonatok\" \/>\n<meta property=\"article:modified_time\" content=\"2025-08-06T14:48:24+00:00\" \/>\n<meta property=\"og:image\" content=\"https:\/\/www.eifeler-austria.com\/hu\/wp-content\/uploads\/sites\/3\/2025\/08\/qualitymanagement-eifeler-coatings-iso-certificate_25.jpg\" \/>\n<meta name=\"twitter:card\" content=\"summary_large_image\" \/>\n<meta name=\"twitter:label1\" content=\"Gesch\u00e4tzte Lesezeit\" \/>\n\t<meta name=\"twitter:data1\" content=\"2\u00a0Minuten\" \/>\n<script type=\"application\/ld+json\" class=\"yoast-schema-graph\">{\"@context\":\"https:\/\/schema.org\",\"@graph\":[{\"@type\":\"WebPage\",\"@id\":\"https:\/\/www.eifeler-austria.com\/hu\/vallalat-bevonattechnologia\/minosegiranyitas-bevonatszakertok\/\",\"url\":\"https:\/\/www.eifeler-austria.com\/hu\/vallalat-bevonattechnologia\/minosegiranyitas-bevonatszakertok\/\",\"name\":\"Bevonatok min\u0151s\u00e9gi garanci\u00e1val | Eifeler cs\u00facstechnol\u00f3gi\u00e1s bevonatok\",\"isPartOf\":{\"@id\":\"https:\/\/www.eifeler-austria.com\/hu\/#website\"},\"primaryImageOfPage\":{\"@id\":\"https:\/\/www.eifeler-austria.com\/hu\/vallalat-bevonattechnologia\/minosegiranyitas-bevonatszakertok\/#primaryimage\"},\"image\":{\"@id\":\"https:\/\/www.eifeler-austria.com\/hu\/vallalat-bevonattechnologia\/minosegiranyitas-bevonatszakertok\/#primaryimage\"},\"thumbnailUrl\":\"https:\/\/www.eifeler-austria.com\/hu\/wp-content\/uploads\/sites\/3\/2025\/08\/qualitymanagement-eifeler-coatings-iso-certificate_25.jpg\",\"datePublished\":\"2025-04-18T18:05:21+00:00\",\"dateModified\":\"2025-08-06T14:48:24+00:00\",\"description\":\"Az Eifeler bevonattechnol\u00f3giai min\u0151s\u00e9gi manufakt\u00farak\u00e9nt a k\u00f6vetkezetes min\u0151s\u00e9gir\u00e1ny\u00edt\u00e1st helyezi el\u0151t\u00e9rbe. EN ISO 9001 tan\u00fas\u00edtv\u00e1ny\",\"breadcrumb\":{\"@id\":\"https:\/\/www.eifeler-austria.com\/hu\/vallalat-bevonattechnologia\/minosegiranyitas-bevonatszakertok\/#breadcrumb\"},\"inLanguage\":\"de\",\"potentialAction\":[{\"@type\":\"ReadAction\",\"target\":[\"https:\/\/www.eifeler-austria.com\/hu\/vallalat-bevonattechnologia\/minosegiranyitas-bevonatszakertok\/\"]}]},{\"@type\":\"ImageObject\",\"inLanguage\":\"de\",\"@id\":\"https:\/\/www.eifeler-austria.com\/hu\/vallalat-bevonattechnologia\/minosegiranyitas-bevonatszakertok\/#primaryimage\",\"url\":\"https:\/\/www.eifeler-austria.com\/hu\/wp-content\/uploads\/sites\/3\/2025\/08\/qualitymanagement-eifeler-coatings-iso-certificate_25.jpg\",\"contentUrl\":\"https:\/\/www.eifeler-austria.com\/hu\/wp-content\/uploads\/sites\/3\/2025\/08\/qualitymanagement-eifeler-coatings-iso-certificate_25.jpg\",\"width\":420,\"height\":593},{\"@type\":\"BreadcrumbList\",\"@id\":\"https:\/\/www.eifeler-austria.com\/hu\/vallalat-bevonattechnologia\/minosegiranyitas-bevonatszakertok\/#breadcrumb\",\"itemListElement\":[{\"@type\":\"ListItem\",\"position\":1,\"name\":\"Startseite\",\"item\":\"https:\/\/www.eifeler-austria.com\/hu\/\"},{\"@type\":\"ListItem\",\"position\":2,\"name\":\"Unternehmen\",\"item\":\"https:\/\/www.eifeler-austria.com\/hu\/vallalat-bevonattechnologia\/\"},{\"@type\":\"ListItem\",\"position\":3,\"name\":\"Qualit\u00e4tsmanagement\"}]},{\"@type\":\"WebSite\",\"@id\":\"https:\/\/www.eifeler-austria.com\/hu\/#website\",\"url\":\"https:\/\/www.eifeler-austria.com\/hu\/\",\"name\":\"Eifeler cs\u00facstechnol\u00f3gi\u00e1s bevonatok\",\"description\":\"Cs\u00facstechnol\u00f3gi\u00e1s bevonatok\",\"publisher\":{\"@id\":\"https:\/\/www.eifeler-austria.com\/hu\/#organization\"},\"potentialAction\":[{\"@type\":\"SearchAction\",\"target\":{\"@type\":\"EntryPoint\",\"urlTemplate\":\"https:\/\/www.eifeler-austria.com\/hu\/?s={search_term_string}\"},\"query-input\":{\"@type\":\"PropertyValueSpecification\",\"valueRequired\":true,\"valueName\":\"search_term_string\"}}],\"inLanguage\":\"de\"},{\"@type\":\"Organization\",\"@id\":\"https:\/\/www.eifeler-austria.com\/hu\/#organization\",\"name\":\"Eifeler cs\u00facstechnol\u00f3gi\u00e1s bevonatok\",\"url\":\"https:\/\/www.eifeler-austria.com\/hu\/\",\"logo\":{\"@type\":\"ImageObject\",\"inLanguage\":\"de\",\"@id\":\"https:\/\/www.eifeler-austria.com\/hu\/#\/schema\/logo\/image\/\",\"url\":\"https:\/\/www.eifeler-austria.com\/hu\/wp-content\/uploads\/sites\/3\/2025\/04\/eifeler-csucstechnologias-bevonatok.svg\",\"contentUrl\":\"https:\/\/www.eifeler-austria.com\/hu\/wp-content\/uploads\/sites\/3\/2025\/04\/eifeler-csucstechnologias-bevonatok.svg\",\"width\":186,\"height\":30,\"caption\":\"Eifeler cs\u00facstechnol\u00f3gi\u00e1s bevonatok\"},\"image\":{\"@id\":\"https:\/\/www.eifeler-austria.com\/hu\/#\/schema\/logo\/image\/\"}}]}<\/script>\n<!-- \/ Yoast SEO plugin. -->","yoast_head_json":{"title":"Bevonatok min\u0151s\u00e9gi garanci\u00e1val | Eifeler cs\u00facstechnol\u00f3gi\u00e1s bevonatok","description":"Az Eifeler bevonattechnol\u00f3giai min\u0151s\u00e9gi manufakt\u00farak\u00e9nt a k\u00f6vetkezetes min\u0151s\u00e9gir\u00e1ny\u00edt\u00e1st helyezi el\u0151t\u00e9rbe. EN ISO 9001 tan\u00fas\u00edtv\u00e1ny","robots":{"index":"index","follow":"follow","max-snippet":"max-snippet:-1","max-image-preview":"max-image-preview:large","max-video-preview":"max-video-preview:-1"},"canonical":"https:\/\/www.eifeler-austria.com\/hu\/vallalat-bevonattechnologia\/minosegiranyitas-bevonatszakertok\/","og_locale":"de_DE","og_type":"article","og_title":"Bevonatok min\u0151s\u00e9gi garanci\u00e1val | Eifeler cs\u00facstechnol\u00f3gi\u00e1s bevonatok","og_description":"Az Eifeler bevonattechnol\u00f3giai min\u0151s\u00e9gi manufakt\u00farak\u00e9nt a k\u00f6vetkezetes min\u0151s\u00e9gir\u00e1ny\u00edt\u00e1st helyezi el\u0151t\u00e9rbe. EN ISO 9001 tan\u00fas\u00edtv\u00e1ny","og_url":"https:\/\/www.eifeler-austria.com\/hu\/vallalat-bevonattechnologia\/minosegiranyitas-bevonatszakertok\/","og_site_name":"Eifeler cs\u00facstechnol\u00f3gi\u00e1s bevonatok","article_modified_time":"2025-08-06T14:48:24+00:00","og_image":[{"url":"https:\/\/www.eifeler-austria.com\/hu\/wp-content\/uploads\/sites\/3\/2025\/08\/qualitymanagement-eifeler-coatings-iso-certificate_25.jpg","type":"","width":"","height":""}],"twitter_card":"summary_large_image","twitter_misc":{"Gesch\u00e4tzte Lesezeit":"2\u00a0Minuten"},"schema":{"@context":"https:\/\/schema.org","@graph":[{"@type":"WebPage","@id":"https:\/\/www.eifeler-austria.com\/hu\/vallalat-bevonattechnologia\/minosegiranyitas-bevonatszakertok\/","url":"https:\/\/www.eifeler-austria.com\/hu\/vallalat-bevonattechnologia\/minosegiranyitas-bevonatszakertok\/","name":"Bevonatok min\u0151s\u00e9gi garanci\u00e1val | Eifeler cs\u00facstechnol\u00f3gi\u00e1s bevonatok","isPartOf":{"@id":"https:\/\/www.eifeler-austria.com\/hu\/#website"},"primaryImageOfPage":{"@id":"https:\/\/www.eifeler-austria.com\/hu\/vallalat-bevonattechnologia\/minosegiranyitas-bevonatszakertok\/#primaryimage"},"image":{"@id":"https:\/\/www.eifeler-austria.com\/hu\/vallalat-bevonattechnologia\/minosegiranyitas-bevonatszakertok\/#primaryimage"},"thumbnailUrl":"https:\/\/www.eifeler-austria.com\/hu\/wp-content\/uploads\/sites\/3\/2025\/08\/qualitymanagement-eifeler-coatings-iso-certificate_25.jpg","datePublished":"2025-04-18T18:05:21+00:00","dateModified":"2025-08-06T14:48:24+00:00","description":"Az Eifeler bevonattechnol\u00f3giai min\u0151s\u00e9gi manufakt\u00farak\u00e9nt a k\u00f6vetkezetes min\u0151s\u00e9gir\u00e1ny\u00edt\u00e1st helyezi el\u0151t\u00e9rbe. EN ISO 9001 tan\u00fas\u00edtv\u00e1ny","breadcrumb":{"@id":"https:\/\/www.eifeler-austria.com\/hu\/vallalat-bevonattechnologia\/minosegiranyitas-bevonatszakertok\/#breadcrumb"},"inLanguage":"de","potentialAction":[{"@type":"ReadAction","target":["https:\/\/www.eifeler-austria.com\/hu\/vallalat-bevonattechnologia\/minosegiranyitas-bevonatszakertok\/"]}]},{"@type":"ImageObject","inLanguage":"de","@id":"https:\/\/www.eifeler-austria.com\/hu\/vallalat-bevonattechnologia\/minosegiranyitas-bevonatszakertok\/#primaryimage","url":"https:\/\/www.eifeler-austria.com\/hu\/wp-content\/uploads\/sites\/3\/2025\/08\/qualitymanagement-eifeler-coatings-iso-certificate_25.jpg","contentUrl":"https:\/\/www.eifeler-austria.com\/hu\/wp-content\/uploads\/sites\/3\/2025\/08\/qualitymanagement-eifeler-coatings-iso-certificate_25.jpg","width":420,"height":593},{"@type":"BreadcrumbList","@id":"https:\/\/www.eifeler-austria.com\/hu\/vallalat-bevonattechnologia\/minosegiranyitas-bevonatszakertok\/#breadcrumb","itemListElement":[{"@type":"ListItem","position":1,"name":"Startseite","item":"https:\/\/www.eifeler-austria.com\/hu\/"},{"@type":"ListItem","position":2,"name":"Unternehmen","item":"https:\/\/www.eifeler-austria.com\/hu\/vallalat-bevonattechnologia\/"},{"@type":"ListItem","position":3,"name":"Qualit\u00e4tsmanagement"}]},{"@type":"WebSite","@id":"https:\/\/www.eifeler-austria.com\/hu\/#website","url":"https:\/\/www.eifeler-austria.com\/hu\/","name":"Eifeler cs\u00facstechnol\u00f3gi\u00e1s bevonatok","description":"Cs\u00facstechnol\u00f3gi\u00e1s bevonatok","publisher":{"@id":"https:\/\/www.eifeler-austria.com\/hu\/#organization"},"potentialAction":[{"@type":"SearchAction","target":{"@type":"EntryPoint","urlTemplate":"https:\/\/www.eifeler-austria.com\/hu\/?s={search_term_string}"},"query-input":{"@type":"PropertyValueSpecification","valueRequired":true,"valueName":"search_term_string"}}],"inLanguage":"de"},{"@type":"Organization","@id":"https:\/\/www.eifeler-austria.com\/hu\/#organization","name":"Eifeler cs\u00facstechnol\u00f3gi\u00e1s bevonatok","url":"https:\/\/www.eifeler-austria.com\/hu\/","logo":{"@type":"ImageObject","inLanguage":"de","@id":"https:\/\/www.eifeler-austria.com\/hu\/#\/schema\/logo\/image\/","url":"https:\/\/www.eifeler-austria.com\/hu\/wp-content\/uploads\/sites\/3\/2025\/04\/eifeler-csucstechnologias-bevonatok.svg","contentUrl":"https:\/\/www.eifeler-austria.com\/hu\/wp-content\/uploads\/sites\/3\/2025\/04\/eifeler-csucstechnologias-bevonatok.svg","width":186,"height":30,"caption":"Eifeler cs\u00facstechnol\u00f3gi\u00e1s bevonatok"},"image":{"@id":"https:\/\/www.eifeler-austria.com\/hu\/#\/schema\/logo\/image\/"}}]}},"_links":{"self":[{"href":"https:\/\/www.eifeler-austria.com\/hu\/wp-json\/wp\/v2\/pages\/362","targetHints":{"allow":["GET"]}}],"collection":[{"href":"https:\/\/www.eifeler-austria.com\/hu\/wp-json\/wp\/v2\/pages"}],"about":[{"href":"https:\/\/www.eifeler-austria.com\/hu\/wp-json\/wp\/v2\/types\/page"}],"author":[{"embeddable":true,"href":"https:\/\/www.eifeler-austria.com\/hu\/wp-json\/wp\/v2\/users\/7"}],"replies":[{"embeddable":true,"href":"https:\/\/www.eifeler-austria.com\/hu\/wp-json\/wp\/v2\/comments?post=362"}],"version-history":[{"count":3,"href":"https:\/\/www.eifeler-austria.com\/hu\/wp-json\/wp\/v2\/pages\/362\/revisions"}],"predecessor-version":[{"id":590,"href":"https:\/\/www.eifeler-austria.com\/hu\/wp-json\/wp\/v2\/pages\/362\/revisions\/590"}],"up":[{"embeddable":true,"href":"https:\/\/www.eifeler-austria.com\/hu\/wp-json\/wp\/v2\/pages\/356"}],"wp:attachment":[{"href":"https:\/\/www.eifeler-austria.com\/hu\/wp-json\/wp\/v2\/media?parent=362"}],"curies":[{"name":"wp","href":"https:\/\/api.w.org\/{rel}","templated":true}]}}