{"id":364,"date":"2025-04-18T20:16:33","date_gmt":"2025-04-18T18:16:33","guid":{"rendered":"https:\/\/www.eifeler-austria.com\/hu\/?page_id=364"},"modified":"2025-04-22T15:29:04","modified_gmt":"2025-04-22T13:29:04","slug":"allaslehetosegek-karrier","status":"publish","type":"page","link":"https:\/\/www.eifeler-austria.com\/hu\/vallalat-bevonattechnologia\/allaslehetosegek-karrier\/","title":{"rendered":"Karriere"},"content":{"rendered":"\n<div class=\"wp-block-qubely-wrapper alignfull qubely-block-2db9f8\"><div class=\"qubely-block-wrapper-block \">\n<div class=\"wp-block-qubely-row qubely-section qubely-block-3b1956\"><div class=\"qubely-row-overlay\"><\/div><div class=\"qubely-container\"><div class=\"qubely-row \">\n<div class=\"wp-block-qubely-column qubely-column qubely-column-front qubely-block-a9e7af\"><div class=\"qubely-column-inner\"><\/div><\/div>\n\n\n\n<div class=\"wp-block-qubely-column qubely-column qubely-column-front qubely-block-71aaf5\"><div class=\"qubely-column-inner\">\n<div class=\"wp-block-qubely-text qubely-block-3dbc27\"><div class=\"qubely-block-text  \"><div class=\"qubely-block-text-title-container  qubely-separator-position-top\"><div class=\"qubely-block-text-title-inner\"><h1 class=\"qubely-block-text-title\">V\u00e1gjon bele: <br>karrier n\u00e1lunk<span style=\"color: var(--theme-palette-color-2, #006098);\" class=\"stk-highlight\">.<\/span><\/h1><\/div><\/div><p>T\u00f6bbre v\u00e1gyik, mint csak egy munka, \u00e9s szeretne egy elk\u00f6telezett, sikeres csapat tagja lenni? Rajta \u2013 v\u00e1rjuk jelentkez\u00e9s\u00e9t!<\/p><\/div><\/div>\n<\/div><\/div>\n\n\n\n<div class=\"wp-block-qubely-column qubely-column qubely-column-front qubely-block-ba7e4e\"><div class=\"qubely-column-inner\"><\/div><\/div>\n<\/div><\/div><\/div>\n<\/div><\/div>\n\n\n\n<div class=\"wp-block-qubely-wrapper alignfull qubely-block-70efe1\"><div class=\"qubely-block-wrapper-block \">\n<div class=\"wp-block-qubely-row alignfull qubely-section qubely-block-cfa5d4\"><div class=\"qubely-row-overlay\"><\/div><div class=\"qubely-container-fluid\"><div class=\"qubely-row \">\n<div class=\"wp-block-qubely-column qubely-column qubely-column-front qubely-block-db21f5\"><div class=\"qubely-column-inner\"><\/div><\/div>\n\n\n\n<div class=\"wp-block-qubely-column qubely-column qubely-column-front qubely-block-35c2c1\"><div class=\"qubely-column-inner\">\n<div class=\"wp-block-qubely-text qubely-block-3d5323\"><div class=\"qubely-block-text  \"><div class=\"qubely-block-text-title-container  qubely-separator-position-top\"><div class=\"qubely-block-text-title-inner\"><h1 class=\"qubely-block-text-title\"><span style=\"color: var(--theme-palette-color-8, #ffffff);\" class=\"stk-highlight\">V\u00e1gjon bele:<\/span><br><span style=\"color: var(--theme-palette-color-8, #ffffff);\" class=\"stk-highlight\">karrier n\u00e1lunk<\/span><span style=\"color: var(--theme-palette-color-2, #006098);\" class=\"stk-highlight\">.<\/span><\/h1><\/div><\/div><p><span style=\"color: var(--theme-palette-color-8, #ffffff);\" class=\"stk-highlight\">T\u00f6bbre v\u00e1gyik, mint csak egy munka, \u00e9s szeretne egy elk\u00f6telezett, sikeres csapat tagja lenni? Rajta \u2013 v\u00e1rjuk jelentkez\u00e9s\u00e9t!<\/span><\/p><\/div><\/div>\n<\/div><\/div>\n\n\n\n<div class=\"wp-block-qubely-column qubely-column qubely-column-front qubely-block-ad77e9\"><div class=\"qubely-column-inner\"><\/div><\/div>\n<\/div><\/div><\/div>\n<\/div><\/div>\n\n\n\n<div class=\"wp-block-qubely-row alignfull qubely-section qubely-block-d49095\"><div class=\"qubely-row-overlay\"><\/div><div class=\"qubely-container-fluid\"><div class=\"qubely-row \">\n<div class=\"wp-block-qubely-column qubely-column qubely-column-front qubely-block-b73556\"><div class=\"qubely-column-inner\"><\/div><\/div>\n\n\n\n<div class=\"wp-block-qubely-column qubely-column qubely-column-front qubely-block-df70d4\"><div class=\"qubely-column-inner\">\n<div class=\"wp-block-qubely-heading qubely-block-4f638b\" id=\"2-hightech-beschichtungen--\"><div class=\"qubely-block-heading  \"><div class=\"qubely-heading-container\"><h2 class=\"qubely-heading-selector\">Ragyog\u00f3 teljes\u00edtm\u00e9ny?<\/h2><\/div><\/div><\/div>\n\n\n\n<div class=\"wp-block-qubely-text qubely-block-06c1ac\"><div class=\"qubely-block-text  \"><p>A cs\u00facstechnol\u00f3gi\u00e1s kem\u00e9nybevonatok szak\u00e9rt\u0151ik\u00e9nt, tan\u00e1csad\u00f3i kompetenci\u00e1nkkal, rugalmass\u00e1gunkkal \u00e9s gyors reakci\u00f3id\u0151nkkel m\u00e1r egy sz\u00e9les \u00fcgyf\u00e9lk\u00f6rt meggy\u0151zt\u00fcnk bevonatmegold\u00e1saink hat\u00e9konys\u00e1g\u00e1r\u00f3l, \u00e9s sok hossz\u00fa t\u00e1v\u00fa \u00fczleti partnerkapcsolatokat alak\u00edtottunk ki. <br><br>Siker\u00fcnk titka az innovat\u00edv technol\u00f3gia mellett els\u0151sorban a szolg\u00e1ltat\u00e1sok \u00e9s a szem\u00e9lyre szabott tan\u00e1csad\u00e1s \u2013 a kulcsfontoss\u00e1g\u00fa t\u00e9nyez\u0151vel, azaz egy elk\u00f6telezett, kompetens \u00e9s megb\u00edzhat\u00f3 csapattal egy\u00fctt.<\/p><\/div><\/div>\n\n\n\n<div class=\"wp-block-qubely-heading qubely-block-103af0\" id=\"17-latest-news--\"><div class=\"qubely-block-heading  \"><div class=\"qubely-heading-container\"><h3 class=\"qubely-heading-selector\">Nyitott poz\u00edci\u00f3k<\/h3><\/div><\/div><\/div>\n\n\n\n<div class=\"wp-block-qubely-text qubely-block-297aa5\"><div class=\"qubely-block-text  \"><p>Jelenleg k\u00e9szs\u00e9ges \u00e9s megb\u00edzhat\u00f3 munkat\u00e1rsat keres\u00fcnk, aki a gy\u00e1rt\u00e1si csapatunkat er\u0151s\u00edten\u00e9. <br>Tov\u00e1bbi inform\u00e1ci\u00f3kat itt tal\u00e1l: <a href=\"https:\/\/www.eifeler-austria.com\/wp-content\/uploads\/2024\/11\/Stellenanzeige-Produktion-Eifeler-Austria-112024.pdf\" data-type=\"attachment\" data-id=\"7063\" target=\"_blank\" rel=\"noreferrer noopener\">\u00e1ll\u00e1shirdet\u00e9s gy\u00e1rt\u00e1s<\/a><\/p><\/div><\/div>\n\n\n\n<div class=\"wp-block-qubely-heading qubely-block-a32334\" id=\"17-latest-news--\"><div class=\"qubely-block-heading  \"><div class=\"qubely-heading-container\"><h3 class=\"qubely-heading-selector\">Kezdem\u00e9nyezzen<\/h3><\/div><\/div><\/div>\n\n\n\n<div class=\"wp-block-qubely-text qubely-block-9d74c5\"><div class=\"qubely-block-text  \"><p>A cs\u00facstechnol\u00f3gi\u00e1s bevonatok szak\u00e9rt\u0151ik\u00e9nt v\u00e9gzett sokr\u00e9t\u0171 feladatokhoz \u00e9s kih\u00edv\u00e1sokhoz elk\u00f6telezett \u00e9s motiv\u00e1lt munkat\u00e1rsakra van sz\u00fcks\u00e9g\u00fcnk, k\u00fcl\u00f6nb\u00f6z\u0151 k\u00e9pes\u00edt\u00e9sekkel. Ha el tudja k\u00e9pzelni, hogy hozz\u00e1j\u00e1ruljon v\u00e1llalatunk siker\u00e9hez, v\u00e1rjuk <a title=\"K\u00f6zvetlen jelentkez\u00e9s k\u00fcld\u00e9se az Eifeler Plasma Beschichtungs GmbH r\u00e9sz\u00e9re\" href=\"mailto:\/\/bewerbung@eifeler-austria.com\" target=\"_blank\" rel=\"noopener noreferrer\">k\u00f6zvetlen jelentkez\u00e9s\u00e9t<\/a>!<\/p><\/div><\/div>\n<\/div><\/div>\n\n\n\n<div class=\"wp-block-qubely-column qubely-column qubely-column-front qubely-block-c3f64c\"><div class=\"qubely-column-inner\"><\/div><\/div>\n<\/div><\/div><\/div>\n","protected":false},"excerpt":{"rendered":"","protected":false},"author":7,"featured_media":0,"parent":356,"menu_order":0,"comment_status":"closed","ping_status":"closed","template":"","meta":{"qubely_global_settings":"","qubely_interactions":"","footnotes":""},"class_list":["post-364","page","type-page","status-publish","hentry"],"blocksy_meta":{"vertical_spacing_source":"custom","content_area_spacing":"none","styles_descriptor":{"styles":{"desktop":"","tablet":"","mobile":""},"google_fonts":[],"version":6}},"yoast_head":"<!-- This site is optimized with the Yoast SEO plugin v26.6 - https:\/\/yoast.com\/wordpress\/plugins\/seo\/ -->\n<title>Nyitott poz\u00edci\u00f3k \u00e9s karrierlehet\u0151s\u00e9gek | Eifeler cs\u00facstechnol\u00f3gi\u00e1s bevonatok<\/title>\n<meta name=\"description\" content=\"Cs\u00facstechnol\u00f3gi\u00e1s PVD- \u00e9s DLC-bevonatok szak\u00e9rt\u0151ik\u00e9nt siker\u00fcnk kulcsa az elk\u00f6telezett, kompetens \u00e9s megb\u00edzhat\u00f3 csapatunk.\" \/>\n<meta name=\"robots\" content=\"index, follow, max-snippet:-1, max-image-preview:large, max-video-preview:-1\" \/>\n<link rel=\"canonical\" href=\"https:\/\/www.eifeler-austria.com\/hu\/vallalat-bevonattechnologia\/allaslehetosegek-karrier\/\" \/>\n<meta property=\"og:locale\" content=\"de_DE\" \/>\n<meta property=\"og:type\" content=\"article\" \/>\n<meta property=\"og:title\" content=\"Nyitott poz\u00edci\u00f3k \u00e9s karrierlehet\u0151s\u00e9gek | Eifeler cs\u00facstechnol\u00f3gi\u00e1s bevonatok\" \/>\n<meta property=\"og:description\" content=\"Cs\u00facstechnol\u00f3gi\u00e1s PVD- \u00e9s DLC-bevonatok szak\u00e9rt\u0151ik\u00e9nt siker\u00fcnk kulcsa az elk\u00f6telezett, kompetens \u00e9s megb\u00edzhat\u00f3 csapatunk.\" \/>\n<meta property=\"og:url\" content=\"https:\/\/www.eifeler-austria.com\/hu\/vallalat-bevonattechnologia\/allaslehetosegek-karrier\/\" \/>\n<meta property=\"og:site_name\" content=\"Eifeler cs\u00facstechnol\u00f3gi\u00e1s bevonatok\" \/>\n<meta property=\"article:modified_time\" content=\"2025-04-22T13:29:04+00:00\" \/>\n<meta name=\"twitter:card\" content=\"summary_large_image\" \/>\n<meta name=\"twitter:label1\" content=\"Gesch\u00e4tzte Lesezeit\" \/>\n\t<meta name=\"twitter:data1\" content=\"1\u00a0Minute\" \/>\n<script type=\"application\/ld+json\" class=\"yoast-schema-graph\">{\"@context\":\"https:\/\/schema.org\",\"@graph\":[{\"@type\":\"WebPage\",\"@id\":\"https:\/\/www.eifeler-austria.com\/hu\/vallalat-bevonattechnologia\/allaslehetosegek-karrier\/\",\"url\":\"https:\/\/www.eifeler-austria.com\/hu\/vallalat-bevonattechnologia\/allaslehetosegek-karrier\/\",\"name\":\"Nyitott poz\u00edci\u00f3k \u00e9s karrierlehet\u0151s\u00e9gek | Eifeler cs\u00facstechnol\u00f3gi\u00e1s bevonatok\",\"isPartOf\":{\"@id\":\"https:\/\/www.eifeler-austria.com\/hu\/#website\"},\"datePublished\":\"2025-04-18T18:16:33+00:00\",\"dateModified\":\"2025-04-22T13:29:04+00:00\",\"description\":\"Cs\u00facstechnol\u00f3gi\u00e1s PVD- \u00e9s DLC-bevonatok szak\u00e9rt\u0151ik\u00e9nt siker\u00fcnk kulcsa az elk\u00f6telezett, kompetens \u00e9s megb\u00edzhat\u00f3 csapatunk.\",\"breadcrumb\":{\"@id\":\"https:\/\/www.eifeler-austria.com\/hu\/vallalat-bevonattechnologia\/allaslehetosegek-karrier\/#breadcrumb\"},\"inLanguage\":\"de\",\"potentialAction\":[{\"@type\":\"ReadAction\",\"target\":[\"https:\/\/www.eifeler-austria.com\/hu\/vallalat-bevonattechnologia\/allaslehetosegek-karrier\/\"]}]},{\"@type\":\"BreadcrumbList\",\"@id\":\"https:\/\/www.eifeler-austria.com\/hu\/vallalat-bevonattechnologia\/allaslehetosegek-karrier\/#breadcrumb\",\"itemListElement\":[{\"@type\":\"ListItem\",\"position\":1,\"name\":\"Startseite\",\"item\":\"https:\/\/www.eifeler-austria.com\/hu\/\"},{\"@type\":\"ListItem\",\"position\":2,\"name\":\"Unternehmen\",\"item\":\"https:\/\/www.eifeler-austria.com\/hu\/vallalat-bevonattechnologia\/\"},{\"@type\":\"ListItem\",\"position\":3,\"name\":\"Karriere\"}]},{\"@type\":\"WebSite\",\"@id\":\"https:\/\/www.eifeler-austria.com\/hu\/#website\",\"url\":\"https:\/\/www.eifeler-austria.com\/hu\/\",\"name\":\"Eifeler cs\u00facstechnol\u00f3gi\u00e1s bevonatok\",\"description\":\"Cs\u00facstechnol\u00f3gi\u00e1s bevonatok\",\"publisher\":{\"@id\":\"https:\/\/www.eifeler-austria.com\/hu\/#organization\"},\"potentialAction\":[{\"@type\":\"SearchAction\",\"target\":{\"@type\":\"EntryPoint\",\"urlTemplate\":\"https:\/\/www.eifeler-austria.com\/hu\/?s={search_term_string}\"},\"query-input\":{\"@type\":\"PropertyValueSpecification\",\"valueRequired\":true,\"valueName\":\"search_term_string\"}}],\"inLanguage\":\"de\"},{\"@type\":\"Organization\",\"@id\":\"https:\/\/www.eifeler-austria.com\/hu\/#organization\",\"name\":\"Eifeler cs\u00facstechnol\u00f3gi\u00e1s bevonatok\",\"url\":\"https:\/\/www.eifeler-austria.com\/hu\/\",\"logo\":{\"@type\":\"ImageObject\",\"inLanguage\":\"de\",\"@id\":\"https:\/\/www.eifeler-austria.com\/hu\/#\/schema\/logo\/image\/\",\"url\":\"https:\/\/www.eifeler-austria.com\/hu\/wp-content\/uploads\/sites\/3\/2025\/04\/eifeler-csucstechnologias-bevonatok.svg\",\"contentUrl\":\"https:\/\/www.eifeler-austria.com\/hu\/wp-content\/uploads\/sites\/3\/2025\/04\/eifeler-csucstechnologias-bevonatok.svg\",\"width\":186,\"height\":30,\"caption\":\"Eifeler cs\u00facstechnol\u00f3gi\u00e1s bevonatok\"},\"image\":{\"@id\":\"https:\/\/www.eifeler-austria.com\/hu\/#\/schema\/logo\/image\/\"}}]}<\/script>\n<!-- \/ Yoast SEO plugin. -->","yoast_head_json":{"title":"Nyitott poz\u00edci\u00f3k \u00e9s karrierlehet\u0151s\u00e9gek | Eifeler cs\u00facstechnol\u00f3gi\u00e1s bevonatok","description":"Cs\u00facstechnol\u00f3gi\u00e1s PVD- \u00e9s DLC-bevonatok szak\u00e9rt\u0151ik\u00e9nt siker\u00fcnk kulcsa az elk\u00f6telezett, kompetens \u00e9s megb\u00edzhat\u00f3 csapatunk.","robots":{"index":"index","follow":"follow","max-snippet":"max-snippet:-1","max-image-preview":"max-image-preview:large","max-video-preview":"max-video-preview:-1"},"canonical":"https:\/\/www.eifeler-austria.com\/hu\/vallalat-bevonattechnologia\/allaslehetosegek-karrier\/","og_locale":"de_DE","og_type":"article","og_title":"Nyitott poz\u00edci\u00f3k \u00e9s karrierlehet\u0151s\u00e9gek | Eifeler cs\u00facstechnol\u00f3gi\u00e1s bevonatok","og_description":"Cs\u00facstechnol\u00f3gi\u00e1s PVD- \u00e9s DLC-bevonatok szak\u00e9rt\u0151ik\u00e9nt siker\u00fcnk kulcsa az elk\u00f6telezett, kompetens \u00e9s megb\u00edzhat\u00f3 csapatunk.","og_url":"https:\/\/www.eifeler-austria.com\/hu\/vallalat-bevonattechnologia\/allaslehetosegek-karrier\/","og_site_name":"Eifeler cs\u00facstechnol\u00f3gi\u00e1s bevonatok","article_modified_time":"2025-04-22T13:29:04+00:00","twitter_card":"summary_large_image","twitter_misc":{"Gesch\u00e4tzte Lesezeit":"1\u00a0Minute"},"schema":{"@context":"https:\/\/schema.org","@graph":[{"@type":"WebPage","@id":"https:\/\/www.eifeler-austria.com\/hu\/vallalat-bevonattechnologia\/allaslehetosegek-karrier\/","url":"https:\/\/www.eifeler-austria.com\/hu\/vallalat-bevonattechnologia\/allaslehetosegek-karrier\/","name":"Nyitott poz\u00edci\u00f3k \u00e9s karrierlehet\u0151s\u00e9gek | Eifeler cs\u00facstechnol\u00f3gi\u00e1s bevonatok","isPartOf":{"@id":"https:\/\/www.eifeler-austria.com\/hu\/#website"},"datePublished":"2025-04-18T18:16:33+00:00","dateModified":"2025-04-22T13:29:04+00:00","description":"Cs\u00facstechnol\u00f3gi\u00e1s PVD- \u00e9s DLC-bevonatok szak\u00e9rt\u0151ik\u00e9nt siker\u00fcnk kulcsa az elk\u00f6telezett, kompetens \u00e9s megb\u00edzhat\u00f3 csapatunk.","breadcrumb":{"@id":"https:\/\/www.eifeler-austria.com\/hu\/vallalat-bevonattechnologia\/allaslehetosegek-karrier\/#breadcrumb"},"inLanguage":"de","potentialAction":[{"@type":"ReadAction","target":["https:\/\/www.eifeler-austria.com\/hu\/vallalat-bevonattechnologia\/allaslehetosegek-karrier\/"]}]},{"@type":"BreadcrumbList","@id":"https:\/\/www.eifeler-austria.com\/hu\/vallalat-bevonattechnologia\/allaslehetosegek-karrier\/#breadcrumb","itemListElement":[{"@type":"ListItem","position":1,"name":"Startseite","item":"https:\/\/www.eifeler-austria.com\/hu\/"},{"@type":"ListItem","position":2,"name":"Unternehmen","item":"https:\/\/www.eifeler-austria.com\/hu\/vallalat-bevonattechnologia\/"},{"@type":"ListItem","position":3,"name":"Karriere"}]},{"@type":"WebSite","@id":"https:\/\/www.eifeler-austria.com\/hu\/#website","url":"https:\/\/www.eifeler-austria.com\/hu\/","name":"Eifeler cs\u00facstechnol\u00f3gi\u00e1s bevonatok","description":"Cs\u00facstechnol\u00f3gi\u00e1s bevonatok","publisher":{"@id":"https:\/\/www.eifeler-austria.com\/hu\/#organization"},"potentialAction":[{"@type":"SearchAction","target":{"@type":"EntryPoint","urlTemplate":"https:\/\/www.eifeler-austria.com\/hu\/?s={search_term_string}"},"query-input":{"@type":"PropertyValueSpecification","valueRequired":true,"valueName":"search_term_string"}}],"inLanguage":"de"},{"@type":"Organization","@id":"https:\/\/www.eifeler-austria.com\/hu\/#organization","name":"Eifeler cs\u00facstechnol\u00f3gi\u00e1s bevonatok","url":"https:\/\/www.eifeler-austria.com\/hu\/","logo":{"@type":"ImageObject","inLanguage":"de","@id":"https:\/\/www.eifeler-austria.com\/hu\/#\/schema\/logo\/image\/","url":"https:\/\/www.eifeler-austria.com\/hu\/wp-content\/uploads\/sites\/3\/2025\/04\/eifeler-csucstechnologias-bevonatok.svg","contentUrl":"https:\/\/www.eifeler-austria.com\/hu\/wp-content\/uploads\/sites\/3\/2025\/04\/eifeler-csucstechnologias-bevonatok.svg","width":186,"height":30,"caption":"Eifeler cs\u00facstechnol\u00f3gi\u00e1s bevonatok"},"image":{"@id":"https:\/\/www.eifeler-austria.com\/hu\/#\/schema\/logo\/image\/"}}]}},"_links":{"self":[{"href":"https:\/\/www.eifeler-austria.com\/hu\/wp-json\/wp\/v2\/pages\/364","targetHints":{"allow":["GET"]}}],"collection":[{"href":"https:\/\/www.eifeler-austria.com\/hu\/wp-json\/wp\/v2\/pages"}],"about":[{"href":"https:\/\/www.eifeler-austria.com\/hu\/wp-json\/wp\/v2\/types\/page"}],"author":[{"embeddable":true,"href":"https:\/\/www.eifeler-austria.com\/hu\/wp-json\/wp\/v2\/users\/7"}],"replies":[{"embeddable":true,"href":"https:\/\/www.eifeler-austria.com\/hu\/wp-json\/wp\/v2\/comments?post=364"}],"version-history":[{"count":7,"href":"https:\/\/www.eifeler-austria.com\/hu\/wp-json\/wp\/v2\/pages\/364\/revisions"}],"predecessor-version":[{"id":400,"href":"https:\/\/www.eifeler-austria.com\/hu\/wp-json\/wp\/v2\/pages\/364\/revisions\/400"}],"up":[{"embeddable":true,"href":"https:\/\/www.eifeler-austria.com\/hu\/wp-json\/wp\/v2\/pages\/356"}],"wp:attachment":[{"href":"https:\/\/www.eifeler-austria.com\/hu\/wp-json\/wp\/v2\/media?parent=364"}],"curies":[{"name":"wp","href":"https:\/\/api.w.org\/{rel}","templated":true}]}}