{"id":370,"date":"2025-04-22T14:05:59","date_gmt":"2025-04-22T12:05:59","guid":{"rendered":"https:\/\/www.eifeler-austria.com\/hu\/?page_id=370"},"modified":"2025-05-07T14:32:05","modified_gmt":"2025-05-07T12:32:05","slug":"eifeler-bevonatok_adatvedelem","status":"publish","type":"page","link":"https:\/\/www.eifeler-austria.com\/hu\/eifeler-bevonatok_adatvedelem\/","title":{"rendered":"Datenschutz"},"content":{"rendered":"\n<div class=\"wp-block-qubely-wrapper alignfull qubely-block-e8e9dc\"><div class=\"qubely-block-wrapper-block \">\n<div class=\"wp-block-qubely-row qubely-section qubely-block-37ab76\"><div class=\"qubely-row-overlay\"><\/div><div class=\"qubely-container\"><div class=\"qubely-row \">\n<div class=\"wp-block-qubely-column qubely-column qubely-column-front qubely-block-2fb633\"><div class=\"qubely-column-inner\"><\/div><\/div>\n\n\n\n<div class=\"wp-block-qubely-column qubely-column qubely-column-front qubely-block-369be3\"><div class=\"qubely-column-inner\">\n<div class=\"wp-block-qubely-text qubely-block-388091\"><div class=\"qubely-block-text  \"><div class=\"qubely-block-text-title-container  qubely-separator-position-top\"><div class=\"qubely-block-text-title-inner\"><h1 class=\"qubely-block-text-title\"><span style=\"color: var(--theme-palette-color-8, #ffffff);\" class=\"stk-highlight\">Adatv\u00e9delmi nyilatkozat<\/span><span style=\"color: var(--theme-palette-color-2, #006098);\" class=\"stk-highlight\">.<\/span><\/h1><\/div><\/div><p><span style=\"color: var(--theme-palette-color-8, #ffffff);\" class=\"stk-highlight\">Szem\u00e9lyes adatainak v\u00e9delme k\u00fcl\u00f6n\u00f6sen fontos sz\u00e1munkra. <\/span><\/p><\/div><\/div>\n<\/div><\/div>\n\n\n\n<div class=\"wp-block-qubely-column qubely-column qubely-column-front qubely-block-e0115c\"><div class=\"qubely-column-inner\"><\/div><\/div>\n<\/div><\/div><\/div>\n<\/div><\/div>\n\n\n\n<div class=\"wp-block-qubely-wrapper alignfull qubely-block-589447\"><div class=\"qubely-block-wrapper-block \">\n<div class=\"wp-block-qubely-row alignfull qubely-section qubely-block-564d64\"><div class=\"qubely-row-overlay\"><\/div><div class=\"qubely-container-fluid\"><div class=\"qubely-row \">\n<div class=\"wp-block-qubely-column qubely-column qubely-column-front qubely-block-3c844b\"><div class=\"qubely-column-inner\"><\/div><\/div>\n\n\n\n<div class=\"wp-block-qubely-column qubely-column qubely-column-front qubely-block-d55429\"><div class=\"qubely-column-inner\">\n<div class=\"wp-block-qubely-text qubely-block-553ca1\"><div class=\"qubely-block-text  \"><div class=\"qubely-block-text-title-container  qubely-separator-position-top\"><div class=\"qubely-block-text-title-inner\"><h1 class=\"qubely-block-text-title\"><span style=\"color: var(--theme-palette-color-8, #ffffff);\" class=\"stk-highlight\">Adatv\u00e9delmi nyilatkozat<\/span><span style=\"color: var(--theme-palette-color-2, #006098);\" class=\"stk-highlight\">.<\/span><\/h1><\/div><\/div><p><span style=\"color: var(--theme-palette-color-8, #ffffff);\" class=\"stk-highlight\">Szem\u00e9lyes adatainak v\u00e9delme k\u00fcl\u00f6n\u00f6sen fontos sz\u00e1munkra.<\/span><br><br><br><br><\/p><\/div><\/div>\n<\/div><\/div>\n\n\n\n<div class=\"wp-block-qubely-column qubely-column qubely-column-front qubely-block-d061e7\"><div class=\"qubely-column-inner\"><\/div><\/div>\n<\/div><\/div><\/div>\n<\/div><\/div>\n\n\n\n<div class=\"wp-block-qubely-row alignfull qubely-section qubely-block-a92c5f\"><div class=\"qubely-row-overlay\"><\/div><div class=\"qubely-container-fluid\"><div class=\"qubely-row \">\n<div class=\"wp-block-qubely-column qubely-column qubely-column-front qubely-block-2217af\"><div class=\"qubely-column-inner\"><\/div><\/div>\n\n\n\n<div class=\"wp-block-qubely-column qubely-column qubely-column-front qubely-block-17d33c\"><div class=\"qubely-column-inner\">\n<div class=\"wp-block-qubely-heading qubely-block-92e945\" id=\"2-hightech-beschichtungen--\"><div class=\"qubely-block-heading  \"><div class=\"qubely-heading-container\"><h2 class=\"qubely-heading-selector\">T\u00e1j\u00e9koztat\u00e1si k\u00f6telezetts\u00e9g\/Adatv\u00e9delmi nyilatkozat<span style=\"color: var(--theme-palette-color-3, #3e3d40);\" class=\"stk-highlight\">.<\/span><\/h2><\/div><\/div><\/div>\n\n\n\n<div class=\"wp-block-qubely-text qubely-block-da8605\"><div class=\"qubely-block-text  \"><p>Szem\u00e9lyes adatainak v\u00e9delme k\u00fcl\u00f6n\u00f6sen fontos sz\u00e1munkra. Adatainak feldolgoz\u00e1sa kiz\u00e1r\u00f3lag a jogszab\u00e1lyi el\u0151\u00edr\u00e1sok (GDPR, TKG 2003) alapj\u00e1n t\u00f6rt\u00e9nik. Az adatv\u00e9delmi inform\u00e1ci\u00f3k \u00e1ltal t\u00e1j\u00e9koztatjuk \u00d6nt a weboldalunkon t\u00f6rt\u00e9n\u0151 adatfeldolgoz\u00e1s legfontosabb szempontjair\u00f3l.<\/p><\/div><\/div>\n<\/div><\/div>\n\n\n\n<div class=\"wp-block-qubely-column qubely-column qubely-column-front qubely-block-e09a15\"><div class=\"qubely-column-inner\"><\/div><\/div>\n<\/div><\/div><\/div>\n\n\n\n<div class=\"wp-block-qubely-row alignfull qubely-section qubely-block-c38a2c\"><div class=\"qubely-row-overlay\"><\/div><div class=\"qubely-container-fluid\"><div class=\"qubely-row \">\n<div class=\"wp-block-qubely-column qubely-column qubely-column-front qubely-block-86fce5\"><div class=\"qubely-column-inner\"><\/div><\/div>\n\n\n\n<div class=\"wp-block-qubely-column qubely-column qubely-column-front qubely-block-8d3bb9\"><div class=\"qubely-column-inner\">\n<div class=\"wp-block-qubely-text qubely-block-95b4c2\"><div class=\"qubely-block-text  \"><div class=\"qubely-block-text-title-container  qubely-separator-position-top\"><div class=\"qubely-block-text-title-inner\"><h3 class=\"qubely-block-text-title\">Kapcsolatfelv\u00e9tel<\/h3><\/div><\/div><p>Az Eifeler-austria.com weboldalainak haszn\u00e1lata sor\u00e1n szem\u00e9lyesen n\u00e9vtelen marad, am\u00edg \u00f6nk\u00e9nt nem bocs\u00e1t rendelkez\u00e9s\u00fcnkre szem\u00e9lyes adatokat (teh\u00e1t olyan inform\u00e1ci\u00f3kat, amelyek seg\u00edts\u00e9g\u00e9vel egy szem\u00e9ly beazonos\u00edthat\u00f3, mint p\u00e9ld\u00e1ul a n\u00e9v, az e-mail-c\u00edm vagy a telefonsz\u00e1m). Ha e-mailben l\u00e9p kapcsolatba vel\u00fcnk, az \u00d6n \u00e1ltal megadott adatokat a k\u00e9r\u00e9s feldolgoz\u00e1sa \u00e9s az esetleges tov\u00e1bbi k\u00e9rd\u00e9sek c\u00e9lj\u00e1b\u00f3l tizenk\u00e9t h\u00f3napig t\u00e1roljuk. Az \u00d6n \u00e1ltal rendelkez\u00e9s\u00fcnkre bocs\u00e1tott adatokat szigor\u00faan bizalmasan kezelj\u00fck. Ezeket az adatokat az \u00d6n kifejezett beleegyez\u00e9se n\u00e9lk\u00fcl nem adjuk tov\u00e1bb.<br><br>Felh\u00edvjuk figyelm\u00e9t, hogy az interneten t\u00f6rt\u00e9n\u0151 adat\u00e1tvitel sor\u00e1n (pl. e-mailes kommunik\u00e1ci\u00f3 eset\u00e9n) biztons\u00e1gi r\u00e9sek keletkezhetnek, \u00e9s el\u0151fordulhat, hogy harmadik felek hozz\u00e1f\u00e9rhetnek az \u00d6n adataihoz vagy azokat meghamis\u00edthatj\u00e1k. Adatainak harmadik felek \u00e1ltali hozz\u00e1f\u00e9r\u00e9s elleni teljes k\u00f6r\u0171 v\u00e9delme nem lehets\u00e9ges.<\/p><\/div><\/div>\n\n\n\n<div class=\"wp-block-qubely-text qubely-block-c25155\"><div class=\"qubely-block-text  \"><div class=\"qubely-block-text-title-container  qubely-separator-position-top\"><div class=\"qubely-block-text-title-inner\"><h3 class=\"qubely-block-text-title\">Szerverhozz\u00e1f\u00e9r\u00e9si adatok<\/h3><\/div><\/div><p>A weboldal szolg\u00e1ltat\u00f3ja automatikusan gy\u0171jt inform\u00e1ci\u00f3kat a weboldalainkra t\u00f6rt\u00e9n\u0151 hozz\u00e1f\u00e9r\u00e9sekr\u0151l, amelyeket a b\u00f6ng\u00e9sz\u0151je tov\u00e1bb\u00edt, \u00e9s ezeket \u201eszerver-napl\u00f3f\u00e1jlokk\u00e9nt\u201d t\u00e1rolja. \u00cdgy ker\u00fclnek feljegyz\u00e9sre:<br><br>&#8211; b\u00f6ng\u00e9sz\u0151t\u00edpus \u00e9s b\u00f6ng\u00e9sz\u0151verzi\u00f3<br>&#8211; haszn\u00e1lt oper\u00e1ci\u00f3s rendszer<br>&#8211; a hozz\u00e1f\u00e9r\u0151 sz\u00e1m\u00edt\u00f3g\u00e9p hosztneve (IP-c\u00edm)<br>&#8211; a kiszolg\u00e1l\u00f3oldali k\u00e9r\u00e9s d\u00e1tuma \u00e9s id\u0151pontja<br>&#8211; az elk\u00fcld\u00f6tt adatok mennyis\u00e9ge b\u00e1jtban<br>&#8211; hivatkoz\u00f3 webc\u00edm (az a weboldal, ahonnan minket megl\u00e1togat)<br>&#8211; az oldalak, amelyeket a weboldalunkon megl\u00e1togat<br>&#8211; esetlegesen haszn\u00e1lt keres\u0151szavak, amelyekkel a weboldalunkat megtal\u00e1lta<br><br>Ezek az adatok nem rendelhet\u0151k hozz\u00e1 meghat\u00e1rozott szem\u00e9lyekhez. Ezeket az adatokat m\u00e1s adatforr\u00e1sokkal nem kapcsoljuk \u00f6ssze. Fenntartjuk azonban a jogot, hogy ezeket az adatokat ut\u00f3lagosan megvizsg\u00e1ljuk, ha konkr\u00e9t jelek utalnak jogellenes haszn\u00e1latra.<br><br>Megfelel\u0151 szerz\u0151d\u00e9st k\u00f6t\u00f6tt\u00fcnk a szolg\u00e1ltat\u00f3val a megb\u00edz\u00e1sos adatfeldolgoz\u00e1sra.<\/p><\/div><\/div>\n\n\n\n<div class=\"wp-block-qubely-text qubely-block-39fe92\"><div class=\"qubely-block-text  \"><div class=\"qubely-block-text-title-container  qubely-separator-position-top\"><div class=\"qubely-block-text-title-inner\"><h3 class=\"qubely-block-text-title\">S\u00fctik<\/h3><\/div><\/div><p>A s\u00fctik kis sz\u00f6vegf\u00e1jlok, amelyeket a webszerver hoz l\u00e9tre, \u00e9s b\u00f6ng\u00e9sz\u0151je seg\u00edts\u00e9g\u00e9vel az \u00d6n eszk\u00f6z\u00e9n t\u00e1rol\u00f3dnak. Nem okoznak k\u00e1rt.<br><br>Ez a weboldal nem haszn\u00e1l s\u00fctiket.<br><br>Harmadik felek szolg\u00e1ltat\u00e1sainak \u00e9s tartalmainak be\u00e1gyaz\u00e1sa \u2013 mint p\u00e9ld\u00e1ul m\u00e1s weboldalak linkjei, grafik\u00e1i \u00e9s vide\u00f3i \u2013 eset\u00e9n nem z\u00e1rhat\u00f3 ki, hogy harmadik felek s\u00fctiket helyeznek el az \u00d6n perif\u00e9ri\u00e1s eszk\u00f6zein, amelyek haszn\u00e1lat\u00e1ra, illetve az ezekkel a s\u00fctikkel kapcsolatos inform\u00e1ci\u00f3k harmadik felek \u00e1ltali felhaszn\u00e1l\u00e1s\u00e1ra nincs semmilyen r\u00e1hat\u00e1sunk vagy belesz\u00f3l\u00e1sunk. A vonatkoz\u00f3 tartalmakra kattintva a b\u00f6ng\u00e9sz\u0151je automatikusan kapcsol\u00f3dik a megfelel\u0151 harmadik f\u00e9l weboldal\u00e1hoz, \u00e9s az IP-c\u00edm\u00e9n k\u00edv\u00fcl esetleg s\u00fctik is tov\u00e1bb\u00edt\u00f3dnak.<br>Ha ezt nem szeretn\u00e9, be\u00e1ll\u00edthatja a b\u00f6ng\u00e9sz\u0151j\u00e9t \u00fagy, hogy t\u00e1j\u00e9koztassa \u00d6nt a s\u00fctik haszn\u00e1lat\u00e1r\u00f3l, \u00e9s csak egyedi esetekben enged\u00e9lyezze a s\u00fctiket, kiz\u00e1rja a s\u00fctik elfogad\u00e1s\u00e1t bizonyos esetekben vagy \u00e1ltal\u00e1nosan, valamint aktiv\u00e1lja a s\u00fctik automatikus t\u00f6rl\u00e9s\u00e9t a b\u00f6ng\u00e9sz\u0151 bez\u00e1r\u00e1sakor.<\/p><\/div><\/div>\n\n\n\n<div class=\"wp-block-qubely-text qubely-block-a94313\"><div class=\"qubely-block-text  \"><div class=\"qubely-block-text-title-container  qubely-separator-position-top\"><div class=\"qubely-block-text-title-inner\"><h3 class=\"qubely-block-text-title\">Harmadik felek weboldalaira mutat\u00f3 linkek<\/h3><\/div><\/div><p>Ez az adatv\u00e9delmi nyilatkozat kiz\u00e1r\u00f3lag a mi weboldalunkra vonatkozik, \u00e9s nem vonatkozik harmadik felek weboldalaira vagy k\u00f6z\u00f6ss\u00e9gim\u00e9dia-oldalakra, amelyekre esetleg hivatkozunk.<\/p><\/div><\/div>\n\n\n\n<div class=\"wp-block-qubely-text qubely-block-9716cd\"><div class=\"qubely-block-text  \"><div class=\"qubely-block-text-title-container  qubely-separator-position-top\"><div class=\"qubely-block-text-title-inner\"><h3 class=\"qubely-block-text-title\">Statisztikai ki\u00e9rt\u00e9kel\u00e9s, webelemz\u00e9s, nyomon k\u00f6vet\u00e9s<\/h3><\/div><\/div><p>Ez a weboldal nem haszn\u00e1l webelemz\u00e9st.<\/p><\/div><\/div>\n\n\n\n<div class=\"wp-block-qubely-text qubely-block-e5d85b\"><div class=\"qubely-block-text  \"><div class=\"qubely-block-text-title-container  qubely-separator-position-top\"><div class=\"qubely-block-text-title-inner\"><h3 class=\"qubely-block-text-title\">K\u00f6z\u00f6ss\u00e9gi b\u0151v\u00edtm\u00e9nyek<\/h3><\/div><\/div><p>Weboldalunkon k\u00f6z\u00f6ss\u00e9gim\u00e9dia-b\u0151v\u00edtm\u00e9nyeket integr\u00e1lunk, hogy cikkeket aj\u00e1nlhassunk \u00e9s oszthassunk meg a k\u00f6z\u00f6ss\u00e9gi m\u00e9di\u00e1ban, mint p\u00e9ld\u00e1ul a Facebookon vagy a Twitteren.<br>Adatainak v\u00e9delme \u00e9rdek\u00e9ben egy k\u00e9tl\u00e9pcs\u0151s elj\u00e1r\u00e1st alkalmazunk, \u00e9s a \u201eShariff\u201d megold\u00e1st haszn\u00e1ljuk. A k\u00f6z\u00f6ss\u00e9gi m\u00e9diumok ikonjai az Eifeler-austria.com oldalon csak grafikak\u00e9nt vannak be\u00e1gyazva, amelyek a k\u00f6z\u00f6ss\u00e9gim\u00e9dia-szolg\u00e1ltat\u00f3 megfelel\u0151 weboldal\u00e1ra mutatnak. Adatok csak akkor ker\u00fclnek tov\u00e1bb\u00edt\u00e1sra harmadik feleknek, ha a felhaszn\u00e1l\u00f3k r\u00e1kattintanak a k\u00f6z\u00f6ss\u00e9gim\u00e9dia-s\u00e1vban megjelen\u0151 ikonok egyik\u00e9re. Az Eifeler-austria.com-nak nincs befoly\u00e1sa a Facebook, Twitter stb. \u00e1ltal be\u00e1ll\u00edtott s\u00fctikre, \u00e9s nem is f\u00e9r hozz\u00e1juk. Amennyiben nem kattint a grafik\u00e1kra, semmilyen adatcsere nem t\u00f6rt\u00e9nik \u00d6n \u00e9s a k\u00f6z\u00f6ss\u00e9gim\u00e9dia-gombok szolg\u00e1ltat\u00f3i k\u00f6z\u00f6tt. Az adatok gy\u0171jt\u00e9s\u00e9r\u0151l \u00e9s felhaszn\u00e1l\u00e1s\u00e1r\u00f3l a k\u00f6z\u00f6ss\u00e9gi m\u00e9di\u00e1ban az adott szolg\u00e1ltat\u00f3k felhaszn\u00e1l\u00e1si felt\u00e9teleiben tal\u00e1l inform\u00e1ci\u00f3t.<\/p><\/div><\/div>\n\n\n\n<div class=\"wp-block-qubely-text qubely-block-7f1634\"><div class=\"qubely-block-text  \"><div class=\"qubely-block-text-title-container  qubely-separator-position-top\"><div class=\"qubely-block-text-title-inner\"><h3 class=\"qubely-block-text-title\">Az \u00d6n jogai<\/h3><\/div><\/div><p>\u00d6nt alapvet\u0151en megilletik a t\u00e1j\u00e9koztat\u00e1shoz, helyesb\u00edt\u00e9shez, t\u00f6rl\u00e9shez, korl\u00e1toz\u00e1shoz, adathordozhat\u00f3s\u00e1ghoz, visszavon\u00e1shoz \u00e9s tiltakoz\u00e1shoz val\u00f3 jogok. Ha \u00fagy gondolja, hogy adatai feldolgoz\u00e1sa s\u00e9rti az adatv\u00e9delmi jogszab\u00e1lyokat, vagy adatv\u00e9delmi jogait m\u00e1s m\u00f3don megs\u00e9rtett\u00e9k, panaszt tehet a fel\u00fcgyeleti hat\u00f3s\u00e1gn\u00e1l. Ausztri\u00e1ban ez az Adatv\u00e9delmi Hat\u00f3s\u00e1g.<\/p><\/div><\/div>\n\n\n\n<div class=\"wp-block-qubely-text qubely-block-a1eafa\"><div class=\"qubely-block-text  \"><div class=\"qubely-block-text-title-container  qubely-separator-position-top\"><div class=\"qubely-block-text-title-inner\"><h3 class=\"qubely-block-text-title\">Az al\u00e1bbi el\u00e9rhet\u0151s\u00e9geken \u00e9rhet el minket<\/h3><\/div><\/div><p>Eifeler Plasma Beschichtungs GmbH<br>Kathrin Gorgosilits<br><br>Rudolf-Hausner-Gasse 7<br>A-1220 Wien<br>+43 (0)1 2726672-0<br><a href=\"mailto:office@eifeler-austria.com\" target=\"_blank\" rel=\"noopener noreferrer\">office@eifeler-austria.com<\/a><\/p><\/div><\/div>\n<\/div><\/div>\n\n\n\n<div class=\"wp-block-qubely-column qubely-column qubely-column-front qubely-block-e3bce6\"><div class=\"qubely-column-inner\"><\/div><\/div>\n<\/div><\/div><\/div>\n","protected":false},"excerpt":{"rendered":"","protected":false},"author":7,"featured_media":0,"parent":0,"menu_order":0,"comment_status":"closed","ping_status":"closed","template":"","meta":{"qubely_global_settings":"","qubely_interactions":"","footnotes":""},"class_list":["post-370","page","type-page","status-publish","hentry"],"blocksy_meta":{"vertical_spacing_source":"custom","content_area_spacing":"none","styles_descriptor":{"styles":{"desktop":"","tablet":"","mobile":""},"google_fonts":[],"version":6}},"yoast_head":"<!-- This site is optimized with the Yoast SEO plugin v26.6 - https:\/\/yoast.com\/wordpress\/plugins\/seo\/ -->\n<title>Eifeler bevonatok adatv\u00e9delem | Eifeler cs\u00facstechnol\u00f3gi\u00e1s bevonatok<\/title>\n<meta name=\"description\" content=\"Eifeler Austria Adatv\u00e9delmi nyilatkozat: adatainak feldolgoz\u00e1sa kiz\u00e1r\u00f3lag a jogszab\u00e1lyi el\u0151\u00edr\u00e1sok (GDPR, TKG 2003) alapj\u00e1n t\u00f6rt\u00e9nik.\" \/>\n<meta name=\"robots\" content=\"index, follow, max-snippet:-1, max-image-preview:large, max-video-preview:-1\" \/>\n<link rel=\"canonical\" href=\"https:\/\/www.eifeler-austria.com\/hu\/eifeler-bevonatok_adatvedelem\/\" \/>\n<meta property=\"og:locale\" content=\"de_DE\" \/>\n<meta property=\"og:type\" content=\"article\" \/>\n<meta property=\"og:title\" content=\"Eifeler bevonatok adatv\u00e9delem | Eifeler cs\u00facstechnol\u00f3gi\u00e1s bevonatok\" \/>\n<meta property=\"og:description\" content=\"Eifeler Austria Adatv\u00e9delmi nyilatkozat: adatainak feldolgoz\u00e1sa kiz\u00e1r\u00f3lag a jogszab\u00e1lyi el\u0151\u00edr\u00e1sok (GDPR, TKG 2003) alapj\u00e1n t\u00f6rt\u00e9nik.\" \/>\n<meta property=\"og:url\" content=\"https:\/\/www.eifeler-austria.com\/hu\/eifeler-bevonatok_adatvedelem\/\" \/>\n<meta property=\"og:site_name\" content=\"Eifeler cs\u00facstechnol\u00f3gi\u00e1s bevonatok\" \/>\n<meta property=\"article:modified_time\" content=\"2025-05-07T12:32:05+00:00\" \/>\n<meta name=\"twitter:card\" content=\"summary_large_image\" \/>\n<meta name=\"twitter:label1\" content=\"Gesch\u00e4tzte Lesezeit\" \/>\n\t<meta name=\"twitter:data1\" content=\"4\u00a0Minuten\" \/>\n<script type=\"application\/ld+json\" class=\"yoast-schema-graph\">{\"@context\":\"https:\/\/schema.org\",\"@graph\":[{\"@type\":\"WebPage\",\"@id\":\"https:\/\/www.eifeler-austria.com\/hu\/eifeler-bevonatok_adatvedelem\/\",\"url\":\"https:\/\/www.eifeler-austria.com\/hu\/eifeler-bevonatok_adatvedelem\/\",\"name\":\"Eifeler bevonatok adatv\u00e9delem | Eifeler cs\u00facstechnol\u00f3gi\u00e1s bevonatok\",\"isPartOf\":{\"@id\":\"https:\/\/www.eifeler-austria.com\/hu\/#website\"},\"datePublished\":\"2025-04-22T12:05:59+00:00\",\"dateModified\":\"2025-05-07T12:32:05+00:00\",\"description\":\"Eifeler Austria Adatv\u00e9delmi nyilatkozat: adatainak feldolgoz\u00e1sa kiz\u00e1r\u00f3lag a jogszab\u00e1lyi el\u0151\u00edr\u00e1sok (GDPR, TKG 2003) alapj\u00e1n t\u00f6rt\u00e9nik.\",\"breadcrumb\":{\"@id\":\"https:\/\/www.eifeler-austria.com\/hu\/eifeler-bevonatok_adatvedelem\/#breadcrumb\"},\"inLanguage\":\"de\",\"potentialAction\":[{\"@type\":\"ReadAction\",\"target\":[\"https:\/\/www.eifeler-austria.com\/hu\/eifeler-bevonatok_adatvedelem\/\"]}]},{\"@type\":\"BreadcrumbList\",\"@id\":\"https:\/\/www.eifeler-austria.com\/hu\/eifeler-bevonatok_adatvedelem\/#breadcrumb\",\"itemListElement\":[{\"@type\":\"ListItem\",\"position\":1,\"name\":\"Startseite\",\"item\":\"https:\/\/www.eifeler-austria.com\/hu\/\"},{\"@type\":\"ListItem\",\"position\":2,\"name\":\"Datenschutz\"}]},{\"@type\":\"WebSite\",\"@id\":\"https:\/\/www.eifeler-austria.com\/hu\/#website\",\"url\":\"https:\/\/www.eifeler-austria.com\/hu\/\",\"name\":\"Eifeler cs\u00facstechnol\u00f3gi\u00e1s bevonatok\",\"description\":\"Cs\u00facstechnol\u00f3gi\u00e1s bevonatok\",\"publisher\":{\"@id\":\"https:\/\/www.eifeler-austria.com\/hu\/#organization\"},\"potentialAction\":[{\"@type\":\"SearchAction\",\"target\":{\"@type\":\"EntryPoint\",\"urlTemplate\":\"https:\/\/www.eifeler-austria.com\/hu\/?s={search_term_string}\"},\"query-input\":{\"@type\":\"PropertyValueSpecification\",\"valueRequired\":true,\"valueName\":\"search_term_string\"}}],\"inLanguage\":\"de\"},{\"@type\":\"Organization\",\"@id\":\"https:\/\/www.eifeler-austria.com\/hu\/#organization\",\"name\":\"Eifeler cs\u00facstechnol\u00f3gi\u00e1s bevonatok\",\"url\":\"https:\/\/www.eifeler-austria.com\/hu\/\",\"logo\":{\"@type\":\"ImageObject\",\"inLanguage\":\"de\",\"@id\":\"https:\/\/www.eifeler-austria.com\/hu\/#\/schema\/logo\/image\/\",\"url\":\"https:\/\/www.eifeler-austria.com\/hu\/wp-content\/uploads\/sites\/3\/2025\/04\/eifeler-csucstechnologias-bevonatok.svg\",\"contentUrl\":\"https:\/\/www.eifeler-austria.com\/hu\/wp-content\/uploads\/sites\/3\/2025\/04\/eifeler-csucstechnologias-bevonatok.svg\",\"width\":186,\"height\":30,\"caption\":\"Eifeler cs\u00facstechnol\u00f3gi\u00e1s bevonatok\"},\"image\":{\"@id\":\"https:\/\/www.eifeler-austria.com\/hu\/#\/schema\/logo\/image\/\"}}]}<\/script>\n<!-- \/ Yoast SEO plugin. -->","yoast_head_json":{"title":"Eifeler bevonatok adatv\u00e9delem | Eifeler cs\u00facstechnol\u00f3gi\u00e1s bevonatok","description":"Eifeler Austria Adatv\u00e9delmi nyilatkozat: adatainak feldolgoz\u00e1sa kiz\u00e1r\u00f3lag a jogszab\u00e1lyi el\u0151\u00edr\u00e1sok (GDPR, TKG 2003) alapj\u00e1n t\u00f6rt\u00e9nik.","robots":{"index":"index","follow":"follow","max-snippet":"max-snippet:-1","max-image-preview":"max-image-preview:large","max-video-preview":"max-video-preview:-1"},"canonical":"https:\/\/www.eifeler-austria.com\/hu\/eifeler-bevonatok_adatvedelem\/","og_locale":"de_DE","og_type":"article","og_title":"Eifeler bevonatok adatv\u00e9delem | Eifeler cs\u00facstechnol\u00f3gi\u00e1s bevonatok","og_description":"Eifeler Austria Adatv\u00e9delmi nyilatkozat: adatainak feldolgoz\u00e1sa kiz\u00e1r\u00f3lag a jogszab\u00e1lyi el\u0151\u00edr\u00e1sok (GDPR, TKG 2003) alapj\u00e1n t\u00f6rt\u00e9nik.","og_url":"https:\/\/www.eifeler-austria.com\/hu\/eifeler-bevonatok_adatvedelem\/","og_site_name":"Eifeler cs\u00facstechnol\u00f3gi\u00e1s bevonatok","article_modified_time":"2025-05-07T12:32:05+00:00","twitter_card":"summary_large_image","twitter_misc":{"Gesch\u00e4tzte Lesezeit":"4\u00a0Minuten"},"schema":{"@context":"https:\/\/schema.org","@graph":[{"@type":"WebPage","@id":"https:\/\/www.eifeler-austria.com\/hu\/eifeler-bevonatok_adatvedelem\/","url":"https:\/\/www.eifeler-austria.com\/hu\/eifeler-bevonatok_adatvedelem\/","name":"Eifeler bevonatok adatv\u00e9delem | Eifeler cs\u00facstechnol\u00f3gi\u00e1s bevonatok","isPartOf":{"@id":"https:\/\/www.eifeler-austria.com\/hu\/#website"},"datePublished":"2025-04-22T12:05:59+00:00","dateModified":"2025-05-07T12:32:05+00:00","description":"Eifeler Austria Adatv\u00e9delmi nyilatkozat: adatainak feldolgoz\u00e1sa kiz\u00e1r\u00f3lag a jogszab\u00e1lyi el\u0151\u00edr\u00e1sok (GDPR, TKG 2003) alapj\u00e1n t\u00f6rt\u00e9nik.","breadcrumb":{"@id":"https:\/\/www.eifeler-austria.com\/hu\/eifeler-bevonatok_adatvedelem\/#breadcrumb"},"inLanguage":"de","potentialAction":[{"@type":"ReadAction","target":["https:\/\/www.eifeler-austria.com\/hu\/eifeler-bevonatok_adatvedelem\/"]}]},{"@type":"BreadcrumbList","@id":"https:\/\/www.eifeler-austria.com\/hu\/eifeler-bevonatok_adatvedelem\/#breadcrumb","itemListElement":[{"@type":"ListItem","position":1,"name":"Startseite","item":"https:\/\/www.eifeler-austria.com\/hu\/"},{"@type":"ListItem","position":2,"name":"Datenschutz"}]},{"@type":"WebSite","@id":"https:\/\/www.eifeler-austria.com\/hu\/#website","url":"https:\/\/www.eifeler-austria.com\/hu\/","name":"Eifeler cs\u00facstechnol\u00f3gi\u00e1s bevonatok","description":"Cs\u00facstechnol\u00f3gi\u00e1s bevonatok","publisher":{"@id":"https:\/\/www.eifeler-austria.com\/hu\/#organization"},"potentialAction":[{"@type":"SearchAction","target":{"@type":"EntryPoint","urlTemplate":"https:\/\/www.eifeler-austria.com\/hu\/?s={search_term_string}"},"query-input":{"@type":"PropertyValueSpecification","valueRequired":true,"valueName":"search_term_string"}}],"inLanguage":"de"},{"@type":"Organization","@id":"https:\/\/www.eifeler-austria.com\/hu\/#organization","name":"Eifeler cs\u00facstechnol\u00f3gi\u00e1s bevonatok","url":"https:\/\/www.eifeler-austria.com\/hu\/","logo":{"@type":"ImageObject","inLanguage":"de","@id":"https:\/\/www.eifeler-austria.com\/hu\/#\/schema\/logo\/image\/","url":"https:\/\/www.eifeler-austria.com\/hu\/wp-content\/uploads\/sites\/3\/2025\/04\/eifeler-csucstechnologias-bevonatok.svg","contentUrl":"https:\/\/www.eifeler-austria.com\/hu\/wp-content\/uploads\/sites\/3\/2025\/04\/eifeler-csucstechnologias-bevonatok.svg","width":186,"height":30,"caption":"Eifeler cs\u00facstechnol\u00f3gi\u00e1s bevonatok"},"image":{"@id":"https:\/\/www.eifeler-austria.com\/hu\/#\/schema\/logo\/image\/"}}]}},"_links":{"self":[{"href":"https:\/\/www.eifeler-austria.com\/hu\/wp-json\/wp\/v2\/pages\/370","targetHints":{"allow":["GET"]}}],"collection":[{"href":"https:\/\/www.eifeler-austria.com\/hu\/wp-json\/wp\/v2\/pages"}],"about":[{"href":"https:\/\/www.eifeler-austria.com\/hu\/wp-json\/wp\/v2\/types\/page"}],"author":[{"embeddable":true,"href":"https:\/\/www.eifeler-austria.com\/hu\/wp-json\/wp\/v2\/users\/7"}],"replies":[{"embeddable":true,"href":"https:\/\/www.eifeler-austria.com\/hu\/wp-json\/wp\/v2\/comments?post=370"}],"version-history":[{"count":2,"href":"https:\/\/www.eifeler-austria.com\/hu\/wp-json\/wp\/v2\/pages\/370\/revisions"}],"predecessor-version":[{"id":578,"href":"https:\/\/www.eifeler-austria.com\/hu\/wp-json\/wp\/v2\/pages\/370\/revisions\/578"}],"wp:attachment":[{"href":"https:\/\/www.eifeler-austria.com\/hu\/wp-json\/wp\/v2\/media?parent=370"}],"curies":[{"name":"wp","href":"https:\/\/api.w.org\/{rel}","templated":true}]}}