{"id":372,"date":"2025-04-22T14:11:40","date_gmt":"2025-04-22T12:11:40","guid":{"rendered":"https:\/\/www.eifeler-austria.com\/hu\/?page_id=372"},"modified":"2025-05-07T14:34:19","modified_gmt":"2025-05-07T12:34:19","slug":"kapcsolat_eifeler_bevonatok","status":"publish","type":"page","link":"https:\/\/www.eifeler-austria.com\/hu\/kapcsolat_eifeler_bevonatok\/","title":{"rendered":"Kontakt"},"content":{"rendered":"\n<div class=\"wp-block-qubely-wrapper alignfull qubely-block-968c3e\"><div class=\"qubely-block-wrapper-block \">\n<div class=\"wp-block-qubely-row qubely-section qubely-block-ddb9c0\"><div class=\"qubely-row-overlay\"><\/div><div class=\"qubely-container\"><div class=\"qubely-row \">\n<div class=\"wp-block-qubely-column qubely-column qubely-column-front qubely-block-59e4af\"><div class=\"qubely-column-inner\"><\/div><\/div>\n\n\n\n<div class=\"wp-block-qubely-column qubely-column qubely-column-front qubely-block-8be6ed\"><div class=\"qubely-column-inner\">\n<div class=\"wp-block-qubely-text qubely-block-bdc6a9\"><div class=\"qubely-block-text  \"><div class=\"qubely-block-text-title-container  qubely-separator-position-top\"><div class=\"qubely-block-text-title-inner\"><h1 class=\"qubely-block-text-title\"><span style=\"color: var(--theme-palette-color-8, #ffffff);\" class=\"stk-highlight\">Vegye fel vel\u00fcnk a kapcsolatot<\/span><span style=\"color: var(--theme-palette-color-2, #006098);\" class=\"stk-highlight\">.<\/span><\/h1><\/div><\/div><p><span style=\"color: var(--theme-palette-color-8, #ffffff);\" class=\"stk-highlight\">Bevonatokkal kapcsolatos k\u00e9rd\u00e9se van? Sz\u00edvesen seg\u00edt\u00fcnk \u00d6nnek!<\/span><\/p><\/div><\/div>\n<\/div><\/div>\n\n\n\n<div class=\"wp-block-qubely-column qubely-column qubely-column-front qubely-block-b6c651\"><div class=\"qubely-column-inner\"><\/div><\/div>\n<\/div><\/div><\/div>\n<\/div><\/div>\n\n\n\n<div class=\"wp-block-qubely-wrapper alignfull qubely-block-235a88\"><div class=\"qubely-block-wrapper-block \">\n<div class=\"wp-block-qubely-row alignfull qubely-section qubely-block-7d25c3\"><div class=\"qubely-row-overlay\"><\/div><div class=\"qubely-container-fluid\"><div class=\"qubely-row \">\n<div class=\"wp-block-qubely-column qubely-column qubely-column-front qubely-block-a73dc2\"><div class=\"qubely-column-inner\"><\/div><\/div>\n\n\n\n<div class=\"wp-block-qubely-column qubely-column qubely-column-front qubely-block-f7c81b\"><div class=\"qubely-column-inner\">\n<div class=\"wp-block-qubely-text qubely-block-0e2128\"><div class=\"qubely-block-text  \"><div class=\"qubely-block-text-title-container  qubely-separator-position-top\"><div class=\"qubely-block-text-title-inner\"><h1 class=\"qubely-block-text-title\"><span style=\"color: var(--theme-palette-color-8, #ffffff);\" class=\"stk-highlight\">Vegye fel vel\u00fcnk a kapcsolatot<\/span><span style=\"color: var(--theme-palette-color-2, #006098);\" class=\"stk-highlight\">.<\/span><\/h1><\/div><\/div><p><span style=\"color: var(--theme-palette-color-8, #ffffff);\" class=\"stk-highlight\">Bevonatokkal kapcsolatos k\u00e9rd\u00e9se van? Sz\u00edvesen seg\u00edt\u00fcnk \u00d6nnek!<\/span><br><br><br><br><\/p><\/div><\/div>\n<\/div><\/div>\n\n\n\n<div class=\"wp-block-qubely-column qubely-column qubely-column-front qubely-block-107864\"><div class=\"qubely-column-inner\"><\/div><\/div>\n<\/div><\/div><\/div>\n<\/div><\/div>\n\n\n\n<div class=\"wp-block-qubely-row alignfull qubely-section qubely-block-32740c\"><div class=\"qubely-row-overlay\"><\/div><div class=\"qubely-container-fluid\"><div class=\"qubely-row \">\n<div class=\"wp-block-qubely-column qubely-column qubely-column-front qubely-block-ca6abc\"><div class=\"qubely-column-inner\"><\/div><\/div>\n\n\n\n<div class=\"wp-block-qubely-column qubely-column qubely-column-front qubely-block-7a1f74\"><div class=\"qubely-column-inner\">\n<div class=\"wp-block-qubely-heading qubely-block-559eb9\" id=\"2-hightech-beschichtungen--\"><div class=\"qubely-block-heading  \"><div class=\"qubely-heading-container\"><h2 class=\"qubely-heading-selector\">Kapcsolat<span style=\"color: var(--theme-palette-color-3, #3e3d40);\" class=\"stk-highlight\">.<\/span><\/h2><\/div><\/div><\/div>\n\n\n\n<div class=\"wp-block-qubely-text qubely-block-18d0d7\"><div class=\"qubely-block-text  \"><p>Eifeler Plasma Beschichtungs GmbH <br>Rudolf-Hausner-Gasse 7 <br>A-1220 Wien <br>AUSTRIA <br><br>Tel: +43 (0)1 2726672-0 <br>Fax: +43 (0)1 2726672-30 <br><br><a title=\"E-mail k\u00fcld\u00e9se az Eifeler Austria-nak\" href=\"mailto:office@eifeler-austria.com\" target=\"_blank\" rel=\"noreferrer noopener\">office@eifeler-austria.com <\/a><br>www.eifeler-austria.com<\/p><\/div><\/div>\n<\/div><\/div>\n\n\n\n<div class=\"wp-block-qubely-column qubely-column qubely-column-front qubely-block-9eb145\"><div class=\"qubely-column-inner\"><\/div><\/div>\n<\/div><\/div><\/div>\n\n\n\n<div class=\"wp-block-qubely-row alignfull qubely-section qubely-block-a059ed\"><div class=\"qubely-row-overlay\"><\/div><div class=\"qubely-container-fluid\"><div class=\"qubely-row \">\n<div class=\"wp-block-qubely-column qubely-column qubely-column-front qubely-block-86c37b\"><div class=\"qubely-column-inner\"><\/div><\/div>\n\n\n\n<div class=\"wp-block-qubely-column qubely-column qubely-column-front qubely-block-c55de5\"><div class=\"qubely-column-inner\">\n<div class=\"wp-block-qubely-text qubely-block-6cb4fb\"><div class=\"qubely-block-text  \"><p>A kapcsolatfelv\u00e9tel sor\u00e1n megadott adatokat (pl. n\u00e9v, e-mail-c\u00edm stb.) a k\u00e9r\u00e9s feldolgoz\u00e1sa \u00e9s az esetleges tov\u00e1bbi k\u00e9rd\u00e9sek c\u00e9lj\u00e1b\u00f3l tizenk\u00e9t h\u00f3napig t\u00e1roljuk. Ezeket az adatokat az \u00d6n beleegyez\u00e9se n\u00e9lk\u00fcl nem adjuk tov\u00e1bb. Tov\u00e1bbi inform\u00e1ci\u00f3kat <a href=\"https:\/\/www.eifeler-austria.com\/hu\/eifeler-bevonatok_adatvedelem\/\">Adatv\u00e9delmi nyilatkozatunkban<\/a> tal\u00e1l.<\/p><\/div><\/div>\n<\/div><\/div>\n\n\n\n<div class=\"wp-block-qubely-column qubely-column qubely-column-front qubely-block-318906\"><div class=\"qubely-column-inner\"><\/div><\/div>\n<\/div><\/div><\/div>\n","protected":false},"excerpt":{"rendered":"","protected":false},"author":7,"featured_media":0,"parent":0,"menu_order":0,"comment_status":"closed","ping_status":"closed","template":"","meta":{"qubely_global_settings":"","qubely_interactions":"","footnotes":""},"class_list":["post-372","page","type-page","status-publish","hentry"],"blocksy_meta":{"vertical_spacing_source":"custom","content_area_spacing":"none","styles_descriptor":{"styles":{"desktop":"","tablet":"","mobile":""},"google_fonts":[],"version":6}},"yoast_head":"<!-- This site is optimized with the Yoast SEO plugin v26.6 - https:\/\/yoast.com\/wordpress\/plugins\/seo\/ -->\n<title>Bevonatokkal kapcsolatos k\u00e9rd\u00e9se van? Sz\u00edvesen seg\u00edt\u00fcnk \u00d6nnek! | Eifeler cs\u00facstechnol\u00f3gi\u00e1s bevonatok<\/title>\n<meta name=\"description\" content=\"Eifeler Plasma Beschichtungs GmbH | Rudolf-Hausner-Gasse 7 | A-1220 B\u00e9cs | office@eifeler-austria.com | Tel: +43 (01) 2726672-0 Fax: +43 (01) 2726672-30\" \/>\n<meta name=\"robots\" content=\"index, follow, max-snippet:-1, max-image-preview:large, max-video-preview:-1\" \/>\n<link rel=\"canonical\" href=\"https:\/\/www.eifeler-austria.com\/hu\/kapcsolat_eifeler_bevonatok\/\" \/>\n<meta property=\"og:locale\" content=\"de_DE\" \/>\n<meta property=\"og:type\" content=\"article\" \/>\n<meta property=\"og:title\" content=\"Bevonatokkal kapcsolatos k\u00e9rd\u00e9se van? Sz\u00edvesen seg\u00edt\u00fcnk \u00d6nnek! | Eifeler cs\u00facstechnol\u00f3gi\u00e1s bevonatok\" \/>\n<meta property=\"og:description\" content=\"Eifeler Plasma Beschichtungs GmbH | Rudolf-Hausner-Gasse 7 | A-1220 B\u00e9cs | office@eifeler-austria.com | Tel: +43 (01) 2726672-0 Fax: +43 (01) 2726672-30\" \/>\n<meta property=\"og:url\" content=\"https:\/\/www.eifeler-austria.com\/hu\/kapcsolat_eifeler_bevonatok\/\" \/>\n<meta property=\"og:site_name\" content=\"Eifeler cs\u00facstechnol\u00f3gi\u00e1s bevonatok\" \/>\n<meta property=\"article:modified_time\" content=\"2025-05-07T12:34:19+00:00\" \/>\n<meta name=\"twitter:card\" content=\"summary_large_image\" \/>\n<meta name=\"twitter:label1\" content=\"Gesch\u00e4tzte Lesezeit\" \/>\n\t<meta name=\"twitter:data1\" content=\"1\u00a0Minute\" \/>\n<script type=\"application\/ld+json\" class=\"yoast-schema-graph\">{\"@context\":\"https:\/\/schema.org\",\"@graph\":[{\"@type\":\"WebPage\",\"@id\":\"https:\/\/www.eifeler-austria.com\/hu\/kapcsolat_eifeler_bevonatok\/\",\"url\":\"https:\/\/www.eifeler-austria.com\/hu\/kapcsolat_eifeler_bevonatok\/\",\"name\":\"Bevonatokkal kapcsolatos k\u00e9rd\u00e9se van? Sz\u00edvesen seg\u00edt\u00fcnk \u00d6nnek! | Eifeler cs\u00facstechnol\u00f3gi\u00e1s bevonatok\",\"isPartOf\":{\"@id\":\"https:\/\/www.eifeler-austria.com\/hu\/#website\"},\"datePublished\":\"2025-04-22T12:11:40+00:00\",\"dateModified\":\"2025-05-07T12:34:19+00:00\",\"description\":\"Eifeler Plasma Beschichtungs GmbH | Rudolf-Hausner-Gasse 7 | A-1220 B\u00e9cs | office@eifeler-austria.com | Tel: +43 (01) 2726672-0 Fax: +43 (01) 2726672-30\",\"breadcrumb\":{\"@id\":\"https:\/\/www.eifeler-austria.com\/hu\/kapcsolat_eifeler_bevonatok\/#breadcrumb\"},\"inLanguage\":\"de\",\"potentialAction\":[{\"@type\":\"ReadAction\",\"target\":[\"https:\/\/www.eifeler-austria.com\/hu\/kapcsolat_eifeler_bevonatok\/\"]}]},{\"@type\":\"BreadcrumbList\",\"@id\":\"https:\/\/www.eifeler-austria.com\/hu\/kapcsolat_eifeler_bevonatok\/#breadcrumb\",\"itemListElement\":[{\"@type\":\"ListItem\",\"position\":1,\"name\":\"Startseite\",\"item\":\"https:\/\/www.eifeler-austria.com\/hu\/\"},{\"@type\":\"ListItem\",\"position\":2,\"name\":\"Kontakt\"}]},{\"@type\":\"WebSite\",\"@id\":\"https:\/\/www.eifeler-austria.com\/hu\/#website\",\"url\":\"https:\/\/www.eifeler-austria.com\/hu\/\",\"name\":\"Eifeler cs\u00facstechnol\u00f3gi\u00e1s bevonatok\",\"description\":\"Cs\u00facstechnol\u00f3gi\u00e1s bevonatok\",\"publisher\":{\"@id\":\"https:\/\/www.eifeler-austria.com\/hu\/#organization\"},\"potentialAction\":[{\"@type\":\"SearchAction\",\"target\":{\"@type\":\"EntryPoint\",\"urlTemplate\":\"https:\/\/www.eifeler-austria.com\/hu\/?s={search_term_string}\"},\"query-input\":{\"@type\":\"PropertyValueSpecification\",\"valueRequired\":true,\"valueName\":\"search_term_string\"}}],\"inLanguage\":\"de\"},{\"@type\":\"Organization\",\"@id\":\"https:\/\/www.eifeler-austria.com\/hu\/#organization\",\"name\":\"Eifeler cs\u00facstechnol\u00f3gi\u00e1s bevonatok\",\"url\":\"https:\/\/www.eifeler-austria.com\/hu\/\",\"logo\":{\"@type\":\"ImageObject\",\"inLanguage\":\"de\",\"@id\":\"https:\/\/www.eifeler-austria.com\/hu\/#\/schema\/logo\/image\/\",\"url\":\"https:\/\/www.eifeler-austria.com\/hu\/wp-content\/uploads\/sites\/3\/2025\/04\/eifeler-csucstechnologias-bevonatok.svg\",\"contentUrl\":\"https:\/\/www.eifeler-austria.com\/hu\/wp-content\/uploads\/sites\/3\/2025\/04\/eifeler-csucstechnologias-bevonatok.svg\",\"width\":186,\"height\":30,\"caption\":\"Eifeler cs\u00facstechnol\u00f3gi\u00e1s bevonatok\"},\"image\":{\"@id\":\"https:\/\/www.eifeler-austria.com\/hu\/#\/schema\/logo\/image\/\"}}]}<\/script>\n<!-- \/ Yoast SEO plugin. -->","yoast_head_json":{"title":"Bevonatokkal kapcsolatos k\u00e9rd\u00e9se van? Sz\u00edvesen seg\u00edt\u00fcnk \u00d6nnek! | Eifeler cs\u00facstechnol\u00f3gi\u00e1s bevonatok","description":"Eifeler Plasma Beschichtungs GmbH | Rudolf-Hausner-Gasse 7 | A-1220 B\u00e9cs | office@eifeler-austria.com | Tel: +43 (01) 2726672-0 Fax: +43 (01) 2726672-30","robots":{"index":"index","follow":"follow","max-snippet":"max-snippet:-1","max-image-preview":"max-image-preview:large","max-video-preview":"max-video-preview:-1"},"canonical":"https:\/\/www.eifeler-austria.com\/hu\/kapcsolat_eifeler_bevonatok\/","og_locale":"de_DE","og_type":"article","og_title":"Bevonatokkal kapcsolatos k\u00e9rd\u00e9se van? Sz\u00edvesen seg\u00edt\u00fcnk \u00d6nnek! | Eifeler cs\u00facstechnol\u00f3gi\u00e1s bevonatok","og_description":"Eifeler Plasma Beschichtungs GmbH | Rudolf-Hausner-Gasse 7 | A-1220 B\u00e9cs | office@eifeler-austria.com | Tel: +43 (01) 2726672-0 Fax: +43 (01) 2726672-30","og_url":"https:\/\/www.eifeler-austria.com\/hu\/kapcsolat_eifeler_bevonatok\/","og_site_name":"Eifeler cs\u00facstechnol\u00f3gi\u00e1s bevonatok","article_modified_time":"2025-05-07T12:34:19+00:00","twitter_card":"summary_large_image","twitter_misc":{"Gesch\u00e4tzte Lesezeit":"1\u00a0Minute"},"schema":{"@context":"https:\/\/schema.org","@graph":[{"@type":"WebPage","@id":"https:\/\/www.eifeler-austria.com\/hu\/kapcsolat_eifeler_bevonatok\/","url":"https:\/\/www.eifeler-austria.com\/hu\/kapcsolat_eifeler_bevonatok\/","name":"Bevonatokkal kapcsolatos k\u00e9rd\u00e9se van? Sz\u00edvesen seg\u00edt\u00fcnk \u00d6nnek! | Eifeler cs\u00facstechnol\u00f3gi\u00e1s bevonatok","isPartOf":{"@id":"https:\/\/www.eifeler-austria.com\/hu\/#website"},"datePublished":"2025-04-22T12:11:40+00:00","dateModified":"2025-05-07T12:34:19+00:00","description":"Eifeler Plasma Beschichtungs GmbH | Rudolf-Hausner-Gasse 7 | A-1220 B\u00e9cs | office@eifeler-austria.com | Tel: +43 (01) 2726672-0 Fax: +43 (01) 2726672-30","breadcrumb":{"@id":"https:\/\/www.eifeler-austria.com\/hu\/kapcsolat_eifeler_bevonatok\/#breadcrumb"},"inLanguage":"de","potentialAction":[{"@type":"ReadAction","target":["https:\/\/www.eifeler-austria.com\/hu\/kapcsolat_eifeler_bevonatok\/"]}]},{"@type":"BreadcrumbList","@id":"https:\/\/www.eifeler-austria.com\/hu\/kapcsolat_eifeler_bevonatok\/#breadcrumb","itemListElement":[{"@type":"ListItem","position":1,"name":"Startseite","item":"https:\/\/www.eifeler-austria.com\/hu\/"},{"@type":"ListItem","position":2,"name":"Kontakt"}]},{"@type":"WebSite","@id":"https:\/\/www.eifeler-austria.com\/hu\/#website","url":"https:\/\/www.eifeler-austria.com\/hu\/","name":"Eifeler cs\u00facstechnol\u00f3gi\u00e1s bevonatok","description":"Cs\u00facstechnol\u00f3gi\u00e1s bevonatok","publisher":{"@id":"https:\/\/www.eifeler-austria.com\/hu\/#organization"},"potentialAction":[{"@type":"SearchAction","target":{"@type":"EntryPoint","urlTemplate":"https:\/\/www.eifeler-austria.com\/hu\/?s={search_term_string}"},"query-input":{"@type":"PropertyValueSpecification","valueRequired":true,"valueName":"search_term_string"}}],"inLanguage":"de"},{"@type":"Organization","@id":"https:\/\/www.eifeler-austria.com\/hu\/#organization","name":"Eifeler cs\u00facstechnol\u00f3gi\u00e1s bevonatok","url":"https:\/\/www.eifeler-austria.com\/hu\/","logo":{"@type":"ImageObject","inLanguage":"de","@id":"https:\/\/www.eifeler-austria.com\/hu\/#\/schema\/logo\/image\/","url":"https:\/\/www.eifeler-austria.com\/hu\/wp-content\/uploads\/sites\/3\/2025\/04\/eifeler-csucstechnologias-bevonatok.svg","contentUrl":"https:\/\/www.eifeler-austria.com\/hu\/wp-content\/uploads\/sites\/3\/2025\/04\/eifeler-csucstechnologias-bevonatok.svg","width":186,"height":30,"caption":"Eifeler cs\u00facstechnol\u00f3gi\u00e1s bevonatok"},"image":{"@id":"https:\/\/www.eifeler-austria.com\/hu\/#\/schema\/logo\/image\/"}}]}},"_links":{"self":[{"href":"https:\/\/www.eifeler-austria.com\/hu\/wp-json\/wp\/v2\/pages\/372","targetHints":{"allow":["GET"]}}],"collection":[{"href":"https:\/\/www.eifeler-austria.com\/hu\/wp-json\/wp\/v2\/pages"}],"about":[{"href":"https:\/\/www.eifeler-austria.com\/hu\/wp-json\/wp\/v2\/types\/page"}],"author":[{"embeddable":true,"href":"https:\/\/www.eifeler-austria.com\/hu\/wp-json\/wp\/v2\/users\/7"}],"replies":[{"embeddable":true,"href":"https:\/\/www.eifeler-austria.com\/hu\/wp-json\/wp\/v2\/comments?post=372"}],"version-history":[{"count":2,"href":"https:\/\/www.eifeler-austria.com\/hu\/wp-json\/wp\/v2\/pages\/372\/revisions"}],"predecessor-version":[{"id":580,"href":"https:\/\/www.eifeler-austria.com\/hu\/wp-json\/wp\/v2\/pages\/372\/revisions\/580"}],"wp:attachment":[{"href":"https:\/\/www.eifeler-austria.com\/hu\/wp-json\/wp\/v2\/media?parent=372"}],"curies":[{"name":"wp","href":"https:\/\/api.w.org\/{rel}","templated":true}]}}