{"id":436,"date":"2025-04-22T20:03:02","date_gmt":"2025-04-22T18:03:02","guid":{"rendered":"https:\/\/www.eifeler-austria.com\/hu\/?page_id=436"},"modified":"2025-05-06T17:47:51","modified_gmt":"2025-05-06T15:47:51","slug":"pvd-bevonatok-tablazat","status":"publish","type":"page","link":"https:\/\/www.eifeler-austria.com\/hu\/pvd-bevonat\/pvd-bevonatok-tablazat\/","title":{"rendered":"\u00dcbersicht PVD Schichtsysteme"},"content":{"rendered":"\n<div class=\"wp-block-qubely-row alignfull qubely-section qubely-block-3f10b7\"><div class=\"qubely-row-overlay\"><\/div><div class=\"qubely-container-fluid\"><div class=\"qubely-row \">\n<div class=\"wp-block-qubely-column qubely-column qubely-column-front qubely-block-4180a4\"><div class=\"qubely-column-inner\"><\/div><\/div>\n\n\n\n<div class=\"wp-block-qubely-column qubely-column qubely-column-front qubely-block-06fe0c\"><div class=\"qubely-column-inner\">\n<div class=\"wp-block-qubely-text qubely-block-8347aa\"><div class=\"qubely-block-text  \"><div class=\"qubely-block-text-title-container  qubely-separator-position-top\"><div class=\"qubely-block-text-title-inner\"><h1 class=\"qubely-block-text-title\"><\/h1><\/div><div class=\"qubely-block-text-sub-title-container\"><h1 class=\"qubely-block-text-sub-title\">PVD-bevonatok \u00e1ttekint\u00e9se<span class=\"stk-highlight\" style=\"color: var(--theme-palette-color-2, #006098);\">.<\/span><\/h1><\/div><\/div><p>PVD-bevonatmegold\u00e1saink t\u00e1bl\u00e1zatos \u00e1ttekint\u00e9se. R\u00e9szletes inform\u00e1ci\u00f3kat a r\u00e9tegrendszerekr\u0151l az adott r\u00e9teg oldal\u00e1n tal\u00e1l. <\/p><\/div><\/div>\n\n\n\n<div class=\"wp-block-qubely-text qubely-block-4b234a\"><div class=\"qubely-block-text  \"><div class=\"qubely-block-text-title-container  qubely-separator-position-top\"><div class=\"qubely-block-text-title-inner\"><h1 class=\"qubely-block-text-title\">PVD-bevonatok \u00e1ttekint\u00e9se<span class=\"stk-highlight\" style=\"color: var(--theme-palette-color-2, #006098);\">.<\/span><\/h1><\/div><\/div><p>PVD-bevonatmegold\u00e1saink t\u00e1bl\u00e1zatos \u00e1ttekint\u00e9se. R\u00e9szletes inform\u00e1ci\u00f3kat a r\u00e9tegrendszerekr\u0151l az adott r\u00e9teg oldal\u00e1n tal\u00e1l. <\/p><\/div><\/div>\n<\/div><\/div>\n\n\n\n<div class=\"wp-block-qubely-column qubely-column qubely-column-front qubely-block-0fa438\"><div class=\"qubely-column-inner\">\n<div class=\"wp-block-qubely-image qubely-block-5a40be\"><div class=\"qubely-block-image  qubely-image-layout-simple\"><div class=\"qubely-image-media qubely-vertical-alignment-center qubely-horizontal-alignment-center\"><figure><div class=\"qubely-image-container\"><img decoding=\"async\" class=\"qubely-image-image\" src=\"https:\/\/www.eifeler-austria.com\/hu\/wp-content\/uploads\/sites\/3\/2025\/04\/attekintes-eifeler-pvd-bevonatok-hero.png\" srcset=\"https:\/\/www.eifeler-austria.com\/hu\/wp-content\/uploads\/sites\/3\/2025\/04\/attekintes-eifeler-pvd-bevonatok-hero.png 1x, https:\/\/www.eifeler-austria.com\/hu\/wp-content\/uploads\/sites\/3\/2025\/04\/attekintes-eifeler-pvd-bevonatok-hero@2x.png 2x\" alt=\"Eifeler PVD-bevonatok \u00e1ttekint\u0151 t\u00e1bl\u00e1zata\"\/><\/div><\/figure><\/div><\/div><\/div>\n<\/div><\/div>\n<\/div><\/div><\/div>\n\n\n\n","protected":false},"excerpt":{"rendered":"","protected":false},"author":7,"featured_media":0,"parent":303,"menu_order":0,"comment_status":"closed","ping_status":"closed","template":"","meta":{"qubely_global_settings":"","qubely_interactions":"","footnotes":""},"class_list":["post-436","page","type-page","status-publish","hentry"],"blocksy_meta":{"vertical_spacing_source":"custom","content_area_spacing":"none","background":{"background_type":"color","background_pattern":"type-1","background_image":{"attachment_id":null,"x":0,"y":0},"gradient":"linear-gradient(135deg,rgba(6,147,227,1) 0%,rgb(155,81,224) 100%)","background_repeat":"repeat","background_size":"auto","background_attachment":"scroll","patternColor":{"default":{"color":"#e5e7ea"}},"overlayColor":{"default":{"color":"CT_CSS_SKIP_RULE"}},"backgroundColor":{"default":{"color":"var(--theme-palette-color-1)"}}},"styles_descriptor":{"styles":{"desktop":"[data-prefix=\"single_page\"] {background-color:var(--theme-palette-color-1);background-image:none;}","tablet":"","mobile":""},"google_fonts":[],"version":6}},"yoast_head":"<!-- This site is optimized with the Yoast SEO plugin v26.6 - https:\/\/yoast.com\/wordpress\/plugins\/seo\/ -->\n<title>Eifeler PVD-bevonatrendszerek \u00e1ttekint\u00e9se | Eifeler cs\u00facstechnol\u00f3gi\u00e1s bevonatok<\/title>\n<meta name=\"description\" content=\"PVD-bevonatmegold\u00e1saink t\u00e1bl\u00e1zatos \u00e1ttekint\u00e9se.\" \/>\n<meta name=\"robots\" content=\"index, follow, max-snippet:-1, max-image-preview:large, max-video-preview:-1\" \/>\n<link rel=\"canonical\" href=\"https:\/\/www.eifeler-austria.com\/hu\/pvd-bevonat\/pvd-bevonatok-tablazat\/\" \/>\n<meta property=\"og:locale\" content=\"de_DE\" \/>\n<meta property=\"og:type\" content=\"article\" \/>\n<meta property=\"og:title\" content=\"Eifeler PVD-bevonatrendszerek \u00e1ttekint\u00e9se | Eifeler cs\u00facstechnol\u00f3gi\u00e1s bevonatok\" \/>\n<meta property=\"og:description\" content=\"PVD-bevonatmegold\u00e1saink t\u00e1bl\u00e1zatos \u00e1ttekint\u00e9se.\" \/>\n<meta property=\"og:url\" content=\"https:\/\/www.eifeler-austria.com\/hu\/pvd-bevonat\/pvd-bevonatok-tablazat\/\" \/>\n<meta property=\"og:site_name\" content=\"Eifeler cs\u00facstechnol\u00f3gi\u00e1s bevonatok\" \/>\n<meta property=\"article:modified_time\" content=\"2025-05-06T15:47:51+00:00\" \/>\n<meta property=\"og:image\" content=\"https:\/\/www.eifeler-austria.com\/hu\/wp-content\/uploads\/sites\/3\/2025\/04\/attekintes-eifeler-pvd-bevonatok-hero.png\" \/>\n<meta name=\"twitter:card\" content=\"summary_large_image\" \/>\n<meta name=\"twitter:label1\" content=\"Gesch\u00e4tzte Lesezeit\" \/>\n\t<meta name=\"twitter:data1\" content=\"1\u00a0Minute\" \/>\n<script type=\"application\/ld+json\" class=\"yoast-schema-graph\">{\"@context\":\"https:\/\/schema.org\",\"@graph\":[{\"@type\":\"WebPage\",\"@id\":\"https:\/\/www.eifeler-austria.com\/hu\/pvd-bevonat\/pvd-bevonatok-tablazat\/\",\"url\":\"https:\/\/www.eifeler-austria.com\/hu\/pvd-bevonat\/pvd-bevonatok-tablazat\/\",\"name\":\"Eifeler PVD-bevonatrendszerek \u00e1ttekint\u00e9se | Eifeler cs\u00facstechnol\u00f3gi\u00e1s bevonatok\",\"isPartOf\":{\"@id\":\"https:\/\/www.eifeler-austria.com\/hu\/#website\"},\"primaryImageOfPage\":{\"@id\":\"https:\/\/www.eifeler-austria.com\/hu\/pvd-bevonat\/pvd-bevonatok-tablazat\/#primaryimage\"},\"image\":{\"@id\":\"https:\/\/www.eifeler-austria.com\/hu\/pvd-bevonat\/pvd-bevonatok-tablazat\/#primaryimage\"},\"thumbnailUrl\":\"https:\/\/www.eifeler-austria.com\/hu\/wp-content\/uploads\/sites\/3\/2025\/04\/attekintes-eifeler-pvd-bevonatok-hero.png\",\"datePublished\":\"2025-04-22T18:03:02+00:00\",\"dateModified\":\"2025-05-06T15:47:51+00:00\",\"description\":\"PVD-bevonatmegold\u00e1saink t\u00e1bl\u00e1zatos \u00e1ttekint\u00e9se.\",\"breadcrumb\":{\"@id\":\"https:\/\/www.eifeler-austria.com\/hu\/pvd-bevonat\/pvd-bevonatok-tablazat\/#breadcrumb\"},\"inLanguage\":\"de\",\"potentialAction\":[{\"@type\":\"ReadAction\",\"target\":[\"https:\/\/www.eifeler-austria.com\/hu\/pvd-bevonat\/pvd-bevonatok-tablazat\/\"]}]},{\"@type\":\"ImageObject\",\"inLanguage\":\"de\",\"@id\":\"https:\/\/www.eifeler-austria.com\/hu\/pvd-bevonat\/pvd-bevonatok-tablazat\/#primaryimage\",\"url\":\"https:\/\/www.eifeler-austria.com\/hu\/wp-content\/uploads\/sites\/3\/2025\/04\/attekintes-eifeler-pvd-bevonatok-hero.png\",\"contentUrl\":\"https:\/\/www.eifeler-austria.com\/hu\/wp-content\/uploads\/sites\/3\/2025\/04\/attekintes-eifeler-pvd-bevonatok-hero.png\",\"width\":760,\"height\":441},{\"@type\":\"BreadcrumbList\",\"@id\":\"https:\/\/www.eifeler-austria.com\/hu\/pvd-bevonat\/pvd-bevonatok-tablazat\/#breadcrumb\",\"itemListElement\":[{\"@type\":\"ListItem\",\"position\":1,\"name\":\"Startseite\",\"item\":\"https:\/\/www.eifeler-austria.com\/hu\/\"},{\"@type\":\"ListItem\",\"position\":2,\"name\":\"PVD Schichtsysteme 2\",\"item\":\"https:\/\/www.eifeler-austria.com\/hu\/pvd-bevonat\/\"},{\"@type\":\"ListItem\",\"position\":3,\"name\":\"\u00dcbersicht PVD Schichtsysteme\"}]},{\"@type\":\"WebSite\",\"@id\":\"https:\/\/www.eifeler-austria.com\/hu\/#website\",\"url\":\"https:\/\/www.eifeler-austria.com\/hu\/\",\"name\":\"Eifeler cs\u00facstechnol\u00f3gi\u00e1s bevonatok\",\"description\":\"Cs\u00facstechnol\u00f3gi\u00e1s bevonatok\",\"publisher\":{\"@id\":\"https:\/\/www.eifeler-austria.com\/hu\/#organization\"},\"potentialAction\":[{\"@type\":\"SearchAction\",\"target\":{\"@type\":\"EntryPoint\",\"urlTemplate\":\"https:\/\/www.eifeler-austria.com\/hu\/?s={search_term_string}\"},\"query-input\":{\"@type\":\"PropertyValueSpecification\",\"valueRequired\":true,\"valueName\":\"search_term_string\"}}],\"inLanguage\":\"de\"},{\"@type\":\"Organization\",\"@id\":\"https:\/\/www.eifeler-austria.com\/hu\/#organization\",\"name\":\"Eifeler cs\u00facstechnol\u00f3gi\u00e1s bevonatok\",\"url\":\"https:\/\/www.eifeler-austria.com\/hu\/\",\"logo\":{\"@type\":\"ImageObject\",\"inLanguage\":\"de\",\"@id\":\"https:\/\/www.eifeler-austria.com\/hu\/#\/schema\/logo\/image\/\",\"url\":\"https:\/\/www.eifeler-austria.com\/hu\/wp-content\/uploads\/sites\/3\/2025\/04\/eifeler-csucstechnologias-bevonatok.svg\",\"contentUrl\":\"https:\/\/www.eifeler-austria.com\/hu\/wp-content\/uploads\/sites\/3\/2025\/04\/eifeler-csucstechnologias-bevonatok.svg\",\"width\":186,\"height\":30,\"caption\":\"Eifeler cs\u00facstechnol\u00f3gi\u00e1s bevonatok\"},\"image\":{\"@id\":\"https:\/\/www.eifeler-austria.com\/hu\/#\/schema\/logo\/image\/\"}}]}<\/script>\n<!-- \/ Yoast SEO plugin. -->","yoast_head_json":{"title":"Eifeler PVD-bevonatrendszerek \u00e1ttekint\u00e9se | Eifeler cs\u00facstechnol\u00f3gi\u00e1s bevonatok","description":"PVD-bevonatmegold\u00e1saink t\u00e1bl\u00e1zatos \u00e1ttekint\u00e9se.","robots":{"index":"index","follow":"follow","max-snippet":"max-snippet:-1","max-image-preview":"max-image-preview:large","max-video-preview":"max-video-preview:-1"},"canonical":"https:\/\/www.eifeler-austria.com\/hu\/pvd-bevonat\/pvd-bevonatok-tablazat\/","og_locale":"de_DE","og_type":"article","og_title":"Eifeler PVD-bevonatrendszerek \u00e1ttekint\u00e9se | Eifeler cs\u00facstechnol\u00f3gi\u00e1s bevonatok","og_description":"PVD-bevonatmegold\u00e1saink t\u00e1bl\u00e1zatos \u00e1ttekint\u00e9se.","og_url":"https:\/\/www.eifeler-austria.com\/hu\/pvd-bevonat\/pvd-bevonatok-tablazat\/","og_site_name":"Eifeler cs\u00facstechnol\u00f3gi\u00e1s bevonatok","article_modified_time":"2025-05-06T15:47:51+00:00","og_image":[{"url":"https:\/\/www.eifeler-austria.com\/hu\/wp-content\/uploads\/sites\/3\/2025\/04\/attekintes-eifeler-pvd-bevonatok-hero.png","type":"","width":"","height":""}],"twitter_card":"summary_large_image","twitter_misc":{"Gesch\u00e4tzte Lesezeit":"1\u00a0Minute"},"schema":{"@context":"https:\/\/schema.org","@graph":[{"@type":"WebPage","@id":"https:\/\/www.eifeler-austria.com\/hu\/pvd-bevonat\/pvd-bevonatok-tablazat\/","url":"https:\/\/www.eifeler-austria.com\/hu\/pvd-bevonat\/pvd-bevonatok-tablazat\/","name":"Eifeler PVD-bevonatrendszerek \u00e1ttekint\u00e9se | Eifeler cs\u00facstechnol\u00f3gi\u00e1s bevonatok","isPartOf":{"@id":"https:\/\/www.eifeler-austria.com\/hu\/#website"},"primaryImageOfPage":{"@id":"https:\/\/www.eifeler-austria.com\/hu\/pvd-bevonat\/pvd-bevonatok-tablazat\/#primaryimage"},"image":{"@id":"https:\/\/www.eifeler-austria.com\/hu\/pvd-bevonat\/pvd-bevonatok-tablazat\/#primaryimage"},"thumbnailUrl":"https:\/\/www.eifeler-austria.com\/hu\/wp-content\/uploads\/sites\/3\/2025\/04\/attekintes-eifeler-pvd-bevonatok-hero.png","datePublished":"2025-04-22T18:03:02+00:00","dateModified":"2025-05-06T15:47:51+00:00","description":"PVD-bevonatmegold\u00e1saink t\u00e1bl\u00e1zatos \u00e1ttekint\u00e9se.","breadcrumb":{"@id":"https:\/\/www.eifeler-austria.com\/hu\/pvd-bevonat\/pvd-bevonatok-tablazat\/#breadcrumb"},"inLanguage":"de","potentialAction":[{"@type":"ReadAction","target":["https:\/\/www.eifeler-austria.com\/hu\/pvd-bevonat\/pvd-bevonatok-tablazat\/"]}]},{"@type":"ImageObject","inLanguage":"de","@id":"https:\/\/www.eifeler-austria.com\/hu\/pvd-bevonat\/pvd-bevonatok-tablazat\/#primaryimage","url":"https:\/\/www.eifeler-austria.com\/hu\/wp-content\/uploads\/sites\/3\/2025\/04\/attekintes-eifeler-pvd-bevonatok-hero.png","contentUrl":"https:\/\/www.eifeler-austria.com\/hu\/wp-content\/uploads\/sites\/3\/2025\/04\/attekintes-eifeler-pvd-bevonatok-hero.png","width":760,"height":441},{"@type":"BreadcrumbList","@id":"https:\/\/www.eifeler-austria.com\/hu\/pvd-bevonat\/pvd-bevonatok-tablazat\/#breadcrumb","itemListElement":[{"@type":"ListItem","position":1,"name":"Startseite","item":"https:\/\/www.eifeler-austria.com\/hu\/"},{"@type":"ListItem","position":2,"name":"PVD Schichtsysteme 2","item":"https:\/\/www.eifeler-austria.com\/hu\/pvd-bevonat\/"},{"@type":"ListItem","position":3,"name":"\u00dcbersicht PVD Schichtsysteme"}]},{"@type":"WebSite","@id":"https:\/\/www.eifeler-austria.com\/hu\/#website","url":"https:\/\/www.eifeler-austria.com\/hu\/","name":"Eifeler cs\u00facstechnol\u00f3gi\u00e1s bevonatok","description":"Cs\u00facstechnol\u00f3gi\u00e1s bevonatok","publisher":{"@id":"https:\/\/www.eifeler-austria.com\/hu\/#organization"},"potentialAction":[{"@type":"SearchAction","target":{"@type":"EntryPoint","urlTemplate":"https:\/\/www.eifeler-austria.com\/hu\/?s={search_term_string}"},"query-input":{"@type":"PropertyValueSpecification","valueRequired":true,"valueName":"search_term_string"}}],"inLanguage":"de"},{"@type":"Organization","@id":"https:\/\/www.eifeler-austria.com\/hu\/#organization","name":"Eifeler cs\u00facstechnol\u00f3gi\u00e1s bevonatok","url":"https:\/\/www.eifeler-austria.com\/hu\/","logo":{"@type":"ImageObject","inLanguage":"de","@id":"https:\/\/www.eifeler-austria.com\/hu\/#\/schema\/logo\/image\/","url":"https:\/\/www.eifeler-austria.com\/hu\/wp-content\/uploads\/sites\/3\/2025\/04\/eifeler-csucstechnologias-bevonatok.svg","contentUrl":"https:\/\/www.eifeler-austria.com\/hu\/wp-content\/uploads\/sites\/3\/2025\/04\/eifeler-csucstechnologias-bevonatok.svg","width":186,"height":30,"caption":"Eifeler cs\u00facstechnol\u00f3gi\u00e1s bevonatok"},"image":{"@id":"https:\/\/www.eifeler-austria.com\/hu\/#\/schema\/logo\/image\/"}}]}},"_links":{"self":[{"href":"https:\/\/www.eifeler-austria.com\/hu\/wp-json\/wp\/v2\/pages\/436","targetHints":{"allow":["GET"]}}],"collection":[{"href":"https:\/\/www.eifeler-austria.com\/hu\/wp-json\/wp\/v2\/pages"}],"about":[{"href":"https:\/\/www.eifeler-austria.com\/hu\/wp-json\/wp\/v2\/types\/page"}],"author":[{"embeddable":true,"href":"https:\/\/www.eifeler-austria.com\/hu\/wp-json\/wp\/v2\/users\/7"}],"replies":[{"embeddable":true,"href":"https:\/\/www.eifeler-austria.com\/hu\/wp-json\/wp\/v2\/comments?post=436"}],"version-history":[{"count":2,"href":"https:\/\/www.eifeler-austria.com\/hu\/wp-json\/wp\/v2\/pages\/436\/revisions"}],"predecessor-version":[{"id":555,"href":"https:\/\/www.eifeler-austria.com\/hu\/wp-json\/wp\/v2\/pages\/436\/revisions\/555"}],"up":[{"embeddable":true,"href":"https:\/\/www.eifeler-austria.com\/hu\/wp-json\/wp\/v2\/pages\/303"}],"wp:attachment":[{"href":"https:\/\/www.eifeler-austria.com\/hu\/wp-json\/wp\/v2\/media?parent=436"}],"curies":[{"name":"wp","href":"https:\/\/api.w.org\/{rel}","templated":true}]}}