{"id":445,"date":"2025-04-22T20:24:51","date_gmt":"2025-04-22T18:24:51","guid":{"rendered":"https:\/\/www.eifeler-austria.com\/hu\/?page_id=445"},"modified":"2025-04-22T20:24:52","modified_gmt":"2025-04-22T18:24:52","slug":"fenntarthatosag-bevonatok-2","status":"publish","type":"page","link":"https:\/\/www.eifeler-austria.com\/hu\/fenntarthatosag-bevonatok-2\/","title":{"rendered":"Nachhaltigkeit 2"},"content":{"rendered":"\n<div class=\"wp-block-qubely-row alignfull qubely-section qubely-block-4d2b7f\"><div class=\"qubely-row-overlay\"><\/div><div class=\"qubely-container-fluid\"><div class=\"qubely-row \">\n<div class=\"wp-block-qubely-column qubely-column qubely-column-front qubely-block-1d7648\"><div class=\"qubely-column-inner\"><\/div><\/div>\n\n\n\n<div class=\"wp-block-qubely-column qubely-column qubely-column-front qubely-block-18506b\"><div class=\"qubely-column-inner\">\n<div class=\"wp-block-qubely-text qubely-block-81820a\"><div class=\"qubely-block-text  \"><div class=\"qubely-block-text-title-container  qubely-separator-position-top\"><div class=\"qubely-block-text-title-inner\"><h1 class=\"qubely-block-text-title\"><span style=\"color: var(--theme-palette-color-8, #ffffff);\" class=\"stk-highlight\"><br>Fenntarthat\u00f3bb<\/span><span style=\"color: var(--theme-palette-color-2, #006098);\" class=\"stk-highlight\">.<\/span><\/h1><\/div><\/div><p><span style=\"color: var(--theme-palette-color-8, #ffffff);\" class=\"stk-highlight\">A bevonatol\u00e1sn\u00e1l csak a t\u00f6k\u00e9letes eredm\u00e9ny sz\u00e1m\u00edt? Sz\u00e1munkra az er\u0151forr\u00e1sok felel\u0151ss\u00e9gteljes haszn\u00e1lata is fontos! \u00dajfajta bevonattechnol\u00f3gi\u00e1ink egy\u00e9rtelm\u0171, mindenkinek el\u0151ny\u00f6s szitu\u00e1ci\u00f3t teremtenek a fenntarthat\u00f3s\u00e1g \u00e9s az energiahat\u00e9konys\u00e1g ter\u00e9n. Mindenki nyer: gy\u00e1rt\u00f3k, felhaszn\u00e1l\u00f3k \u00e9s az eg\u00e9sz k\u00f6rnyezet is\u2026 <\/span><\/p><\/div><\/div>\n\n\n\n<div class=\"wp-block-qubely-text qubely-block-ffb539\"><div class=\"qubely-block-text  \"><div class=\"qubely-block-text-title-container  qubely-separator-position-top\"><div class=\"qubely-block-text-title-inner\"><h1 class=\"qubely-block-text-title\"><span style=\"color: var(--theme-palette-color-8, #ffffff);\" class=\"stk-highlight\">Fenntarthat\u00f3bb<\/span><span style=\"color: var(--theme-palette-color-2, #006098);\" class=\"stk-highlight\">.<\/span><\/h1><\/div><\/div><p><span style=\"color: var(--theme-palette-color-8, #ffffff);\" class=\"stk-highlight\">A bevonatol\u00e1sn\u00e1l csak a t\u00f6k\u00e9letes eredm\u00e9ny sz\u00e1m\u00edt? Sz\u00e1munkra az er\u0151forr\u00e1sok felel\u0151ss\u00e9gteljes haszn\u00e1lata is fontos! \u00dajfajta bevonattechnol\u00f3gi\u00e1ink egy\u00e9rtelm\u0171, mindenkinek el\u0151ny\u00f6s szitu\u00e1ci\u00f3t teremtenek a fenntarthat\u00f3s\u00e1g \u00e9s az energiahat\u00e9konys\u00e1g ter\u00e9n. Mindenki nyer: gy\u00e1rt\u00f3k, felhaszn\u00e1l\u00f3k \u00e9s az eg\u00e9sz k\u00f6rnyezet is\u2026<\/span><\/p><\/div><\/div>\n<\/div><\/div>\n\n\n\n<div class=\"wp-block-qubely-column qubely-column qubely-column-front qubely-block-aa8304\"><div class=\"qubely-column-inner\"><\/div><\/div>\n<\/div><\/div><\/div>\n\n\n\n<div class=\"wp-block-qubely-row alignfull qubely-section qubely-block-a97914\"><div class=\"qubely-row-overlay\"><\/div><div class=\"qubely-container-fluid\"><div class=\"qubely-row \">\n<div class=\"wp-block-qubely-column qubely-column qubely-column-front qubely-block-343a3a\"><div class=\"qubely-column-inner\">\n<div class=\"wp-block-qubely-infobox qubely-block-1f8b08\"><div class=\"qubely-block-info-box  qubely-info-box-layout-1\"><div class=\"qubely-info-box-media\"><i class=\"qubely-info-box-icon fas fa-leaf\"><\/i><\/div><div class=\"qubely-info-box-body\"><div class=\"qubely-info-box-title-container  qubely-separator-position-top\"><div class=\"qubely-info-box-title-inner\"><h6 class=\"qubely-info-box-title\">ELJ\u00c1R\u00c1SOK<\/h6><\/div><\/div><div class=\"qubely-info-box-content\"><div class=\"qubely-info-box-text\"><\/div><\/div><\/div><\/div><\/div>\n<\/div><\/div>\n\n\n\n<div class=\"wp-block-qubely-column qubely-column qubely-column-front qubely-block-f7a7f2\"><div class=\"qubely-column-inner\">\n<div class=\"wp-block-qubely-heading qubely-block-46f688\" id=\"2-hightech-beschichtungen--\"><div class=\"qubely-block-heading  \"><div class=\"qubely-heading-container\"><h2 class=\"qubely-heading-selector\">Tiszta \u00e9s k\u00f6rnyezetbar\u00e1t bevonatol\u00e1si elj\u00e1r\u00e1sok.<\/h2><\/div><\/div><\/div>\n\n\n\n<div class=\"wp-block-qubely-text qubely-block-422eb0\"><div class=\"qubely-block-text  \"><p>A bevonatok a k\u00f6rnyezet sz\u00e1m\u00e1ra is kifizet\u0151d\u0151ek. Optim\u00e1lis kop\u00e1sv\u00e9delem? Azaz m\u00e9rs\u00e9kelt er\u0151forr\u00e1s-felhaszn\u00e1l\u00e1s \u00e9s kevesebb hullad\u00e9k! Jobb cs\u00fasz\u00f3k\u00e9pess\u00e9g, magasabb teljes\u00edtm\u00e9ny? Azaz alacsonyabb energiafelhaszn\u00e1l\u00e1s! Maga a bevonatol\u00e1si folyamat is k\u00f6rnyezetbar\u00e1t. A t\u00f6bbi bevonattechnol\u00f3gi\u00e1val ellent\u00e9tben pl. a PVD-elj\u00e1r\u00e1sn\u00e1l az alacsonyabb bevonatol\u00e1si h\u0151m\u00e9rs\u00e9klet miatt m\u00e1r kevesebb energiafelhaszn\u00e1l\u00e1s sz\u00fcks\u00e9ges. Az elj\u00e1r\u00e1s \u00e1ltal\u00e1ban nagyon tiszta, semmilyen m\u00f3don nem terheli a k\u00f6rnyezetet. <\/p><\/div><\/div>\n<\/div><\/div>\n\n\n\n<div class=\"wp-block-qubely-column qubely-column qubely-column-front qubely-block-d35fba\"><div class=\"qubely-column-inner\"><\/div><\/div>\n<\/div><\/div><\/div>\n\n\n\n<div class=\"wp-block-qubely-row alignfull qubely-section qubely-block-a56ef7\"><div class=\"qubely-row-overlay\"><\/div><div class=\"qubely-container-fluid\"><div class=\"qubely-row \">\n<div class=\"wp-block-qubely-column qubely-column qubely-column-front qubely-block-7c0dc4\"><div class=\"qubely-column-inner\">\n<div class=\"wp-block-qubely-infobox qubely-block-61e3c1\"><div class=\"qubely-block-info-box  qubely-info-box-layout-1\"><div class=\"qubely-info-box-media\"><i class=\"qubely-info-box-icon fas fa-leaf\"><\/i><\/div><div class=\"qubely-info-box-body\"><div class=\"qubely-info-box-title-container  qubely-separator-position-top\"><div class=\"qubely-info-box-title-inner\"><h6 class=\"qubely-info-box-title\">TAN\u00c1CSAD\u00c1S<\/h6><\/div><\/div><div class=\"qubely-info-box-content\"><div class=\"qubely-info-box-text\"><\/div><\/div><\/div><\/div><\/div>\n<\/div><\/div>\n\n\n\n<div class=\"wp-block-qubely-column qubely-column qubely-column-front qubely-block-9dc89f\"><div class=\"qubely-column-inner\">\n<div class=\"wp-block-qubely-heading qubely-block-e360d9\" id=\"17-latest-news--\"><div class=\"qubely-block-heading  \"><div class=\"qubely-heading-container\"><h2 class=\"qubely-heading-selector\">Megtakar\u00edt\u00e1s alternat\u00edv elj\u00e1r\u00e1sokkal.<\/h2><\/div><\/div><\/div>\n\n\n\n<div class=\"wp-block-qubely-text qubely-block-7e9344\"><div class=\"qubely-block-text  \"><p>Az er\u0151forr\u00e1sok k\u00edm\u00e9letes kezel\u00e9se sz\u00e1munkra azt is jelenti, hogy az \u00fcgyf\u00e9ltan\u00e1csad\u00e1s sor\u00e1n megtakar\u00edt\u00e1si lehet\u0151s\u00e9geket mutatunk be, legyen sz\u00f3 k\u00f6lts\u00e9gekr\u0151l, id\u0151r\u0151l vagy energi\u00e1r\u00f3l. Mert n\u00e9ha m\u00e1r alacsonyabb h\u0151m\u00e9rs\u00e9kleten is el\u00e9rhet\u0151 ugyanaz a v\u00e9geredm\u00e9ny. Vagy egy m\u00e1sik elj\u00e1r\u00e1ssal. C\u00e9lunk: agilisan \u00e9s szem\u00e9lyre szabottan reag\u00e1lni az \u00d6n ig\u00e9nyeire. Tov\u00e1bb\u00e1 \u00faj, gyakran t\u00f6bb energi\u00e1t megtakar\u00edt\u00f3 folyamatokat k\u00edn\u00e1lni alternat\u00edvak\u00e9nt a hagyom\u00e1nyos bevonatol\u00e1si m\u00f3dszerek mellett. <\/p><\/div><\/div>\n<\/div><\/div>\n\n\n\n<div class=\"wp-block-qubely-column qubely-column qubely-column-front qubely-block-62ccd9\"><div class=\"qubely-column-inner\"><\/div><\/div>\n<\/div><\/div><\/div>\n\n\n\n<div class=\"wp-block-qubely-row alignfull qubely-section qubely-block-6d6923\"><div class=\"qubely-row-overlay\"><\/div><div class=\"qubely-container-fluid\"><div class=\"qubely-row \">\n<div class=\"wp-block-qubely-column qubely-column qubely-column-front qubely-block-7b4ef2\"><div class=\"qubely-column-inner\">\n<div class=\"wp-block-qubely-infobox qubely-block-41a02b\"><div class=\"qubely-block-info-box  qubely-info-box-layout-1\"><div class=\"qubely-info-box-media\"><i class=\"qubely-info-box-icon fas fa-leaf\"><\/i><\/div><div class=\"qubely-info-box-body\"><div class=\"qubely-info-box-title-container  qubely-separator-position-top\"><div class=\"qubely-info-box-title-inner\"><h6 class=\"qubely-info-box-title\">\u00daJRAFELHASZN\u00c1L\u00c1S<\/h6><\/div><\/div><div class=\"qubely-info-box-content\"><div class=\"qubely-info-box-text\"><\/div><\/div><\/div><\/div><\/div>\n<\/div><\/div>\n\n\n\n<div class=\"wp-block-qubely-column qubely-column qubely-column-front qubely-block-4974df\"><div class=\"qubely-column-inner\">\n<div class=\"wp-block-qubely-heading qubely-block-91bcc0\" id=\"2-hightech-beschichtungen--\"><div class=\"qubely-block-heading  \"><div class=\"qubely-heading-container\"><h2 class=\"qubely-heading-selector\">A r\u00e9gib\u0151l \u00faj lesz: az er\u0151forr\u00e1sok megk\u00edm\u00e9l\u00e9se \u00fajrabevonatol\u00e1ssal.<\/h2><\/div><\/div><\/div>\n\n\n\n<div class=\"wp-block-qubely-text qubely-block-b0d49d\"><div class=\"qubely-block-text  \"><p>A m\u00e1r megl\u00e9v\u0151 anyagok \u00fajrahasznos\u00edt\u00e1sa vagy ism\u00e9telt felhaszn\u00e1l\u00e1sa term\u00e9szetesen cs\u00f6kkenti a nyersanyagok felhaszn\u00e1l\u00e1s\u00e1t. Mivel tudunk ehhez mi hozz\u00e1j\u00e1rulni? \u00dajrabevonatol\u00e1ssal, azaz olyan bevont szersz\u00e1mok \u00e9s munkadarabok professzion\u00e1lis fel\u00faj\u00edt\u00e1s\u00e1val, amelyek m\u00e1r a gy\u00e1rt\u00e1si folyamatban vannak! Ehhez a szersz\u00e1m fel\u00fclet\u00e9t optimaliz\u00e1lj\u00e1k, bevonatmentes\u00edtik \u00e9s\/vagy pol\u00edrozz\u00e1k. Ezut\u00e1n egy kiv\u00e1l\u00f3 min\u0151s\u00e9g\u0171, \u00faj Eifeler-bevonattal l\u00e1tj\u00e1k el. A r\u00e9gib\u0151l \u00faj lesz \u2013 az er\u0151forr\u00e1sok k\u00edm\u00e9letes kezel\u00e9se mellett!  <\/p><\/div><\/div>\n<\/div><\/div>\n\n\n\n<div class=\"wp-block-qubely-column qubely-column qubely-column-front qubely-block-4aae9d\"><div class=\"qubely-column-inner\"><\/div><\/div>\n<\/div><\/div><\/div>\n\n\n\n<div class=\"wp-block-qubely-row alignfull qubely-section qubely-block-b15aca\"><div class=\"qubely-row-overlay\"><\/div><div class=\"qubely-container-fluid\"><div class=\"qubely-row \">\n<div class=\"wp-block-qubely-column qubely-column qubely-column-front qubely-block-c7ad26\"><div class=\"qubely-column-inner\">\n<div class=\"wp-block-qubely-infobox qubely-block-a039ca\"><div class=\"qubely-block-info-box  qubely-info-box-layout-1\"><div class=\"qubely-info-box-media\"><i class=\"qubely-info-box-icon fas fa-leaf\"><\/i><\/div><div class=\"qubely-info-box-body\"><div class=\"qubely-info-box-title-container  qubely-separator-position-top\"><div class=\"qubely-info-box-title-inner\"><h6 class=\"qubely-info-box-title\">SZOLG\u00c1LTAT\u00c1SOK<\/h6><\/div><\/div><div class=\"qubely-info-box-content\"><div class=\"qubely-info-box-text\"><\/div><\/div><\/div><\/div><\/div>\n<\/div><\/div>\n\n\n\n<div class=\"wp-block-qubely-column qubely-column qubely-column-front qubely-block-8f9ba5\"><div class=\"qubely-column-inner\">\n<div class=\"wp-block-qubely-heading qubely-block-dd501b\" id=\"2-hightech-beschichtungen--\"><div class=\"qubely-block-heading  \"><div class=\"qubely-heading-container\"><h2 class=\"qubely-heading-selector\">Szolg\u00e1ltat\u00e1sok k\u00f6rnyezetv\u00e9delmi extr\u00e1kkal.<\/h2><\/div><\/div><\/div>\n\n\n\n<div class=\"wp-block-qubely-text qubely-block-76fd05\"><div class=\"qubely-block-text  \"><p>Munkadarabjai megfelel\u0151en v\u00e9dett sz\u00e1ll\u00edt\u00e1sa sor\u00e1n hatalmas mennyis\u00e9g\u0171 csomagol\u00e1si hullad\u00e9k keletkezik? De nem a mi \u00fajrahaszn\u00e1lhat\u00f3 sz\u00e1ll\u00edt\u00f3dobozainkkal, amelyek rugalmasan alkalmazkodnak minden t\u00e9telnagys\u00e1ghoz. \u00cdgy dupl\u00e1n cs\u00f6kken a csomagol\u00f3anyag mennyis\u00e9ge, \u00d6n\u00f6kn\u00e9l \u00e9s n\u00e1lunk is. Az opcion\u00e1lis felv\u00e9teli szolg\u00e1ltat\u00e1sunkkal pedig az \u00f6n\u00e1ll\u00f3 sz\u00e1ll\u00edt\u00e1shoz k\u00e9pest sok felesleges utaz\u00e1s \u00e9s \u00fcres kilom\u00e9ter takar\u00edthat\u00f3 meg! \u00datvonalaink ment\u00e9n egyik v\u00e1llalatot a m\u00e1sik ut\u00e1n keress\u00fck fel. Sz\u00e1ll\u00edt\u00e1s \u00e9s kezel\u00e9s \u2013 teljes m\u00e9rt\u00e9kben k\u00e9nyelmes \u00e9s k\u00f6rnyezetbar\u00e1t.   <\/p><\/div><\/div>\n<\/div><\/div>\n\n\n\n<div class=\"wp-block-qubely-column qubely-column qubely-column-front qubely-block-c25bb5\"><div class=\"qubely-column-inner\"><\/div><\/div>\n<\/div><\/div><\/div>\n\n\n\n<div class=\"wp-block-qubely-row alignfull qubely-section qubely-block-19c4dc\"><div class=\"qubely-row-overlay\"><\/div><div class=\"qubely-container-fluid\"><div class=\"qubely-row \">\n<div class=\"wp-block-qubely-column qubely-column qubely-column-front qubely-block-839df3\"><div class=\"qubely-column-inner\">\n<div class=\"wp-block-qubely-infobox qubely-block-36b7da\"><div class=\"qubely-block-info-box  qubely-info-box-layout-1\"><div class=\"qubely-info-box-media\"><i class=\"qubely-info-box-icon fas fa-leaf\"><\/i><\/div><div class=\"qubely-info-box-body\"><div class=\"qubely-info-box-title-container  qubely-separator-position-top\"><div class=\"qubely-info-box-title-inner\"><h6 class=\"qubely-info-box-title\">FOLYAMATOK<\/h6><\/div><\/div><div class=\"qubely-info-box-content\"><div class=\"qubely-info-box-text\"><\/div><\/div><\/div><\/div><\/div>\n<\/div><\/div>\n\n\n\n<div class=\"wp-block-qubely-column qubely-column qubely-column-front qubely-block-3599ca\"><div class=\"qubely-column-inner\">\n<div class=\"wp-block-qubely-heading qubely-block-0b6e6b\" id=\"2-hightech-beschichtungen--\"><div class=\"qubely-block-heading  \"><div class=\"qubely-heading-container\"><h2 class=\"qubely-heading-selector\">Hat\u00e9kony energiafelhaszn\u00e1l\u00e1s a gy\u00e1rt\u00e1sban.<\/h2><\/div><\/div><\/div>\n\n\n\n<div class=\"wp-block-qubely-text qubely-block-1bcdf4\"><div class=\"qubely-block-text  \"><p>Term\u00e9szetesen saj\u00e1t v\u00e1llalatunkn\u00e1l is arra \u00f6sszpontos\u00edtunk, hogy a lehet\u0151 legink\u00e1bb \u201ej\u00f6v\u0151bar\u00e1t\u201d m\u00f3don m\u0171k\u00f6dj\u00fcnk. Teljes energi\u00e1nkat arra ford\u00edtjuk, hogy a bels\u0151 folyamatokat is fenntarthat\u00f3v\u00e1 \u00e9s energiahat\u00e9konny\u00e1 tegy\u00fck. \u00cdgy p\u00e9ld\u00e1ul egy modern h\u0171t\u0151rendszerbe fektett\u00fcnk be, amely \u00e9pp olyan magas teljes\u00edtm\u00e9ny\u0171, mint amennyire energiatakar\u00e9kos.   <\/p><\/div><\/div>\n<\/div><\/div>\n\n\n\n<div class=\"wp-block-qubely-column qubely-column qubely-column-front qubely-block-cfaec5\"><div class=\"qubely-column-inner\"><\/div><\/div>\n<\/div><\/div><\/div>\n","protected":false},"excerpt":{"rendered":"","protected":false},"author":7,"featured_media":0,"parent":0,"menu_order":0,"comment_status":"closed","ping_status":"closed","template":"","meta":{"qubely_global_settings":"","qubely_interactions":"","footnotes":""},"class_list":["post-445","page","type-page","status-publish","hentry"],"blocksy_meta":{"vertical_spacing_source":"custom","content_area_spacing":"none","styles_descriptor":{"styles":{"desktop":"","tablet":"","mobile":""},"google_fonts":[],"version":6}},"yoast_head":"<!-- This site is optimized with the Yoast SEO plugin v26.6 - https:\/\/yoast.com\/wordpress\/plugins\/seo\/ -->\n<title>Fentarthat\u00f3bb bevonatok | Eifeler cs\u00facstechnol\u00f3gi\u00e1s bevonatok<\/title>\n<meta name=\"description\" content=\"Az Eifeler sz\u00e1m\u00e1ra a bevonatol\u00e1s sor\u00e1n a t\u00f6k\u00e9letes eredm\u00e9ny mellett a forr\u00e1sok k\u00edm\u00e9letes kezel\u00e9se is fontos!\" \/>\n<meta name=\"robots\" content=\"index, follow, max-snippet:-1, max-image-preview:large, max-video-preview:-1\" \/>\n<link rel=\"canonical\" href=\"https:\/\/www.eifeler-austria.com\/hu\/fenntarthatosag-bevonatok-2\/\" \/>\n<meta property=\"og:locale\" content=\"de_DE\" \/>\n<meta property=\"og:type\" content=\"article\" \/>\n<meta property=\"og:title\" content=\"Fentarthat\u00f3bb bevonatok | Eifeler cs\u00facstechnol\u00f3gi\u00e1s bevonatok\" \/>\n<meta property=\"og:description\" content=\"Az Eifeler sz\u00e1m\u00e1ra a bevonatol\u00e1s sor\u00e1n a t\u00f6k\u00e9letes eredm\u00e9ny mellett a forr\u00e1sok k\u00edm\u00e9letes kezel\u00e9se is fontos!\" \/>\n<meta property=\"og:url\" content=\"https:\/\/www.eifeler-austria.com\/hu\/fenntarthatosag-bevonatok-2\/\" \/>\n<meta property=\"og:site_name\" content=\"Eifeler cs\u00facstechnol\u00f3gi\u00e1s bevonatok\" \/>\n<meta property=\"article:modified_time\" content=\"2025-04-22T18:24:52+00:00\" \/>\n<meta name=\"twitter:card\" content=\"summary_large_image\" \/>\n<meta name=\"twitter:label1\" content=\"Gesch\u00e4tzte Lesezeit\" \/>\n\t<meta name=\"twitter:data1\" content=\"3\u00a0Minuten\" \/>\n<script type=\"application\/ld+json\" class=\"yoast-schema-graph\">{\"@context\":\"https:\/\/schema.org\",\"@graph\":[{\"@type\":\"WebPage\",\"@id\":\"https:\/\/www.eifeler-austria.com\/hu\/fenntarthatosag-bevonatok-2\/\",\"url\":\"https:\/\/www.eifeler-austria.com\/hu\/fenntarthatosag-bevonatok-2\/\",\"name\":\"Fentarthat\u00f3bb bevonatok | Eifeler cs\u00facstechnol\u00f3gi\u00e1s bevonatok\",\"isPartOf\":{\"@id\":\"https:\/\/www.eifeler-austria.com\/hu\/#website\"},\"datePublished\":\"2025-04-22T18:24:51+00:00\",\"dateModified\":\"2025-04-22T18:24:52+00:00\",\"description\":\"Az Eifeler sz\u00e1m\u00e1ra a bevonatol\u00e1s sor\u00e1n a t\u00f6k\u00e9letes eredm\u00e9ny mellett a forr\u00e1sok k\u00edm\u00e9letes kezel\u00e9se is fontos!\",\"breadcrumb\":{\"@id\":\"https:\/\/www.eifeler-austria.com\/hu\/fenntarthatosag-bevonatok-2\/#breadcrumb\"},\"inLanguage\":\"de\",\"potentialAction\":[{\"@type\":\"ReadAction\",\"target\":[\"https:\/\/www.eifeler-austria.com\/hu\/fenntarthatosag-bevonatok-2\/\"]}]},{\"@type\":\"BreadcrumbList\",\"@id\":\"https:\/\/www.eifeler-austria.com\/hu\/fenntarthatosag-bevonatok-2\/#breadcrumb\",\"itemListElement\":[{\"@type\":\"ListItem\",\"position\":1,\"name\":\"Startseite\",\"item\":\"https:\/\/www.eifeler-austria.com\/hu\/\"},{\"@type\":\"ListItem\",\"position\":2,\"name\":\"Nachhaltigkeit 2\"}]},{\"@type\":\"WebSite\",\"@id\":\"https:\/\/www.eifeler-austria.com\/hu\/#website\",\"url\":\"https:\/\/www.eifeler-austria.com\/hu\/\",\"name\":\"Eifeler cs\u00facstechnol\u00f3gi\u00e1s bevonatok\",\"description\":\"Cs\u00facstechnol\u00f3gi\u00e1s bevonatok\",\"publisher\":{\"@id\":\"https:\/\/www.eifeler-austria.com\/hu\/#organization\"},\"potentialAction\":[{\"@type\":\"SearchAction\",\"target\":{\"@type\":\"EntryPoint\",\"urlTemplate\":\"https:\/\/www.eifeler-austria.com\/hu\/?s={search_term_string}\"},\"query-input\":{\"@type\":\"PropertyValueSpecification\",\"valueRequired\":true,\"valueName\":\"search_term_string\"}}],\"inLanguage\":\"de\"},{\"@type\":\"Organization\",\"@id\":\"https:\/\/www.eifeler-austria.com\/hu\/#organization\",\"name\":\"Eifeler cs\u00facstechnol\u00f3gi\u00e1s bevonatok\",\"url\":\"https:\/\/www.eifeler-austria.com\/hu\/\",\"logo\":{\"@type\":\"ImageObject\",\"inLanguage\":\"de\",\"@id\":\"https:\/\/www.eifeler-austria.com\/hu\/#\/schema\/logo\/image\/\",\"url\":\"https:\/\/www.eifeler-austria.com\/hu\/wp-content\/uploads\/sites\/3\/2025\/04\/eifeler-csucstechnologias-bevonatok.svg\",\"contentUrl\":\"https:\/\/www.eifeler-austria.com\/hu\/wp-content\/uploads\/sites\/3\/2025\/04\/eifeler-csucstechnologias-bevonatok.svg\",\"width\":186,\"height\":30,\"caption\":\"Eifeler cs\u00facstechnol\u00f3gi\u00e1s bevonatok\"},\"image\":{\"@id\":\"https:\/\/www.eifeler-austria.com\/hu\/#\/schema\/logo\/image\/\"}}]}<\/script>\n<!-- \/ Yoast SEO plugin. -->","yoast_head_json":{"title":"Fentarthat\u00f3bb bevonatok | Eifeler cs\u00facstechnol\u00f3gi\u00e1s bevonatok","description":"Az Eifeler sz\u00e1m\u00e1ra a bevonatol\u00e1s sor\u00e1n a t\u00f6k\u00e9letes eredm\u00e9ny mellett a forr\u00e1sok k\u00edm\u00e9letes kezel\u00e9se is fontos!","robots":{"index":"index","follow":"follow","max-snippet":"max-snippet:-1","max-image-preview":"max-image-preview:large","max-video-preview":"max-video-preview:-1"},"canonical":"https:\/\/www.eifeler-austria.com\/hu\/fenntarthatosag-bevonatok-2\/","og_locale":"de_DE","og_type":"article","og_title":"Fentarthat\u00f3bb bevonatok | Eifeler cs\u00facstechnol\u00f3gi\u00e1s bevonatok","og_description":"Az Eifeler sz\u00e1m\u00e1ra a bevonatol\u00e1s sor\u00e1n a t\u00f6k\u00e9letes eredm\u00e9ny mellett a forr\u00e1sok k\u00edm\u00e9letes kezel\u00e9se is fontos!","og_url":"https:\/\/www.eifeler-austria.com\/hu\/fenntarthatosag-bevonatok-2\/","og_site_name":"Eifeler cs\u00facstechnol\u00f3gi\u00e1s bevonatok","article_modified_time":"2025-04-22T18:24:52+00:00","twitter_card":"summary_large_image","twitter_misc":{"Gesch\u00e4tzte Lesezeit":"3\u00a0Minuten"},"schema":{"@context":"https:\/\/schema.org","@graph":[{"@type":"WebPage","@id":"https:\/\/www.eifeler-austria.com\/hu\/fenntarthatosag-bevonatok-2\/","url":"https:\/\/www.eifeler-austria.com\/hu\/fenntarthatosag-bevonatok-2\/","name":"Fentarthat\u00f3bb bevonatok | Eifeler cs\u00facstechnol\u00f3gi\u00e1s bevonatok","isPartOf":{"@id":"https:\/\/www.eifeler-austria.com\/hu\/#website"},"datePublished":"2025-04-22T18:24:51+00:00","dateModified":"2025-04-22T18:24:52+00:00","description":"Az Eifeler sz\u00e1m\u00e1ra a bevonatol\u00e1s sor\u00e1n a t\u00f6k\u00e9letes eredm\u00e9ny mellett a forr\u00e1sok k\u00edm\u00e9letes kezel\u00e9se is fontos!","breadcrumb":{"@id":"https:\/\/www.eifeler-austria.com\/hu\/fenntarthatosag-bevonatok-2\/#breadcrumb"},"inLanguage":"de","potentialAction":[{"@type":"ReadAction","target":["https:\/\/www.eifeler-austria.com\/hu\/fenntarthatosag-bevonatok-2\/"]}]},{"@type":"BreadcrumbList","@id":"https:\/\/www.eifeler-austria.com\/hu\/fenntarthatosag-bevonatok-2\/#breadcrumb","itemListElement":[{"@type":"ListItem","position":1,"name":"Startseite","item":"https:\/\/www.eifeler-austria.com\/hu\/"},{"@type":"ListItem","position":2,"name":"Nachhaltigkeit 2"}]},{"@type":"WebSite","@id":"https:\/\/www.eifeler-austria.com\/hu\/#website","url":"https:\/\/www.eifeler-austria.com\/hu\/","name":"Eifeler cs\u00facstechnol\u00f3gi\u00e1s bevonatok","description":"Cs\u00facstechnol\u00f3gi\u00e1s bevonatok","publisher":{"@id":"https:\/\/www.eifeler-austria.com\/hu\/#organization"},"potentialAction":[{"@type":"SearchAction","target":{"@type":"EntryPoint","urlTemplate":"https:\/\/www.eifeler-austria.com\/hu\/?s={search_term_string}"},"query-input":{"@type":"PropertyValueSpecification","valueRequired":true,"valueName":"search_term_string"}}],"inLanguage":"de"},{"@type":"Organization","@id":"https:\/\/www.eifeler-austria.com\/hu\/#organization","name":"Eifeler cs\u00facstechnol\u00f3gi\u00e1s bevonatok","url":"https:\/\/www.eifeler-austria.com\/hu\/","logo":{"@type":"ImageObject","inLanguage":"de","@id":"https:\/\/www.eifeler-austria.com\/hu\/#\/schema\/logo\/image\/","url":"https:\/\/www.eifeler-austria.com\/hu\/wp-content\/uploads\/sites\/3\/2025\/04\/eifeler-csucstechnologias-bevonatok.svg","contentUrl":"https:\/\/www.eifeler-austria.com\/hu\/wp-content\/uploads\/sites\/3\/2025\/04\/eifeler-csucstechnologias-bevonatok.svg","width":186,"height":30,"caption":"Eifeler cs\u00facstechnol\u00f3gi\u00e1s bevonatok"},"image":{"@id":"https:\/\/www.eifeler-austria.com\/hu\/#\/schema\/logo\/image\/"}}]}},"_links":{"self":[{"href":"https:\/\/www.eifeler-austria.com\/hu\/wp-json\/wp\/v2\/pages\/445","targetHints":{"allow":["GET"]}}],"collection":[{"href":"https:\/\/www.eifeler-austria.com\/hu\/wp-json\/wp\/v2\/pages"}],"about":[{"href":"https:\/\/www.eifeler-austria.com\/hu\/wp-json\/wp\/v2\/types\/page"}],"author":[{"embeddable":true,"href":"https:\/\/www.eifeler-austria.com\/hu\/wp-json\/wp\/v2\/users\/7"}],"replies":[{"embeddable":true,"href":"https:\/\/www.eifeler-austria.com\/hu\/wp-json\/wp\/v2\/comments?post=445"}],"version-history":[{"count":1,"href":"https:\/\/www.eifeler-austria.com\/hu\/wp-json\/wp\/v2\/pages\/445\/revisions"}],"predecessor-version":[{"id":446,"href":"https:\/\/www.eifeler-austria.com\/hu\/wp-json\/wp\/v2\/pages\/445\/revisions\/446"}],"wp:attachment":[{"href":"https:\/\/www.eifeler-austria.com\/hu\/wp-json\/wp\/v2\/media?parent=445"}],"curies":[{"name":"wp","href":"https:\/\/api.w.org\/{rel}","templated":true}]}}